{"id":8083,"date":"2023-09-20T17:15:09","date_gmt":"2023-09-20T15:15:09","guid":{"rendered":"https:\/\/aviatie-mircea-cantacuzino.ro\/?page_id=8083"},"modified":"2023-09-30T11:18:03","modified_gmt":"2023-09-30T09:18:03","slug":"gheorghe-george-bals","status":"publish","type":"page","link":"https:\/\/aviatie-mircea-cantacuzino.ro\/en\/gheorghe-george-bals\/","title":{"rendered":"Gheorghe (George) Bal\u0219"},"content":{"rendered":"<div data-elementor-type=\"wp-page\" data-elementor-id=\"8083\" class=\"elementor elementor-8083\" data-elementor-post-type=\"page\">\n\t\t\t\t\t\t<section class=\"elementor-section elementor-top-section elementor-element elementor-element-8f54170 elementor-section-boxed elementor-section-height-default elementor-section-height-default\" data-id=\"8f54170\" data-element_type=\"section\" data-e-type=\"section\">\n\t\t\t\t\t\t<div class=\"elementor-container elementor-column-gap-default\">\n\t\t\t\t\t<div class=\"elementor-column elementor-col-25 elementor-top-column elementor-element elementor-element-52d45a4\" data-id=\"52d45a4\" data-element_type=\"column\" data-e-type=\"column\">\n\t\t\t<div class=\"elementor-widget-wrap elementor-element-populated\">\n\t\t\t\t\t\t<div class=\"elementor-element elementor-element-61042a1 elementor-widget elementor-widget-button\" data-id=\"61042a1\" data-element_type=\"widget\" data-e-type=\"widget\" data-widget_type=\"button.default\">\n\t\t\t\t<div class=\"elementor-widget-container\">\n\t\t\t\t\t\t\t\t\t<div class=\"elementor-button-wrapper\">\n\t\t\t\t\t<a class=\"elementor-button elementor-button-link elementor-size-sm\" href=\"#profil-section\">\n\t\t\t\t\t\t<span class=\"elementor-button-content-wrapper\">\n\t\t\t\t\t\t\t\t\t<span class=\"elementor-button-text\">Profile<\/span>\n\t\t\t\t\t<\/span>\n\t\t\t\t\t<\/a>\n\t\t\t\t<\/div>\n\t\t\t\t\t\t\t\t<\/div>\n\t\t\t\t<\/div>\n\t\t\t\t\t<\/div>\n\t\t<\/div>\n\t\t\t\t<div class=\"elementor-column elementor-col-25 elementor-top-column elementor-element elementor-element-f3de367\" data-id=\"f3de367\" data-element_type=\"column\" data-e-type=\"column\">\n\t\t\t<div class=\"elementor-widget-wrap elementor-element-populated\">\n\t\t\t\t\t\t<div class=\"elementor-element elementor-element-809e216 elementor-widget elementor-widget-button\" data-id=\"809e216\" data-element_type=\"widget\" data-e-type=\"widget\" data-widget_type=\"button.default\">\n\t\t\t\t<div class=\"elementor-widget-container\">\n\t\t\t\t\t\t\t\t\t<div class=\"elementor-button-wrapper\">\n\t\t\t\t\t<a class=\"elementor-button elementor-button-link elementor-size-sm\" href=\"#galerie-section\" id=\"galariebutton\">\n\t\t\t\t\t\t<span class=\"elementor-button-content-wrapper\">\n\t\t\t\t\t\t\t\t\t<span class=\"elementor-button-text\">Gallery<\/span>\n\t\t\t\t\t<\/span>\n\t\t\t\t\t<\/a>\n\t\t\t\t<\/div>\n\t\t\t\t\t\t\t\t<\/div>\n\t\t\t\t<\/div>\n\t\t\t\t\t<\/div>\n\t\t<\/div>\n\t\t\t\t<div class=\"elementor-column elementor-col-25 elementor-top-column elementor-element elementor-element-53207e7\" data-id=\"53207e7\" data-element_type=\"column\" data-e-type=\"column\">\n\t\t\t<div class=\"elementor-widget-wrap elementor-element-populated\">\n\t\t\t\t\t\t<div class=\"elementor-element elementor-element-0a0e07e elementor-widget elementor-widget-button\" data-id=\"0a0e07e\" data-element_type=\"widget\" data-e-type=\"widget\" data-widget_type=\"button.default\">\n\t\t\t\t<div class=\"elementor-widget-container\">\n\t\t\t\t\t\t\t\t\t<div class=\"elementor-button-wrapper\">\n\t\t\t\t\t<a class=\"elementor-button elementor-button-link elementor-size-sm\" href=\"#avioane-section\">\n\t\t\t\t\t\t<span class=\"elementor-button-content-wrapper\">\n\t\t\t\t\t\t\t\t\t<span class=\"elementor-button-text\">Planes<\/span>\n\t\t\t\t\t<\/span>\n\t\t\t\t\t<\/a>\n\t\t\t\t<\/div>\n\t\t\t\t\t\t\t\t<\/div>\n\t\t\t\t<\/div>\n\t\t\t\t\t<\/div>\n\t\t<\/div>\n\t\t\t\t<div class=\"elementor-column elementor-col-25 elementor-top-column elementor-element elementor-element-10c2b53\" data-id=\"10c2b53\" data-element_type=\"column\" data-e-type=\"column\">\n\t\t\t<div class=\"elementor-widget-wrap elementor-element-populated\">\n\t\t\t\t\t\t<div class=\"elementor-element elementor-element-f402a00 elementor-widget elementor-widget-button\" data-id=\"f402a00\" data-element_type=\"widget\" data-e-type=\"widget\" data-widget_type=\"button.default\">\n\t\t\t\t<div class=\"elementor-widget-container\">\n\t\t\t\t\t\t\t\t\t<div class=\"elementor-button-wrapper\">\n\t\t\t\t\t<a class=\"elementor-button elementor-button-link elementor-size-sm\" href=\"#arhive-section\">\n\t\t\t\t\t\t<span class=\"elementor-button-content-wrapper\">\n\t\t\t\t\t\t\t\t\t<span class=\"elementor-button-text\">Archives<\/span>\n\t\t\t\t\t<\/span>\n\t\t\t\t\t<\/a>\n\t\t\t\t<\/div>\n\t\t\t\t\t\t\t\t<\/div>\n\t\t\t\t<\/div>\n\t\t\t\t\t<\/div>\n\t\t<\/div>\n\t\t\t\t\t<\/div>\n\t\t<\/section>\n\t\t\t\t<section class=\"elementor-section elementor-top-section elementor-element elementor-element-bf732c8 elementor-section-boxed elementor-section-height-default elementor-section-height-default\" data-id=\"bf732c8\" data-element_type=\"section\" data-e-type=\"section\" id=\"profil-section\">\n\t\t\t\t\t\t<div class=\"elementor-container elementor-column-gap-default\">\n\t\t\t\t\t<div class=\"elementor-column elementor-col-100 elementor-top-column elementor-element elementor-element-037d2c0\" data-id=\"037d2c0\" data-element_type=\"column\" data-e-type=\"column\">\n\t\t\t<div class=\"elementor-widget-wrap elementor-element-populated\">\n\t\t\t\t\t\t<div class=\"elementor-element elementor-element-f71c4be elementor-widget elementor-widget-text-editor\" data-id=\"f71c4be\" data-element_type=\"widget\" data-e-type=\"widget\" data-widget_type=\"text-editor.default\">\n\t\t\t\t<div class=\"elementor-widget-container\">\n\t\t\t\t\t\t\t\t\t<h2 class=\"topPerson\"><strong>Gheorghe (George) Bal\u0219<\/strong><\/h2><div class=\"topPerson\"><div class=\"topPerson\"><p><a title=\"\"><img decoding=\"async\" class=\"alignleft size-thumbnail wp-image-373\" title=\"\" src=\"http:\/\/v2.irinelnicoara.ro\/aviatie\/wp-content\/uploads\/2014\/10\/Gheorghe-Bals.jpg\" alt=\"\" width=\"200\" height=\"150\" \/><\/a><\/p><p>\u00a0<\/p><p>\u00a0<\/p><p>Date of birth: December 6, 1901<br \/>Date of death: 22th November 1942<br \/>Place of birth: South of Basarabia<\/p><\/div><div class=\"holderWithScroll\"><p><a title=\"\"><img fetchpriority=\"high\" decoding=\"async\" class=\"aligncenter\" src=\"http:\/\/v2.irinelnicoara.ro\/aviatie\/wp-content\/uploads\/2014\/10\/GhergheBals.jpg\" alt=\"\" width=\"650\" height=\"300\" \/><\/a><\/p><p lang=\"ro-RO\">After high school, he attended the Faculty of Law in Bucharest, and in 1930 he became a founding member of the Association for the Advancement of Air Tourism \"Mircea Cantacuzino\".<\/p><p>He obtained, in 1934, the second degree certificate and received, in Poland, the C certificate as a glider instructor at the school in Bezmiechowa. He is the first in the golden series of Romanian gliders with a flight instructor certificate, being followed by Eugen Cernescu, Gheorghe Go\u015fman, Nicolae Blebea, Vasile Scortea and others.<\/p><p>In 1936, he took part in the first air race organized by Tempo newspaper on the route Bucharest - Constanta - Gala\u0163i - Cern\u0103u\u0163i. During this period, he also publishes propaganda articles for gliding in the Air Magazine of the Romanian Aeronautical Federation.<\/p><p>In July 1941, he began working on the front within the 112th Link Squadron. He died during a mission on November 15, 1942, his plane being shot down by Soviet anti-aircraft near the city of Surovkino. In 1943, he will be awarded the Aeronautical Virtue, the Golden Cross with Swords and the Star of Romania post mortem.<\/p><\/div><\/div>\t\t\t\t\t\t\t\t<\/div>\n\t\t\t\t<\/div>\n\t\t\t\t\t<\/div>\n\t\t<\/div>\n\t\t\t\t\t<\/div>\n\t\t<\/section>\n\t\t\t\t<section class=\"elementor-section elementor-top-section elementor-element elementor-element-e87776f elementor-section-boxed elementor-section-height-default elementor-section-height-default\" data-id=\"e87776f\" data-element_type=\"section\" data-e-type=\"section\" id=\"galerie-section\">\n\t\t\t\t\t\t<div class=\"elementor-container elementor-column-gap-default\">\n\t\t\t\t\t<div class=\"elementor-column elementor-col-100 elementor-top-column elementor-element elementor-element-70eb77e\" data-id=\"70eb77e\" data-element_type=\"column\" data-e-type=\"column\">\n\t\t\t<div class=\"elementor-widget-wrap elementor-element-populated\">\n\t\t\t\t\t\t<div class=\"elementor-element elementor-element-0d51505 elementor-widget elementor-widget-text-editor\" data-id=\"0d51505\" data-element_type=\"widget\" data-e-type=\"widget\" data-widget_type=\"text-editor.default\">\n\t\t\t\t<div class=\"elementor-widget-container\">\n\t\t\t\t\t\t\t\t\t<h2>Gallery<\/h2><div id=\"ngg-image-0\" class=\"ngg-gallery-thumbnail-box\"><div class=\"ngg-gallery-thumbnail\"><a class=\"shutterset_d04a91a708405fef03eba245983fdb84\" title=\"Gheorghe Bals, al treilea din stanga\" href=\"http:\/\/v2.irinelnicoara.ro\/aviatie\/wp-content\/gallery\/bals-gheorghe\/gheorghe-bals-al-3lea-din-stanga-c-abeles-al-doile-din-dreapta_0.jpg\" data-src=\"http:\/\/v2.irinelnicoara.ro\/aviatie\/wp-content\/gallery\/bals-gheorghe\/gheorghe-bals-al-3lea-din-stanga-c-abeles-al-doile-din-dreapta_0.jpg\" data-thumbnail=\"http:\/\/v2.irinelnicoara.ro\/aviatie\/wp-content\/gallery\/bals-gheorghe\/thumbs\/thumbs_gheorghe-bals-al-3lea-din-stanga-c-abeles-al-doile-din-dreapta_0.jpg\" data-image-id=\"764\" data-title=\"Gheorghe Bals, al treilea din stanga\" data-description=\"Gheorghe Bals, al treilea din stanga\" data-image-slug=\"gheorghe-bals-al-treilea-din-stanga\"><img decoding=\"async\" title=\"Gheorghe Bals, al treilea din stanga\" src=\"http:\/\/v2.irinelnicoara.ro\/aviatie\/wp-content\/gallery\/bals-gheorghe\/thumbs\/thumbs_gheorghe-bals-al-3lea-din-stanga-c-abeles-al-doile-din-dreapta_0.jpg\" alt=\"Gheorghe Bals, al treilea din stanga\" width=\"150\" height=\"150\" \/><\/a><a class=\"shutterset_d04a91a708405fef03eba245983fdb84\" title=\"Gheorghe Bals, al doilea din dreapta\" href=\"http:\/\/v2.irinelnicoara.ro\/aviatie\/wp-content\/gallery\/bals-gheorghe\/i-c_0.jpg\" data-src=\"http:\/\/v2.irinelnicoara.ro\/aviatie\/wp-content\/gallery\/bals-gheorghe\/i-c_0.jpg\" data-thumbnail=\"http:\/\/v2.irinelnicoara.ro\/aviatie\/wp-content\/gallery\/bals-gheorghe\/thumbs\/thumbs_i-c_0.jpg\" data-image-id=\"765\" data-title=\"Gheorghe Bals, al doilea din dreapta\" data-description=\"Gheorghe Bals, al doilea din dreapta\" data-image-slug=\"gheorghe-bals-al-doilea-din-dreapta\"><img loading=\"lazy\" decoding=\"async\" title=\"Gheorghe Bals, al doilea din dreapta\" src=\"http:\/\/v2.irinelnicoara.ro\/aviatie\/wp-content\/gallery\/bals-gheorghe\/thumbs\/thumbs_i-c_0.jpg\" alt=\"Gheorghe Bals, al doilea din dreapta\" width=\"150\" height=\"150\" \/><\/a><a class=\"shutterset_d04a91a708405fef03eba245983fdb84\" title=\"Gheorghe Bals al doilea din stanga\" href=\"http:\/\/v2.irinelnicoara.ro\/aviatie\/wp-content\/gallery\/bals-gheorghe\/img_4620_0.jpg\" data-src=\"http:\/\/v2.irinelnicoara.ro\/aviatie\/wp-content\/gallery\/bals-gheorghe\/img_4620_0.jpg\" data-thumbnail=\"http:\/\/v2.irinelnicoara.ro\/aviatie\/wp-content\/gallery\/bals-gheorghe\/thumbs\/thumbs_img_4620_0.jpg\" data-image-id=\"766\" data-title=\"Gheorghe Bals al doilea din stanga\" data-description=\"Gheorghe Bals al doilea din stanga\" data-image-slug=\"gheorghe-bals-al-doilea-din-stanga\"><img loading=\"lazy\" decoding=\"async\" title=\"Gheorghe Bals al doilea din stanga\" src=\"http:\/\/v2.irinelnicoara.ro\/aviatie\/wp-content\/gallery\/bals-gheorghe\/thumbs\/thumbs_img_4620_0.jpg\" alt=\"Gheorghe Bals al doilea din stanga\" width=\"150\" height=\"150\" \/><\/a><a class=\"shutterset_d04a91a708405fef03eba245983fdb84\" title=\"Gheorghe Bals (mijloc) printre prieteni\" href=\"http:\/\/v2.irinelnicoara.ro\/aviatie\/wp-content\/gallery\/bals-gheorghe\/familia-308.jpg\" data-src=\"http:\/\/v2.irinelnicoara.ro\/aviatie\/wp-content\/gallery\/bals-gheorghe\/familia-308.jpg\" data-thumbnail=\"http:\/\/v2.irinelnicoara.ro\/aviatie\/wp-content\/gallery\/bals-gheorghe\/thumbs\/thumbs_familia-308.jpg\" data-image-id=\"876\" data-title=\"Gheorghe Bals (mijloc) printre prieteni\" data-description=\"Gheorghe Bals (mijloc) printre prieteni\" data-image-slug=\"gheorghe-bals-mijloc-printre-prieteni\"><img loading=\"lazy\" decoding=\"async\" title=\"Gheorghe Bals (mijloc) printre prieteni\" src=\"http:\/\/v2.irinelnicoara.ro\/aviatie\/wp-content\/gallery\/bals-gheorghe\/thumbs\/thumbs_familia-308.jpg\" alt=\"Gheorghe Bals (mijloc) printre prieteni\" width=\"150\" height=\"150\" \/><\/a><\/div><\/div><div id=\"ngg-image-3\" class=\"ngg-gallery-thumbnail-box\"><div class=\"ngg-gallery-thumbnail\">\u00a0<\/div><\/div>\t\t\t\t\t\t\t\t<\/div>\n\t\t\t\t<\/div>\n\t\t\t\t\t<\/div>\n\t\t<\/div>\n\t\t\t\t\t<\/div>\n\t\t<\/section>\n\t\t\t\t<section class=\"elementor-section elementor-top-section elementor-element elementor-element-f65bef1 elementor-section-boxed elementor-section-height-default elementor-section-height-default\" data-id=\"f65bef1\" data-element_type=\"section\" data-e-type=\"section\" id=\"avioane-section\">\n\t\t\t\t\t\t<div class=\"elementor-container elementor-column-gap-default\">\n\t\t\t\t\t<div class=\"elementor-column elementor-col-100 elementor-top-column elementor-element elementor-element-48748e1\" data-id=\"48748e1\" data-element_type=\"column\" data-e-type=\"column\">\n\t\t\t<div class=\"elementor-widget-wrap elementor-element-populated\">\n\t\t\t\t\t\t<div class=\"elementor-element elementor-element-ba38af3 elementor-widget elementor-widget-text-editor\" data-id=\"ba38af3\" data-element_type=\"widget\" data-e-type=\"widget\" data-widget_type=\"text-editor.default\">\n\t\t\t\t<div class=\"elementor-widget-container\">\n\t\t\t\t\t\t\t\t\t<p>Planes<\/p><p>\u00a0 \u00a0<a class=\"thumbnail\" title=\"Fleet\" href=\"http:\/\/v2.irinelnicoara.ro\/aviatie\/fleet\/\"><img loading=\"lazy\" decoding=\"async\" class=\"attachment-65x65 size-65x65 wp-post-image\" title=\"Fleet\" src=\"http:\/\/v2.irinelnicoara.ro\/aviatie\/wp-content\/uploads\/2012\/08\/800px-fleet_2_aircraft_sketched_by_a-_e-_ted_hill-1930s-150x150.jpg\" alt=\"Fleet\" width=\"65\" height=\"65\" \/><\/a><\/p><div class=\"post_extra_info\"><p>\u00a0 \u00a0<a class=\"post_title\" title=\"Fleet\" href=\"\/en\/alexandru-frim\/fleet\/\" rel=\"bookmark\">Fleet<\/a><\/p><p>\u00a0<\/p><\/div><p>\u00a0 \u00a0<a class=\"thumbnail\" title=\"Fiesler Fi 156\" href=\"http:\/\/v2.irinelnicoara.ro\/aviatie\/fiesler-fi-156\/\"><img loading=\"lazy\" decoding=\"async\" class=\"attachment-65x65 size-65x65 wp-post-image\" title=\"Fiesler Fi 156\" src=\"http:\/\/v2.irinelnicoara.ro\/aviatie\/wp-content\/uploads\/2012\/08\/fieseler_fi156-150x150.jpg\" alt=\"Fiesler Fi 156\" width=\"65\" height=\"65\" \/><\/a><\/p><div class=\"post_extra_info\"><p>\u00a0 \u00a0<a class=\"post_title\" title=\"Fiesler Fi 156\" href=\"\/en\/bals-gheorghegeorge\/fiesler-fi-156\/\" rel=\"bookmark\">Fiesler Fi 156<\/a><\/p><\/div><div class=\"clearboth\">\u00a0<\/div><p>\u00a0 \u00a0<a class=\"thumbnail\" title=\"Bucker Student\" href=\"http:\/\/v2.irinelnicoara.ro\/aviatie\/bucker-student\/\"><img loading=\"lazy\" decoding=\"async\" class=\"attachment-65x65 size-65x65 wp-post-image\" title=\"Bucker Student\" src=\"http:\/\/v2.irinelnicoara.ro\/aviatie\/wp-content\/uploads\/2012\/08\/bu180_1-150x150.jpg\" alt=\"Bucker Student\" width=\"65\" height=\"65\" \/><\/a><\/p><div class=\"post_extra_info\"><a class=\"post_title\" title=\"Bucker Student\" href=\"http:\/\/v2.irinelnicoara.ro\/aviatie\/bucker-student\/\" rel=\"bookmark\">\u00a0 \u00a0Bucker Student<\/a><\/div>\t\t\t\t\t\t\t\t<\/div>\n\t\t\t\t<\/div>\n\t\t\t\t\t<\/div>\n\t\t<\/div>\n\t\t\t\t\t<\/div>\n\t\t<\/section>\n\t\t\t\t<section class=\"elementor-section elementor-top-section elementor-element elementor-element-b80a8a8 elementor-section-boxed elementor-section-height-default elementor-section-height-default\" data-id=\"b80a8a8\" data-element_type=\"section\" data-e-type=\"section\" id=\"arhive-section\">\n\t\t\t\t\t\t<div class=\"elementor-container elementor-column-gap-default\">\n\t\t\t\t\t<div class=\"elementor-column elementor-col-100 elementor-top-column elementor-element elementor-element-04c3ff0\" data-id=\"04c3ff0\" data-element_type=\"column\" data-e-type=\"column\">\n\t\t\t<div class=\"elementor-widget-wrap elementor-element-populated\">\n\t\t\t\t\t\t<div class=\"elementor-element elementor-element-8dc1a64 elementor-widget elementor-widget-text-editor\" data-id=\"8dc1a64\" data-element_type=\"widget\" data-e-type=\"widget\" data-widget_type=\"text-editor.default\">\n\t\t\t\t<div class=\"elementor-widget-container\">\n\t\t\t\t\t\t\t\t\t<div style=\"letter-spacing: normal; margin: 0px; padding: 0px; border: 0px; outline: 0px; font-size: 12px; vertical-align: baseline; font-family: Arial, Helvetica, Garuda, sans-serif; font-variant-ligatures: normal; orphans: 2; widows: 2; text-decoration-thickness: initial;\"><ul style=\"margin-right: 0px; margin-bottom: 0px; margin-left: 0px; padding-left: 0px; border: 0px; outline: 0px; vertical-align: baseline; list-style: none;\"><li><h2>Archives<\/h2><\/li><li><a class=\"thumbnail\" title=\"&quot;Credin\u021ba&quot; newspaper - May 27, 1936\" href=\"http:\/\/v2.irinelnicoara.ro\/aviatie\/credinta-27-mai-1936-ref-4337\/\"><img loading=\"lazy\" decoding=\"async\" class=\"attachment-65x65 size-65x65 wp-post-image\" title=\"&quot;Credin\u021ba&quot; newspaper - May 27, 1936\" src=\"http:\/\/v2.irinelnicoara.ro\/aviatie\/wp-content\/uploads\/2013\/01\/IMG_4337-150x150.jpg\" alt=\"Ziarul \u201eCredin\u0163a\u201d \u2013 27 mai 1936\" width=\"65\" height=\"65\" \/><\/a><\/li><li><div class=\"post_extra_info\"><a class=\"post_title\" title=\"&quot;Credin\u021ba&quot; newspaper - May 27, 1936\" href=\"http:\/\/v2.irinelnicoara.ro\/aviatie\/credinta-27-mai-1936-ref-4337\/\" rel=\"bookmark\">\"Credin\u021ba\" newspaper - May 27, 1936<\/a><p>\u00a0<\/p><p>Ziarul \u201eCredin\u0163a\u201d \u2013 27 mai 1936 Prin\u0163esa Marina \u015etirbey va fi s\u0103rb\u0103torit\u0103\u2026<\/p><\/div><div class=\"clearboth\">\u00a0<\/div><\/li><li><a class=\"thumbnail\" title=\"&quot;Tempo&quot; newspaper - May 26, 1936\" href=\"http:\/\/v2.irinelnicoara.ro\/aviatie\/tempo-26-mai-1936-ref-4337\/\"><img loading=\"lazy\" decoding=\"async\" class=\"attachment-65x65 size-65x65 wp-post-image\" title=\"&quot;Tempo&quot; newspaper - May 26, 1936\" src=\"http:\/\/v2.irinelnicoara.ro\/aviatie\/wp-content\/uploads\/2013\/01\/IMG_4337-150x150.jpg\" alt=\"Ziarul \u201eTempo\u201d \u2013 26 mai 1936\" width=\"65\" height=\"65\" \/><\/a><div class=\"post_extra_info\"><a class=\"post_title\" title=\"&quot;Tempo&quot; newspaper - May 26, 1936\" href=\"http:\/\/v2.irinelnicoara.ro\/aviatie\/tempo-26-mai-1936-ref-4337\/\" rel=\"bookmark\">\"Tempo\" newspaper - May 26, 1936<\/a><p>\u00a0<\/p><p>Ziarul \u201eTempo\u201d \u2013 26 mai 1936 Avioanele pilotate de Marina Stirbey \u0219i Bob\u00a0\u2026<\/p><\/div><div class=\"clearboth\">\u00a0<\/div><\/li><li><a class=\"thumbnail\" title=\"&quot;Le moment&quot; 27 May 1936 \u2013 Ref 4337\" href=\"http:\/\/v2.irinelnicoara.ro\/aviatie\/le-moment-27-mai-1936-ref-3227\/\"><img loading=\"lazy\" decoding=\"async\" class=\"attachment-65x65 size-65x65 wp-post-image\" title=\"&quot;Le moment&quot; 27 May 1936 \u2013 Ref 4337\" src=\"http:\/\/v2.irinelnicoara.ro\/aviatie\/wp-content\/uploads\/2013\/01\/IMG_4337-150x150.jpg\" alt=\"\u201eLe moment\u201d 27 mai 1936 \u2013 Ref 4337\" width=\"65\" height=\"65\" \/><\/a><div class=\"post_extra_info\"><a class=\"post_title\" title=\"&quot;Le moment&quot; 27 May 1936 \u2013 Ref 4337\" href=\"http:\/\/v2.irinelnicoara.ro\/aviatie\/le-moment-27-mai-1936-ref-3227\/\" rel=\"bookmark\">\"Le moment\" 27 May 1936 \u2013 Ref 4337<\/a><p>\u00a0<\/p><p>\u201eLe moment\u201d 27 mai 1936 Marina Stirbey a gagne la concurse aerienne\u2026<\/p><\/div><div class=\"clearboth\">\u00a0<\/div><\/li><li><a class=\"thumbnail\" title=\"&quot;Capital&quot; 27 May 1936 \u2013 Ref 4337\" href=\"http:\/\/v2.irinelnicoara.ro\/aviatie\/capitala-27-mai-1936-ref-4337\/\"><img loading=\"lazy\" decoding=\"async\" class=\"attachment-65x65 size-65x65 wp-post-image\" title=\"&quot;Capital&quot; 27 May 1936 \u2013 Ref 4337\" src=\"http:\/\/v2.irinelnicoara.ro\/aviatie\/wp-content\/uploads\/2013\/01\/IMG_4337-150x150.jpg\" alt=\"\u201eCapitala\u201d 27 mai 1936 \u2013 Ref 4337\" width=\"65\" height=\"65\" \/><\/a><div class=\"post_extra_info\"><a class=\"post_title\" title=\"&quot;Capital&quot; 27 May 1936 \u2013 Ref 4337\" href=\"http:\/\/v2.irinelnicoara.ro\/aviatie\/capitala-27-mai-1936-ref-4337\/\" rel=\"bookmark\">\"Capital\" 27 May 1936 \u2013 Ref 4337<\/a><p>\u00a0<\/p><p>\u201eCapitala\u201d 27 mai 1936 \u0218tire: B\u00e2zu Cantacuzino va participa la mitin\u2026<\/p><\/div><\/li><li>\u00a0<\/li><\/ul><\/div>\t\t\t\t\t\t\t\t<\/div>\n\t\t\t\t<\/div>\n\t\t\t\t\t<\/div>\n\t\t<\/div>\n\t\t\t\t\t<\/div>\n\t\t<\/section>\n\t\t\t\t<\/div>","protected":false},"excerpt":{"rendered":"<p>Profil Galerie Avioane Arhive Gheorghe (George) Bal\u0219 \u00a0 \u00a0 Data na\u015fterii: 11 septembrie 1901Data decesului: 22 noiembrie 1942Locul na\u0219terii: Sudul Basarabiei Urmeaz\u0103, dup\u0103 liceu, cursurile Facult\u0103\u0163ii de Drept din Bucure\u015fti, iar \u00een 1930 devine membru fondator al Asocia\u0163iei pentru Prop\u0103\u015firea Turismului Aerian \u201eMircea Cantacuzino\u201d. Ob\u021bine, \u00een 1934, brevetul de gradul II \u0219i prime\u015fte, \u00een Polonia, [&hellip;]<\/p>","protected":false},"author":5,"featured_media":0,"parent":0,"menu_order":0,"comment_status":"closed","ping_status":"closed","template":"","meta":{"footnotes":""},"class_list":["post-8083","page","type-page","status-publish","hentry"],"_links":{"self":[{"href":"https:\/\/aviatie-mircea-cantacuzino.ro\/en\/wp-json\/wp\/v2\/pages\/8083","targetHints":{"allow":["GET"]}}],"collection":[{"href":"https:\/\/aviatie-mircea-cantacuzino.ro\/en\/wp-json\/wp\/v2\/pages"}],"about":[{"href":"https:\/\/aviatie-mircea-cantacuzino.ro\/en\/wp-json\/wp\/v2\/types\/page"}],"author":[{"embeddable":true,"href":"https:\/\/aviatie-mircea-cantacuzino.ro\/en\/wp-json\/wp\/v2\/users\/5"}],"replies":[{"embeddable":true,"href":"https:\/\/aviatie-mircea-cantacuzino.ro\/en\/wp-json\/wp\/v2\/comments?post=8083"}],"version-history":[{"count":0,"href":"https:\/\/aviatie-mircea-cantacuzino.ro\/en\/wp-json\/wp\/v2\/pages\/8083\/revisions"}],"wp:attachment":[{"href":"https:\/\/aviatie-mircea-cantacuzino.ro\/en\/wp-json\/wp\/v2\/media?parent=8083"}],"curies":[{"name":"wp","href":"https:\/\/api.w.org\/{rel}","templated":true}]}}