{"id":8065,"date":"2023-09-20T17:03:28","date_gmt":"2023-09-20T15:03:28","guid":{"rendered":"https:\/\/aviatie-mircea-cantacuzino.ro\/?page_id=8065"},"modified":"2023-09-30T10:54:19","modified_gmt":"2023-09-30T08:54:19","slug":"ionelcociasu","status":"publish","type":"page","link":"https:\/\/aviatie-mircea-cantacuzino.ro\/en\/ionelcociasu\/","title":{"rendered":"Ionel Cocia\u0219u"},"content":{"rendered":"<div data-elementor-type=\"wp-page\" data-elementor-id=\"8065\" class=\"elementor elementor-8065\" data-elementor-post-type=\"page\">\n\t\t\t\t\t\t<section class=\"elementor-section elementor-top-section elementor-element elementor-element-3ce25a3 elementor-section-boxed elementor-section-height-default elementor-section-height-default\" data-id=\"3ce25a3\" data-element_type=\"section\" data-e-type=\"section\">\n\t\t\t\t\t\t<div class=\"elementor-container elementor-column-gap-default\">\n\t\t\t\t\t<div class=\"elementor-column elementor-col-25 elementor-top-column elementor-element elementor-element-1dbad58\" data-id=\"1dbad58\" data-element_type=\"column\" data-e-type=\"column\">\n\t\t\t<div class=\"elementor-widget-wrap elementor-element-populated\">\n\t\t\t\t\t\t<div class=\"elementor-element elementor-element-951a35e elementor-widget elementor-widget-button\" data-id=\"951a35e\" data-element_type=\"widget\" data-e-type=\"widget\" data-widget_type=\"button.default\">\n\t\t\t\t<div class=\"elementor-widget-container\">\n\t\t\t\t\t\t\t\t\t<div class=\"elementor-button-wrapper\">\n\t\t\t\t\t<a class=\"elementor-button elementor-button-link elementor-size-sm\" href=\"#profil-section\">\n\t\t\t\t\t\t<span class=\"elementor-button-content-wrapper\">\n\t\t\t\t\t\t\t\t\t<span class=\"elementor-button-text\">Profile<\/span>\n\t\t\t\t\t<\/span>\n\t\t\t\t\t<\/a>\n\t\t\t\t<\/div>\n\t\t\t\t\t\t\t\t<\/div>\n\t\t\t\t<\/div>\n\t\t\t\t\t<\/div>\n\t\t<\/div>\n\t\t\t\t<div class=\"elementor-column elementor-col-25 elementor-top-column elementor-element elementor-element-b5bae5b\" data-id=\"b5bae5b\" data-element_type=\"column\" data-e-type=\"column\">\n\t\t\t<div class=\"elementor-widget-wrap elementor-element-populated\">\n\t\t\t\t\t\t<div class=\"elementor-element elementor-element-140d2e1 elementor-widget elementor-widget-button\" data-id=\"140d2e1\" data-element_type=\"widget\" data-e-type=\"widget\" data-widget_type=\"button.default\">\n\t\t\t\t<div class=\"elementor-widget-container\">\n\t\t\t\t\t\t\t\t\t<div class=\"elementor-button-wrapper\">\n\t\t\t\t\t<a class=\"elementor-button elementor-button-link elementor-size-sm\" href=\"#galerie-section\" id=\"galariebutton\">\n\t\t\t\t\t\t<span class=\"elementor-button-content-wrapper\">\n\t\t\t\t\t\t\t\t\t<span class=\"elementor-button-text\">Gallery<\/span>\n\t\t\t\t\t<\/span>\n\t\t\t\t\t<\/a>\n\t\t\t\t<\/div>\n\t\t\t\t\t\t\t\t<\/div>\n\t\t\t\t<\/div>\n\t\t\t\t\t<\/div>\n\t\t<\/div>\n\t\t\t\t<div class=\"elementor-column elementor-col-25 elementor-top-column elementor-element elementor-element-46ae87b\" data-id=\"46ae87b\" data-element_type=\"column\" data-e-type=\"column\">\n\t\t\t<div class=\"elementor-widget-wrap elementor-element-populated\">\n\t\t\t\t\t\t<div class=\"elementor-element elementor-element-1b14b5d elementor-widget elementor-widget-button\" data-id=\"1b14b5d\" data-element_type=\"widget\" data-e-type=\"widget\" data-widget_type=\"button.default\">\n\t\t\t\t<div class=\"elementor-widget-container\">\n\t\t\t\t\t\t\t\t\t<div class=\"elementor-button-wrapper\">\n\t\t\t\t\t<a class=\"elementor-button elementor-button-link elementor-size-sm\" href=\"#avioane-section\">\n\t\t\t\t\t\t<span class=\"elementor-button-content-wrapper\">\n\t\t\t\t\t\t\t\t\t<span class=\"elementor-button-text\">Planes<\/span>\n\t\t\t\t\t<\/span>\n\t\t\t\t\t<\/a>\n\t\t\t\t<\/div>\n\t\t\t\t\t\t\t\t<\/div>\n\t\t\t\t<\/div>\n\t\t\t\t\t<\/div>\n\t\t<\/div>\n\t\t\t\t<div class=\"elementor-column elementor-col-25 elementor-top-column elementor-element elementor-element-b3461ee\" data-id=\"b3461ee\" data-element_type=\"column\" data-e-type=\"column\">\n\t\t\t<div class=\"elementor-widget-wrap elementor-element-populated\">\n\t\t\t\t\t\t<div class=\"elementor-element elementor-element-634702c elementor-widget elementor-widget-button\" data-id=\"634702c\" data-element_type=\"widget\" data-e-type=\"widget\" data-widget_type=\"button.default\">\n\t\t\t\t<div class=\"elementor-widget-container\">\n\t\t\t\t\t\t\t\t\t<div class=\"elementor-button-wrapper\">\n\t\t\t\t\t<a class=\"elementor-button elementor-button-link elementor-size-sm\" href=\"#arhive-section\">\n\t\t\t\t\t\t<span class=\"elementor-button-content-wrapper\">\n\t\t\t\t\t\t\t\t\t<span class=\"elementor-button-text\">Archives<\/span>\n\t\t\t\t\t<\/span>\n\t\t\t\t\t<\/a>\n\t\t\t\t<\/div>\n\t\t\t\t\t\t\t\t<\/div>\n\t\t\t\t<\/div>\n\t\t\t\t\t<\/div>\n\t\t<\/div>\n\t\t\t\t\t<\/div>\n\t\t<\/section>\n\t\t\t\t<section class=\"elementor-section elementor-top-section elementor-element elementor-element-36ab33d elementor-section-boxed elementor-section-height-default elementor-section-height-default\" data-id=\"36ab33d\" data-element_type=\"section\" data-e-type=\"section\">\n\t\t\t\t\t\t<div class=\"elementor-container elementor-column-gap-default\">\n\t\t\t\t\t<div class=\"elementor-column elementor-col-100 elementor-top-column elementor-element elementor-element-1e9d78f\" data-id=\"1e9d78f\" data-element_type=\"column\" data-e-type=\"column\">\n\t\t\t<div class=\"elementor-widget-wrap elementor-element-populated\">\n\t\t\t\t\t\t<div class=\"elementor-element elementor-element-fd19578 elementor-widget elementor-widget-text-editor\" data-id=\"fd19578\" data-element_type=\"widget\" data-e-type=\"widget\" id=\"profil-section\" data-widget_type=\"text-editor.default\">\n\t\t\t\t<div class=\"elementor-widget-container\">\n\t\t\t\t\t\t\t\t\t<div class=\"topPerson\"><strong>Ionel Cocia\u0219u<\/strong><\/div><div>\u00a0<\/div><div><img decoding=\"async\" class=\"alignleft wp-image-373\" src=\"http:\/\/v2.irinelnicoara.ro\/aviatie\/wp-content\/uploads\/2014\/10\/IonelCociasu-ProfilePicture.jpg\" alt=\"\" width=\"150\" height=\"150\" \/><\/div><div class=\"topPerson\">Date of birth: December 6, 1901<br \/>Date of death: we have no information<br \/>Place of birth: Br\u0103ila<\/div><p>\u00a0<\/p><p>\u00a0<\/p><p><a title=\"Ionel Cocia\u0219u\"><img fetchpriority=\"high\" decoding=\"async\" class=\"alignnone\" src=\"http:\/\/v2.irinelnicoara.ro\/aviatie\/wp-content\/uploads\/2014\/10\/IonelCociasu-Picture.jpg\" alt=\"\" width=\"650\" height=\"300\" \/><\/a><\/p><div><p>Ionel Cocia\u0219u completed his university studies in Toulouse, in France, where he obtained an engineering degree and came into contact with aviation. He is training as a civilian pilot at the \"Mircea Cantacuzino\" Aviation School, under the guidance of Octav Oculeanu.<\/p><p>In 1930, he purchased, together with Ioana and Mircea Cantacuzino, a Klemm airplane registered YR-TIK, with which he set a world record for duration in a closed circuit in the category of airplanes weighing less than 280 kg, with a time of 8 hours and 17 minutes, on the Bucharest \u2013 Urziceni \u2013 Buz\u0103u \u2013 Ploiesti \u2013 Bucharest circuit. It is the first valuable sporting performance of Romanian aviation, approved by the International Aeronautical Federation as a world record. For this, Ionel Cocia\u015fu receives the \"Golden Cross of the Order of Aeronautical Virtue\" decoration.<\/p><p>In February 1935, he successfully made a flight on the Bucharest - Bombay route, piloting a Klemm airplane alone. The Romanian record set by Cocia\u0219u is inscribed on one of the walls in the lobby of the International Aeronautical Federation in Paris.<\/p><\/div>\t\t\t\t\t\t\t\t<\/div>\n\t\t\t\t<\/div>\n\t\t\t\t\t<\/div>\n\t\t<\/div>\n\t\t\t\t\t<\/div>\n\t\t<\/section>\n\t\t\t\t<section class=\"elementor-section elementor-top-section elementor-element elementor-element-b12bc3c elementor-section-boxed elementor-section-height-default elementor-section-height-default\" data-id=\"b12bc3c\" data-element_type=\"section\" data-e-type=\"section\" id=\"galerie-section\">\n\t\t\t\t\t\t<div class=\"elementor-container elementor-column-gap-default\">\n\t\t\t\t\t<div class=\"elementor-column elementor-col-100 elementor-top-column elementor-element elementor-element-2aef13c\" data-id=\"2aef13c\" data-element_type=\"column\" data-e-type=\"column\">\n\t\t\t<div class=\"elementor-widget-wrap elementor-element-populated\">\n\t\t\t\t\t\t<div class=\"elementor-element elementor-element-dd10d52 elementor-widget elementor-widget-text-editor\" data-id=\"dd10d52\" data-element_type=\"widget\" data-e-type=\"widget\" id=\"galerie-section\" data-widget_type=\"text-editor.default\">\n\t\t\t\t<div class=\"elementor-widget-container\">\n\t\t\t\t\t\t\t\t\t<h2>Gallery<\/h2><div><div id=\"ngg-image-0\" class=\"ngg-gallery-thumbnail-box\"><div class=\"ngg-gallery-thumbnail\"><a class=\"shutterset_5f63b420c7d48c0999c46f04d7369811\" title=\"Ionel Cocia\u015fu\" href=\"http:\/\/v2.irinelnicoara.ro\/aviatie\/wp-content\/gallery\/ionel-cociasu\/31-de-la-as-pentru-asa-4-iulie-1932-ionel-cciasu.jpg\" data-src=\"http:\/\/v2.irinelnicoara.ro\/aviatie\/wp-content\/gallery\/ionel-cociasu\/31-de-la-as-pentru-asa-4-iulie-1932-ionel-cciasu.jpg\" data-thumbnail=\"http:\/\/v2.irinelnicoara.ro\/aviatie\/wp-content\/gallery\/ionel-cociasu\/thumbs\/thumbs_31-de-la-as-pentru-asa-4-iulie-1932-ionel-cciasu.jpg\" data-image-id=\"743\" data-title=\"Ionel Cocia\u015fu\" data-description=\"Ionel Cocia\u015fu\" data-image-slug=\"ionel-cociasu\"><img decoding=\"async\" title=\"Ionel Cocia\u015fu\" src=\"http:\/\/v2.irinelnicoara.ro\/aviatie\/wp-content\/gallery\/ionel-cociasu\/thumbs\/thumbs_31-de-la-as-pentru-asa-4-iulie-1932-ionel-cciasu.jpg\" alt=\"Ionel Cocia\u015fu\" width=\"150\" height=\"150\" \/><\/a><a class=\"shutterset_5f63b420c7d48c0999c46f04d7369811\" title=\"Ionel Cocia\u015fu\" href=\"http:\/\/v2.irinelnicoara.ro\/aviatie\/wp-content\/gallery\/ionel-cociasu\/32.jpg\" data-src=\"http:\/\/v2.irinelnicoara.ro\/aviatie\/wp-content\/gallery\/ionel-cociasu\/32.jpg\" data-thumbnail=\"http:\/\/v2.irinelnicoara.ro\/aviatie\/wp-content\/gallery\/ionel-cociasu\/thumbs\/thumbs_32.jpg\" data-image-id=\"760\" data-title=\"Ionel Cocia\u015fu\" data-description=\"Ionel Cocia\u015fu\" data-image-slug=\"ionel-cociasu-2\"><img loading=\"lazy\" decoding=\"async\" title=\"Ionel Cocia\u015fu\" src=\"http:\/\/v2.irinelnicoara.ro\/aviatie\/wp-content\/gallery\/ionel-cociasu\/thumbs\/thumbs_32.jpg\" alt=\"Ionel Cocia\u015fu\" width=\"150\" height=\"150\" \/><\/a><a class=\"shutterset_5f63b420c7d48c0999c46f04d7369811\" title=\"Ionel Cocia\u015fu \u015fi Mircea Cantacuzino\" href=\"http:\/\/v2.irinelnicoara.ro\/aviatie\/wp-content\/gallery\/ionel-cociasu\/ing-i-cociasu-si-mircea-cantacuzino.jpg\" data-src=\"http:\/\/v2.irinelnicoara.ro\/aviatie\/wp-content\/gallery\/ionel-cociasu\/ing-i-cociasu-si-mircea-cantacuzino.jpg\" data-thumbnail=\"http:\/\/v2.irinelnicoara.ro\/aviatie\/wp-content\/gallery\/ionel-cociasu\/thumbs\/thumbs_ing-i-cociasu-si-mircea-cantacuzino.jpg\" data-image-id=\"744\" data-title=\"Ionel Cocia\u015fu \u015fi Mircea Cantacuzino\" data-description=\"Ionel Cocia\u015fu \u015fi Mircea Cantacuzino\" data-image-slug=\"ionel-cociasu-si-mircea-cantacuzino\"><img loading=\"lazy\" decoding=\"async\" title=\"Ionel Cocia\u015fu \u015fi Mircea Cantacuzino\" src=\"http:\/\/v2.irinelnicoara.ro\/aviatie\/wp-content\/gallery\/ionel-cociasu\/thumbs\/thumbs_ing-i-cociasu-si-mircea-cantacuzino.jpg\" alt=\"Ionel Cocia\u015fu \u015fi Mircea Cantacuzino\" width=\"150\" height=\"150\" \/><\/a><a class=\"shutterset_5f63b420c7d48c0999c46f04d7369811\" title=\"Ionel Cocia\u015fu decorat de regele Carol al II-lea\" href=\"http:\/\/v2.irinelnicoara.ro\/aviatie\/wp-content\/gallery\/ionel-cociasu\/mg_6012.jpg\" data-src=\"http:\/\/v2.irinelnicoara.ro\/aviatie\/wp-content\/gallery\/ionel-cociasu\/mg_6012.jpg\" data-thumbnail=\"http:\/\/v2.irinelnicoara.ro\/aviatie\/wp-content\/gallery\/ionel-cociasu\/thumbs\/thumbs_mg_6012.jpg\" data-image-id=\"745\" data-title=\"Ionel Cocia\u015fu decorat de regele Carol al II-lea\" data-description=\"Ionel Cocia\u015fu decorat de regele Carol al II-lea\" data-image-slug=\"ionel-cociasu-decorat-de-regele-carol-al-ii-lea\"><img loading=\"lazy\" decoding=\"async\" title=\"Ionel Cocia\u015fu decorat de regele Carol al II-lea\" src=\"http:\/\/v2.irinelnicoara.ro\/aviatie\/wp-content\/gallery\/ionel-cociasu\/thumbs\/thumbs_mg_6012.jpg\" alt=\"Ionel Cocia\u015fu decorat de regele Carol al II-lea\" width=\"150\" height=\"150\" \/><\/a><\/div><\/div><br \/><div id=\"ngg-image-3\" class=\"ngg-gallery-thumbnail-box\"><div class=\"ngg-gallery-thumbnail\">\u00a0<\/div><\/div><\/div>\t\t\t\t\t\t\t\t<\/div>\n\t\t\t\t<\/div>\n\t\t\t\t\t<\/div>\n\t\t<\/div>\n\t\t\t\t\t<\/div>\n\t\t<\/section>\n\t\t\t\t<section class=\"elementor-section elementor-top-section elementor-element elementor-element-375589c elementor-section-boxed elementor-section-height-default elementor-section-height-default\" data-id=\"375589c\" data-element_type=\"section\" data-e-type=\"section\">\n\t\t\t\t\t\t<div class=\"elementor-container elementor-column-gap-default\">\n\t\t\t\t\t<div class=\"elementor-column elementor-col-100 elementor-top-column elementor-element elementor-element-8e22ecb\" data-id=\"8e22ecb\" data-element_type=\"column\" data-e-type=\"column\">\n\t\t\t<div class=\"elementor-widget-wrap elementor-element-populated\">\n\t\t\t\t\t\t<div class=\"elementor-element elementor-element-3d62612 elementor-widget elementor-widget-text-editor\" data-id=\"3d62612\" data-element_type=\"widget\" data-e-type=\"widget\" id=\"avioane-section\" data-widget_type=\"text-editor.default\">\n\t\t\t\t<div class=\"elementor-widget-container\">\n\t\t\t\t\t\t\t\t\t<h2>Planes<\/h2><p><a class=\"thumbnail\" title=\"de Havilland DH.60 Moth\" href=\"http:\/\/v2.irinelnicoara.ro\/aviatie\/moth-de-havilland-gipsy\/\">\u00a0 \u00a0<img loading=\"lazy\" decoding=\"async\" class=\"attachment-65x65 size-65x65 wp-post-image\" title=\"de Havilland DH.60 Moth\" src=\"http:\/\/v2.irinelnicoara.ro\/aviatie\/wp-content\/uploads\/2012\/08\/dh-60g-iii_moth_g-adhe_at_coventry-150x150.jpg\" alt=\"de Havilland DH.60 Moth\" width=\"65\" height=\"65\" \/> \u00a0<\/a><a class=\"post_title\" title=\"de Havilland DH.60 Moth\" href=\"\/en\/bazu-cantacuzino\/moth-de-havilland-gipsy\/\" rel=\"bookmark\">de Havilland DH.60 Moth<\/a><\/p><p><a class=\"thumbnail\" title=\"Havilland 115 CP\" href=\"http:\/\/v2.irinelnicoara.ro\/aviatie\/havilland-115-cp\/\">\u00a0 \u00a0<img loading=\"lazy\" decoding=\"async\" class=\"attachment-65x65 size-65x65 wp-post-image\" title=\"Havilland 115 CP\" src=\"http:\/\/v2.irinelnicoara.ro\/aviatie\/wp-content\/uploads\/2012\/08\/800px-de_havilland_dh_71_tiger_moth-150x150.jpg\" alt=\"Havilland 115 CP\" width=\"65\" height=\"65\" \/> \u00a0<\/a><a class=\"post_title\" title=\"Havilland 115 CP\" href=\"\/en\/flota\/havilland-115-cp\/\" rel=\"bookmark\">Havilland 115 CP<\/a><\/p>\t\t\t\t\t\t\t\t<\/div>\n\t\t\t\t<\/div>\n\t\t\t\t\t<\/div>\n\t\t<\/div>\n\t\t\t\t\t<\/div>\n\t\t<\/section>\n\t\t\t\t<section class=\"elementor-section elementor-top-section elementor-element elementor-element-7bc90fd elementor-section-boxed elementor-section-height-default elementor-section-height-default\" data-id=\"7bc90fd\" data-element_type=\"section\" data-e-type=\"section\">\n\t\t\t\t\t\t<div class=\"elementor-container elementor-column-gap-default\">\n\t\t\t\t\t<div class=\"elementor-column elementor-col-100 elementor-top-column elementor-element elementor-element-7e9056b\" data-id=\"7e9056b\" data-element_type=\"column\" data-e-type=\"column\">\n\t\t\t<div class=\"elementor-widget-wrap elementor-element-populated\">\n\t\t\t\t\t\t<div class=\"elementor-element elementor-element-0d3052d elementor-widget elementor-widget-text-editor\" data-id=\"0d3052d\" data-element_type=\"widget\" data-e-type=\"widget\" id=\"arhive-section\" data-widget_type=\"text-editor.default\">\n\t\t\t\t<div class=\"elementor-widget-container\">\n\t\t\t\t\t\t\t\t\t<div style=\"letter-spacing: normal; margin: 0px; padding: 0px; border: 0px; outline: 0px; font-size: 12px; vertical-align: baseline; font-family: Arial, Helvetica, Garuda, sans-serif; font-variant-ligatures: normal; orphans: 2; widows: 2; text-decoration-thickness: initial;\"><ul style=\"margin-right: 0px; margin-bottom: 0px; margin-left: 0px; padding-left: 0px; border: 0px; outline: 0px; vertical-align: baseline; list-style: none;\"><li><h2>Archives<\/h2><\/li><li>\u00a0 <img loading=\"lazy\" decoding=\"async\" class=\"attachment-65x65 size-65x65 wp-post-image\" title=\"&quot;Adev\u0103rul&quot; newspaper - 21 Oct. 1930\" src=\"http:\/\/v2.irinelnicoara.ro\/aviatie\/wp-content\/uploads\/2013\/01\/IMG_33141-150x150.jpg\" alt=\"Ziarul \u201eAdev\u0103rul\u201d \u2013 21 oct. 1930\" width=\"65\" height=\"65\" \/><\/li><li><div class=\"post_extra_info\"><p><a class=\"post_title\" title=\"&quot;Adev\u0103rul&quot; newspaper - 21 Oct. 1930\" href=\"http:\/\/v2.irinelnicoara.ro\/aviatie\/adevarul-21-oct-1930-ref-3314\/\" rel=\"bookmark\">\u00a0 \"Adev\u0103rul\" newspaper - 21 Oct. 1930<\/a><\/p><p>\u00a0Ziarul \u201eAdev\u0103rul\u201d \u2013 21 oct. 1930 Voievodul Mihai a \u00eenm\u00e2nat brevetele\u2026<\/p><\/div><div class=\"clearboth\">\u00a0<\/div><\/li><li>\u00a0 <a class=\"thumbnail\" title=\"&quot;Capitala&quot; newspaper - 4 Sep. 1936\" href=\"http:\/\/v2.irinelnicoara.ro\/aviatie\/capitala-4-sept-1936-ref-4325-2\/\"><img loading=\"lazy\" decoding=\"async\" class=\"attachment-65x65 size-65x65 wp-post-image\" title=\"&quot;Capitala&quot; newspaper - 4 Sep. 1936\" src=\"http:\/\/v2.irinelnicoara.ro\/aviatie\/wp-content\/uploads\/2013\/01\/IMG_4325-150x150.jpg\" alt=\"Ziarul \u201eCapitala\u201d \u2013 4 sep. 1936\" width=\"65\" height=\"65\" \/><\/a><br \/><div class=\"post_extra_info\"><p>\u00a0 <a class=\"post_title\" title=\"&quot;Capitala&quot; newspaper - 4 Sep. 1936\" href=\"http:\/\/v2.irinelnicoara.ro\/aviatie\/capitala-4-sept-1936-ref-4325-2\/\" rel=\"bookmark\">\"Capitala\" newspaper - 4 Sep. 1936<\/a><\/p><p>\u00a0 Ziarul \u201eCapitala\u201d \u2013 4 sep. 1936 Aviatorii rom\u00e2ni preg\u0103tesc o intens\u0103 activ\u2026<\/p><\/div><div class=\"clearboth\">\u00a0<\/div><\/li><li>\u00a0 <a class=\"thumbnail\" title=\"&quot;Capitala&quot; newspaper - 4 Sep. 1936\" href=\"http:\/\/v2.irinelnicoara.ro\/aviatie\/capitala-4-sept-1936-ref-4325\/\"><img loading=\"lazy\" decoding=\"async\" class=\"attachment-65x65 size-65x65 wp-post-image\" title=\"&quot;Capitala&quot; newspaper - 4 Sep. 1936\" src=\"http:\/\/v2.irinelnicoara.ro\/aviatie\/wp-content\/uploads\/2013\/01\/IMG_4325-150x150.jpg\" alt=\"Ziarul \u201eCapitala\u201d \u2013 4 sep. 1936\" width=\"65\" height=\"65\" \/><\/a><br \/><div class=\"post_extra_info\"><p>\u00a0 <a class=\"post_title\" title=\"&quot;Capitala&quot; newspaper - 4 Sep. 1936\" href=\"http:\/\/v2.irinelnicoara.ro\/aviatie\/capitala-4-sept-1936-ref-4325\/\" rel=\"bookmark\">\"Capitala\" newspaper - 4 Sep. 1936<\/a><\/p><p>\u00a0Ziarul \u201eCapitala\u201d \u2013 4 sep. 1936 Ing. Ionel Cocia\u0219u preg\u0103te\u0219te un mare raid\u2026<\/p><\/div><div class=\"clearboth\">\u00a0<\/div><\/li><li>\u00a0 <a class=\"thumbnail\" title=\"&quot;Credin\u021ba&quot; newspaper - May 27, 1936\" href=\"http:\/\/v2.irinelnicoara.ro\/aviatie\/credinta-27-mai-1936-ref-4337\/\"><img loading=\"lazy\" decoding=\"async\" class=\"attachment-65x65 size-65x65 wp-post-image\" title=\"&quot;Credin\u021ba&quot; newspaper - May 27, 1936\" src=\"http:\/\/v2.irinelnicoara.ro\/aviatie\/wp-content\/uploads\/2013\/01\/IMG_4337-150x150.jpg\" alt=\"Ziarul \u201eCredin\u0163a\u201d \u2013 27 mai 1936\" width=\"65\" height=\"65\" \/><\/a><br \/><div class=\"post_extra_info\"><p>\u00a0<a class=\"post_title\" title=\"&quot;Credin\u021ba&quot; newspaper - May 27, 1936\" href=\"http:\/\/v2.irinelnicoara.ro\/aviatie\/credinta-27-mai-1936-ref-4337\/\" rel=\"bookmark\">\"Credin\u021ba\" newspaper - May 27, 1936<\/a><\/p><p>\u00a0Ziarul \u201eCredin\u0163a\u201d \u2013 27 mai 1936 Prin\u0163esa Marina \u015etirbey va fi s\u0103rb\u0103torit\u0103\u2026<\/p><\/div><div class=\"clearboth\">\u00a0<\/div><\/li><li>\u00a0<a class=\"thumbnail\" title=\"&quot;Tempo&quot; newspaper - May 26, 1936\" href=\"http:\/\/v2.irinelnicoara.ro\/aviatie\/tempo-26-mai-1936-ref-4337\/\"><img loading=\"lazy\" decoding=\"async\" class=\"attachment-65x65 size-65x65 wp-post-image\" title=\"&quot;Tempo&quot; newspaper - May 26, 1936\" src=\"http:\/\/v2.irinelnicoara.ro\/aviatie\/wp-content\/uploads\/2013\/01\/IMG_4337-150x150.jpg\" alt=\"Ziarul \u201eTempo\u201d \u2013 26 mai 1936\" width=\"65\" height=\"65\" \/><\/a><br \/><div class=\"post_extra_info\"><p>\u00a0<a class=\"post_title\" title=\"&quot;Tempo&quot; newspaper - May 26, 1936\" href=\"http:\/\/v2.irinelnicoara.ro\/aviatie\/tempo-26-mai-1936-ref-4337\/\" rel=\"bookmark\">\"Tempo\" newspaper - May 26, 1936<\/a><\/p><p>\u00a0Ziarul \u201eTempo\u201d \u2013 26 mai 1936 Avioanele pilotate de Marina Stirbey \u0219i Bob \u2026<\/p><\/div><div class=\"clearboth\">\u00a0<\/div><\/li><li>\u00a0 <a class=\"thumbnail\" title=\"&quot;Le moment&quot; 27 May 1936 \u2013 Ref 4337\" href=\"http:\/\/v2.irinelnicoara.ro\/aviatie\/le-moment-27-mai-1936-ref-3227\/\"><img loading=\"lazy\" decoding=\"async\" class=\"attachment-65x65 size-65x65 wp-post-image\" title=\"&quot;Le moment&quot; 27 May 1936 \u2013 Ref 4337\" src=\"http:\/\/v2.irinelnicoara.ro\/aviatie\/wp-content\/uploads\/2013\/01\/IMG_4337-150x150.jpg\" alt=\"\u201eLe moment\u201d 27 mai 1936 \u2013 Ref 4337\" width=\"65\" height=\"65\" \/><\/a><br \/><div class=\"post_extra_info\"><p><a class=\"post_title\" title=\"&quot;Le moment&quot; 27 May 1936 \u2013 Ref 4337\" href=\"http:\/\/v2.irinelnicoara.ro\/aviatie\/le-moment-27-mai-1936-ref-3227\/\" rel=\"bookmark\">\u00a0 \"Le moment\" 27 May 1936 \u2013 Ref 4337<\/a><\/p><p>\u00a0 \u201eLe moment\u201d 27 mai 1936 Marina Stirbey a gagne la concurse aerienne\u2026<\/p><\/div><div class=\"clearboth\">\u00a0<\/div><\/li><li>\u00a0 <a class=\"thumbnail\" title=\"&quot;Capital&quot; 27 May 1936 \u2013 Ref 4337\" href=\"http:\/\/v2.irinelnicoara.ro\/aviatie\/capitala-27-mai-1936-ref-4337\/\"><img loading=\"lazy\" decoding=\"async\" class=\"attachment-65x65 size-65x65 wp-post-image\" title=\"&quot;Capital&quot; 27 May 1936 \u2013 Ref 4337\" src=\"http:\/\/v2.irinelnicoara.ro\/aviatie\/wp-content\/uploads\/2013\/01\/IMG_4337-150x150.jpg\" alt=\"\u201eCapitala\u201d 27 mai 1936 \u2013 Ref 4337\" width=\"65\" height=\"65\" \/><\/a><br \/><div class=\"post_extra_info\"><p>\u00a0 <a class=\"post_title\" title=\"&quot;Capital&quot; 27 May 1936 \u2013 Ref 4337\" href=\"http:\/\/v2.irinelnicoara.ro\/aviatie\/capitala-27-mai-1936-ref-4337\/\" rel=\"bookmark\">\"Capital\" 27 May 1936 \u2013 Ref 4337<\/a><\/p><p>\u00a0\u201eCapitala\u201d 27 mai 1936 \u0218tire: B\u00e2zu Cantacuzino va participa la mitin\u2026<\/p><\/div><\/li><li>\u00a0<\/li><\/ul><\/div>\t\t\t\t\t\t\t\t<\/div>\n\t\t\t\t<\/div>\n\t\t\t\t\t<\/div>\n\t\t<\/div>\n\t\t\t\t\t<\/div>\n\t\t<\/section>\n\t\t\t\t<\/div>","protected":false},"excerpt":{"rendered":"<p>Profil Galerie Avioane Arhive Ionel Cocia\u0219u\u00a0Data na\u015fterii: 6 decembrie 1901Data decesului: nu avem informatiiLocul na\u0219terii: Br\u0103ila \u00a0 \u00a0 Ionel Cocia\u0219u si-a facut studiile universitare la Toulouse, \u00een Fran\u021ba unde ob\u021bine diploma de inginer \u0219i vine \u00een contact \u0219i cu avia\u021bia. Se formeaz\u0103 ca pilot civil \u00een cadrul \u0218colii de avia\u021bie \u201cMircea Cantacuzino\u201d, sub \u00eendrumarea lui [&hellip;]<\/p>","protected":false},"author":5,"featured_media":0,"parent":0,"menu_order":0,"comment_status":"closed","ping_status":"closed","template":"","meta":{"footnotes":""},"class_list":["post-8065","page","type-page","status-publish","hentry"],"_links":{"self":[{"href":"https:\/\/aviatie-mircea-cantacuzino.ro\/en\/wp-json\/wp\/v2\/pages\/8065","targetHints":{"allow":["GET"]}}],"collection":[{"href":"https:\/\/aviatie-mircea-cantacuzino.ro\/en\/wp-json\/wp\/v2\/pages"}],"about":[{"href":"https:\/\/aviatie-mircea-cantacuzino.ro\/en\/wp-json\/wp\/v2\/types\/page"}],"author":[{"embeddable":true,"href":"https:\/\/aviatie-mircea-cantacuzino.ro\/en\/wp-json\/wp\/v2\/users\/5"}],"replies":[{"embeddable":true,"href":"https:\/\/aviatie-mircea-cantacuzino.ro\/en\/wp-json\/wp\/v2\/comments?post=8065"}],"version-history":[{"count":0,"href":"https:\/\/aviatie-mircea-cantacuzino.ro\/en\/wp-json\/wp\/v2\/pages\/8065\/revisions"}],"wp:attachment":[{"href":"https:\/\/aviatie-mircea-cantacuzino.ro\/en\/wp-json\/wp\/v2\/media?parent=8065"}],"curies":[{"name":"wp","href":"https:\/\/api.w.org\/{rel}","templated":true}]}}