{"id":7994,"date":"2023-09-20T16:14:03","date_gmt":"2023-09-20T14:14:03","guid":{"rendered":"https:\/\/aviatie-mircea-cantacuzino.ro\/?page_id=7994"},"modified":"2023-09-30T10:48:53","modified_gmt":"2023-09-30T08:48:53","slug":"ionel-ghica","status":"publish","type":"page","link":"https:\/\/aviatie-mircea-cantacuzino.ro\/en\/ionel-ghica\/","title":{"rendered":"Ionel Ghica"},"content":{"rendered":"<div data-elementor-type=\"wp-page\" data-elementor-id=\"7994\" class=\"elementor elementor-7994\" data-elementor-post-type=\"page\">\n\t\t\t\t\t\t<section class=\"elementor-section elementor-top-section elementor-element elementor-element-16f5777 elementor-section-boxed elementor-section-height-default elementor-section-height-default\" data-id=\"16f5777\" data-element_type=\"section\" data-e-type=\"section\">\n\t\t\t\t\t\t<div class=\"elementor-container elementor-column-gap-default\">\n\t\t\t\t\t<div class=\"elementor-column elementor-col-25 elementor-top-column elementor-element elementor-element-9156a97\" data-id=\"9156a97\" data-element_type=\"column\" data-e-type=\"column\">\n\t\t\t<div class=\"elementor-widget-wrap elementor-element-populated\">\n\t\t\t\t\t\t<div class=\"elementor-element elementor-element-fa5a942 elementor-widget elementor-widget-button\" data-id=\"fa5a942\" data-element_type=\"widget\" data-e-type=\"widget\" data-widget_type=\"button.default\">\n\t\t\t\t<div class=\"elementor-widget-container\">\n\t\t\t\t\t\t\t\t\t<div class=\"elementor-button-wrapper\">\n\t\t\t\t\t<a class=\"elementor-button elementor-button-link elementor-size-sm\" href=\"#profil-section\">\n\t\t\t\t\t\t<span class=\"elementor-button-content-wrapper\">\n\t\t\t\t\t\t\t\t\t<span class=\"elementor-button-text\">Profile<\/span>\n\t\t\t\t\t<\/span>\n\t\t\t\t\t<\/a>\n\t\t\t\t<\/div>\n\t\t\t\t\t\t\t\t<\/div>\n\t\t\t\t<\/div>\n\t\t\t\t\t<\/div>\n\t\t<\/div>\n\t\t\t\t<div class=\"elementor-column elementor-col-25 elementor-top-column elementor-element elementor-element-dbfedda\" data-id=\"dbfedda\" data-element_type=\"column\" data-e-type=\"column\">\n\t\t\t<div class=\"elementor-widget-wrap elementor-element-populated\">\n\t\t\t\t\t\t<div class=\"elementor-element elementor-element-9cd9b90 elementor-widget elementor-widget-button\" data-id=\"9cd9b90\" data-element_type=\"widget\" data-e-type=\"widget\" data-widget_type=\"button.default\">\n\t\t\t\t<div class=\"elementor-widget-container\">\n\t\t\t\t\t\t\t\t\t<div class=\"elementor-button-wrapper\">\n\t\t\t\t\t<a class=\"elementor-button elementor-button-link elementor-size-sm\" href=\"#galerie-section\" id=\"galariebutton\">\n\t\t\t\t\t\t<span class=\"elementor-button-content-wrapper\">\n\t\t\t\t\t\t\t\t\t<span class=\"elementor-button-text\">Gallery<\/span>\n\t\t\t\t\t<\/span>\n\t\t\t\t\t<\/a>\n\t\t\t\t<\/div>\n\t\t\t\t\t\t\t\t<\/div>\n\t\t\t\t<\/div>\n\t\t\t\t\t<\/div>\n\t\t<\/div>\n\t\t\t\t<div class=\"elementor-column elementor-col-25 elementor-top-column elementor-element elementor-element-f29c643\" data-id=\"f29c643\" data-element_type=\"column\" data-e-type=\"column\">\n\t\t\t<div class=\"elementor-widget-wrap elementor-element-populated\">\n\t\t\t\t\t\t<div class=\"elementor-element elementor-element-f2a0a22 elementor-widget elementor-widget-button\" data-id=\"f2a0a22\" data-element_type=\"widget\" data-e-type=\"widget\" data-widget_type=\"button.default\">\n\t\t\t\t<div class=\"elementor-widget-container\">\n\t\t\t\t\t\t\t\t\t<div class=\"elementor-button-wrapper\">\n\t\t\t\t\t<a class=\"elementor-button elementor-button-link elementor-size-sm\" href=\"#avioane-section\">\n\t\t\t\t\t\t<span class=\"elementor-button-content-wrapper\">\n\t\t\t\t\t\t\t\t\t<span class=\"elementor-button-text\">Planes<\/span>\n\t\t\t\t\t<\/span>\n\t\t\t\t\t<\/a>\n\t\t\t\t<\/div>\n\t\t\t\t\t\t\t\t<\/div>\n\t\t\t\t<\/div>\n\t\t\t\t\t<\/div>\n\t\t<\/div>\n\t\t\t\t<div class=\"elementor-column elementor-col-25 elementor-top-column elementor-element elementor-element-fd74822\" data-id=\"fd74822\" data-element_type=\"column\" data-e-type=\"column\">\n\t\t\t<div class=\"elementor-widget-wrap elementor-element-populated\">\n\t\t\t\t\t\t<div class=\"elementor-element elementor-element-a49daf1 elementor-widget elementor-widget-button\" data-id=\"a49daf1\" data-element_type=\"widget\" data-e-type=\"widget\" data-widget_type=\"button.default\">\n\t\t\t\t<div class=\"elementor-widget-container\">\n\t\t\t\t\t\t\t\t\t<div class=\"elementor-button-wrapper\">\n\t\t\t\t\t<a class=\"elementor-button elementor-button-link elementor-size-sm\" href=\"#arhive-section\">\n\t\t\t\t\t\t<span class=\"elementor-button-content-wrapper\">\n\t\t\t\t\t\t\t\t\t<span class=\"elementor-button-text\">Archives<\/span>\n\t\t\t\t\t<\/span>\n\t\t\t\t\t<\/a>\n\t\t\t\t<\/div>\n\t\t\t\t\t\t\t\t<\/div>\n\t\t\t\t<\/div>\n\t\t\t\t\t<\/div>\n\t\t<\/div>\n\t\t\t\t\t<\/div>\n\t\t<\/section>\n\t\t\t\t<section class=\"elementor-section elementor-top-section elementor-element elementor-element-c6e50d3 elementor-section-boxed elementor-section-height-default elementor-section-height-default\" data-id=\"c6e50d3\" data-element_type=\"section\" data-e-type=\"section\">\n\t\t\t\t\t\t<div class=\"elementor-container elementor-column-gap-default\">\n\t\t\t\t\t<div class=\"elementor-column elementor-col-100 elementor-top-column elementor-element elementor-element-d15e16d\" data-id=\"d15e16d\" data-element_type=\"column\" data-e-type=\"column\">\n\t\t\t<div class=\"elementor-widget-wrap elementor-element-populated\">\n\t\t\t\t\t\t<div class=\"elementor-element elementor-element-4ae3213 elementor-widget elementor-widget-text-editor\" data-id=\"4ae3213\" data-element_type=\"widget\" data-e-type=\"widget\" id=\"profil-section\" data-widget_type=\"text-editor.default\">\n\t\t\t\t<div class=\"elementor-widget-container\">\n\t\t\t\t\t\t\t\t\t<h2><strong style=\"color: var( --e-global-color-text ); font-family: var( --e-global-typography-text-font-family ), Sans-serif; font-size: var( --e-global-typography-text-font-size ); font-style: var( --e-global-typography-text-font-style ); letter-spacing: var( --e-global-typography-text-letter-spacing ); text-transform: var( --e-global-typography-text-text-transform ); word-spacing: var( --e-global-typography-text-word-spacing ); text-decoration: var( --e-global-typography-text-text-decoration );\">Ionel Ghica<\/strong><\/h2><div>Date of Birth: 25th February 1904<br \/>Date of death: 30th May 1932<br \/>Place of Birth: Bucharest<br \/><img decoding=\"async\" style=\"caret-color: #000000; color: #000000; letter-spacing: normal;\" src=\"http:\/\/v2.irinelnicoara.ro\/aviatie\/wp-content\/uploads\/2014\/10\/IonelGhica-ProfilePicture-e1412771135304.jpg\" \/><\/div><div><p><a title=\"Ionel Ghica (dreapta) si Octav Oculeanu\"><img fetchpriority=\"high\" decoding=\"async\" src=\"http:\/\/v2.irinelnicoara.ro\/aviatie\/wp-content\/uploads\/2014\/10\/IonelGhica-Picture.jpg\" alt=\"\" width=\"650\" height=\"300\" \/><\/a><\/p><p>\"From the young and enthusiastic circle of amateurs, it was written in the magazine \"Aripi\", year II, no. 26 of March 15, 1932, gathered around the late Mircea Cantacuzino, there is no doubt that Mr. Ionel Ghica practices air tourism in the true sense of the word... \".<\/p><p>Although he did not learn to fly at Mircea Cantacuzino's school, he adheres to his ideas, becoming a founding member of the Association for the Advancement of Air Tourism.<br \/>He breaks the national record for non-stop distance - 1,900 km - and the national speed record for the distance of 2,000 km in a straight line.<\/p><p>He is part of Oculeanu's crew, on the route Bucharest - Warsaw - Bucharest, covered in 11 hours and 57 minutes. On September 11, 1931, he flies alone on the route Bucharest - Chernivtsi - Bucharest and performs the first Romanian raid over Africa, on the route Bucharest - Istanbul - Konia - Aleppo - Damascus - Gaza - Cairo - Aswan - Oadihalfa - Adbara.<\/p><p>He becomes famous with the Bucharest - Saigon flight (25,000 km), one of the great records of the era, being the first Romanian aviator to cross Asia.<\/p><p>Unfortunately - fate sometimes has ironies hard to understand - Ionel Ghica dies in full glory following a serious intoxication. In his memory, the Ghica family institutes, starting from January 1933, an annual Cup that consists of a speed contest on a given course, in the country, totaling 1,500 km.<\/p><\/div>\t\t\t\t\t\t\t\t<\/div>\n\t\t\t\t<\/div>\n\t\t\t\t\t<\/div>\n\t\t<\/div>\n\t\t\t\t\t<\/div>\n\t\t<\/section>\n\t\t\t\t<section class=\"elementor-section elementor-top-section elementor-element elementor-element-28c130c elementor-section-boxed elementor-section-height-default elementor-section-height-default\" data-id=\"28c130c\" data-element_type=\"section\" data-e-type=\"section\">\n\t\t\t\t\t\t<div class=\"elementor-container elementor-column-gap-default\">\n\t\t\t\t\t<div class=\"elementor-column elementor-col-100 elementor-top-column elementor-element elementor-element-af9970c\" data-id=\"af9970c\" data-element_type=\"column\" data-e-type=\"column\">\n\t\t\t<div class=\"elementor-widget-wrap elementor-element-populated\">\n\t\t\t\t\t\t<div class=\"elementor-element elementor-element-a30e461 elementor-widget elementor-widget-text-editor\" data-id=\"a30e461\" data-element_type=\"widget\" data-e-type=\"widget\" id=\"galerie-section\" data-widget_type=\"text-editor.default\">\n\t\t\t\t<div class=\"elementor-widget-container\">\n\t\t\t\t\t\t\t\t\t<div>\n<h2>Gallery<\/h2>\n<div><a title=\"Ionel Ghica\" href=\"http:\/\/v2.irinelnicoara.ro\/aviatie\/wp-content\/gallery\/ionel-ghika\/ionel-ghica.jpg\" data-src=\"http:\/\/v2.irinelnicoara.ro\/aviatie\/wp-content\/gallery\/ionel-ghika\/ionel-ghica.jpg\" data-thumbnail=\"http:\/\/v2.irinelnicoara.ro\/aviatie\/wp-content\/gallery\/ionel-ghika\/thumbs\/thumbs_ionel-ghica.jpg\" data-image-id=\"469\" data-title=\"Ionel Ghica\" data-description=\"Ionel Ghica\" data-image-slug=\"ionel-ghica\"><img decoding=\"async\" title=\"Ionel Ghica\" src=\"http:\/\/v2.irinelnicoara.ro\/aviatie\/wp-content\/gallery\/ionel-ghika\/thumbs\/thumbs_ionel-ghica.jpg\" alt=\"Ionel Ghica\" width=\"150\" height=\"150\"><\/a>&nbsp;<a title=\"Ionel Ghica\" href=\"http:\/\/v2.irinelnicoara.ro\/aviatie\/wp-content\/gallery\/ionel-ghika\/09-ionel-ghica-set-31g-bucuresti-saigon-1.jpg\" data-src=\"http:\/\/v2.irinelnicoara.ro\/aviatie\/wp-content\/gallery\/ionel-ghika\/09-ionel-ghica-set-31g-bucuresti-saigon-1.jpg\" data-thumbnail=\"http:\/\/v2.irinelnicoara.ro\/aviatie\/wp-content\/gallery\/ionel-ghika\/thumbs\/thumbs_09-ionel-ghica-set-31g-bucuresti-saigon-1.jpg\" data-image-id=\"757\" data-title=\"Ionel Ghica\" data-description=\"Ionel Ghica\" data-image-slug=\"ionel-ghica-2\" style=\"font-family: var( --e-global-typography-text-font-family ), Sans-serif; font-size: var( --e-global-typography-text-font-size ); font-style: var( --e-global-typography-text-font-style ); letter-spacing: var( --e-global-typography-text-letter-spacing ); text-transform: var( --e-global-typography-text-text-transform ); word-spacing: var( --e-global-typography-text-word-spacing );\"><img decoding=\"async\" title=\"Ionel Ghica\" src=\"http:\/\/v2.irinelnicoara.ro\/aviatie\/wp-content\/gallery\/ionel-ghika\/thumbs\/thumbs_09-ionel-ghica-set-31g-bucuresti-saigon-1.jpg\" alt=\"Ionel Ghica\" width=\"150\" height=\"150\"><\/a>&nbsp;<a title=\"Marele Voevod Mihai alaturi de Ionel Ghica - sosirea la Bucuresti\" href=\"http:\/\/v2.irinelnicoara.ro\/aviatie\/wp-content\/gallery\/ionel-ghika\/11-ionel-ghica-marele-voevod-mihai-g-zamfirescu-sosire-bucirest.jpg\" data-src=\"http:\/\/v2.irinelnicoara.ro\/aviatie\/wp-content\/gallery\/ionel-ghika\/11-ionel-ghica-marele-voevod-mihai-g-zamfirescu-sosire-bucirest.jpg\" data-thumbnail=\"http:\/\/v2.irinelnicoara.ro\/aviatie\/wp-content\/gallery\/ionel-ghika\/thumbs\/thumbs_11-ionel-ghica-marele-voevod-mihai-g-zamfirescu-sosire-bucirest.jpg\" data-image-id=\"758\" data-title=\"Marele Voevod Mihai alaturi de Ionel Ghica - sosirea la Bucuresti\" data-description=\"Marele Voevod Mihai alaturi de Ionel Ghica - sosirea la Bucuresti\" data-image-slug=\"marele-voevod-mihai-alaturi-de-ionel-ghica-sosirea-la-bucuresti\" style=\"font-family: var( --e-global-typography-text-font-family ), Sans-serif; font-size: var( --e-global-typography-text-font-size ); font-style: var( --e-global-typography-text-font-style ); letter-spacing: var( --e-global-typography-text-letter-spacing ); text-transform: var( --e-global-typography-text-text-transform ); word-spacing: var( --e-global-typography-text-word-spacing );\"><img loading=\"lazy\" decoding=\"async\" title=\"Marele Voevod Mihai alaturi de Ionel Ghica - sosirea la Bucuresti\" src=\"http:\/\/v2.irinelnicoara.ro\/aviatie\/wp-content\/gallery\/ionel-ghika\/thumbs\/thumbs_11-ionel-ghica-marele-voevod-mihai-g-zamfirescu-sosire-bucirest.jpg\" alt=\"Marele Voevod Mihai alaturi de Ionel Ghica - sosirea la Bucuresti\" width=\"150\" height=\"150\"><\/a>&nbsp;<a title=\"Ionel Ghica\" href=\"http:\/\/v2.irinelnicoara.ro\/aviatie\/wp-content\/gallery\/ionel-ghika\/11-ionel-ghica-trofeu-03.jpg\" data-src=\"http:\/\/v2.irinelnicoara.ro\/aviatie\/wp-content\/gallery\/ionel-ghika\/11-ionel-ghica-trofeu-03.jpg\" data-thumbnail=\"http:\/\/v2.irinelnicoara.ro\/aviatie\/wp-content\/gallery\/ionel-ghika\/thumbs\/thumbs_11-ionel-ghica-trofeu-03.jpg\" data-image-id=\"759\" data-title=\"Ionel Ghica\" data-description=\"Ionel Ghica\" data-image-slug=\"ionel-ghica-3\" style=\"font-family: var( --e-global-typography-text-font-family ), Sans-serif; font-size: var( --e-global-typography-text-font-size ); font-style: var( --e-global-typography-text-font-style ); letter-spacing: var( --e-global-typography-text-letter-spacing ); text-transform: var( --e-global-typography-text-text-transform ); word-spacing: var( --e-global-typography-text-word-spacing );\"><img loading=\"lazy\" decoding=\"async\" title=\"Ionel Ghica\" src=\"http:\/\/v2.irinelnicoara.ro\/aviatie\/wp-content\/gallery\/ionel-ghika\/thumbs\/thumbs_11-ionel-ghica-trofeu-03.jpg\" alt=\"Ionel Ghica\" width=\"149\" height=\"150\"><\/a>&nbsp;<a title=\"Ionel Ghica si Octav Oculeanu\" href=\"http:\/\/v2.irinelnicoara.ro\/aviatie\/wp-content\/gallery\/ionel-ghika\/ionel-ghica-si-octav-oculeanu.jpg\" data-src=\"http:\/\/v2.irinelnicoara.ro\/aviatie\/wp-content\/gallery\/ionel-ghika\/ionel-ghica-si-octav-oculeanu.jpg\" data-thumbnail=\"http:\/\/v2.irinelnicoara.ro\/aviatie\/wp-content\/gallery\/ionel-ghika\/thumbs\/thumbs_ionel-ghica-si-octav-oculeanu.jpg\" data-image-id=\"875\" data-title=\"Ionel Ghica si Octav Oculeanu\" data-description=\"Ionel Ghica si Octav Oculeanu\" data-image-slug=\"ionel-ghica-si-octav-oculeanu\" style=\"font-family: var( --e-global-typography-text-font-family ), Sans-serif; font-size: var( --e-global-typography-text-font-size ); font-style: var( --e-global-typography-text-font-style ); letter-spacing: var( --e-global-typography-text-letter-spacing ); text-transform: var( --e-global-typography-text-text-transform ); word-spacing: var( --e-global-typography-text-word-spacing );\"><img loading=\"lazy\" decoding=\"async\" title=\"Ionel Ghica si Octav Oculeanu\" src=\"http:\/\/v2.irinelnicoara.ro\/aviatie\/wp-content\/gallery\/ionel-ghika\/thumbs\/thumbs_ionel-ghica-si-octav-oculeanu.jpg\" alt=\"Ionel Ghica si Octav Oculeanu\" width=\"150\" height=\"150\"><\/a><\/div><\/div>\t\t\t\t\t\t\t\t<\/div>\n\t\t\t\t<\/div>\n\t\t\t\t\t<\/div>\n\t\t<\/div>\n\t\t\t\t\t<\/div>\n\t\t<\/section>\n\t\t\t\t<section class=\"elementor-section elementor-top-section elementor-element elementor-element-60088fd elementor-section-boxed elementor-section-height-default elementor-section-height-default\" data-id=\"60088fd\" data-element_type=\"section\" data-e-type=\"section\">\n\t\t\t\t\t\t<div class=\"elementor-container elementor-column-gap-default\">\n\t\t\t\t\t<div class=\"elementor-column elementor-col-100 elementor-top-column elementor-element elementor-element-8ba1075\" data-id=\"8ba1075\" data-element_type=\"column\" data-e-type=\"column\">\n\t\t\t<div class=\"elementor-widget-wrap elementor-element-populated\">\n\t\t\t\t\t\t<div class=\"elementor-element elementor-element-55b815f elementor-widget elementor-widget-text-editor\" data-id=\"55b815f\" data-element_type=\"widget\" data-e-type=\"widget\" id=\"avioane-section\" data-widget_type=\"text-editor.default\">\n\t\t\t\t<div class=\"elementor-widget-container\">\n\t\t\t\t\t\t\t\t\t<h2>Planes<\/h2><p>\u00a0 \u00a0 \u00a0<a class=\"thumbnail\" title=\"de Havilland DH.60 Moth\" href=\"http:\/\/v2.irinelnicoara.ro\/aviatie\/moth-de-havilland-gipsy\/\"><img loading=\"lazy\" decoding=\"async\" class=\"attachment-65x65 size-65x65 wp-post-image\" title=\"de Havilland DH.60 Moth\" src=\"http:\/\/v2.irinelnicoara.ro\/aviatie\/wp-content\/uploads\/2012\/08\/dh-60g-iii_moth_g-adhe_at_coventry-150x150.jpg\" alt=\"de Havilland DH.60 Moth\" width=\"65\" height=\"65\" \/> \u00a0<\/a><a class=\"post_title\" title=\"de Havilland DH.60 Moth\" href=\"\/en\/bazu-cantacuzino\/moth-de-havilland-gipsy\/\" rel=\"bookmark\">de Havilland DH.60 Moth<\/a><\/p><p>\u00a0 \u00a0 \u00a0<a class=\"thumbnail\" title=\"Havilland 115 CP\" href=\"http:\/\/v2.irinelnicoara.ro\/aviatie\/havilland-115-cp\/\"><img loading=\"lazy\" decoding=\"async\" class=\"attachment-65x65 size-65x65 wp-post-image\" title=\"Havilland 115 CP\" src=\"http:\/\/v2.irinelnicoara.ro\/aviatie\/wp-content\/uploads\/2012\/08\/800px-de_havilland_dh_71_tiger_moth-150x150.jpg\" alt=\"Havilland 115 CP\" width=\"65\" height=\"65\" \/> \u00a0<\/a><a class=\"post_title\" title=\"Havilland 115 CP\" href=\"\/en\/flota\/havilland-115-cp\/\" rel=\"bookmark\">Havilland 115 CP<\/a><\/p>\t\t\t\t\t\t\t\t<\/div>\n\t\t\t\t<\/div>\n\t\t\t\t\t<\/div>\n\t\t<\/div>\n\t\t\t\t\t<\/div>\n\t\t<\/section>\n\t\t\t\t<section class=\"elementor-section elementor-top-section elementor-element elementor-element-dbd9e4a elementor-section-boxed elementor-section-height-default elementor-section-height-default\" data-id=\"dbd9e4a\" data-element_type=\"section\" data-e-type=\"section\">\n\t\t\t\t\t\t<div class=\"elementor-container elementor-column-gap-default\">\n\t\t\t\t\t<div class=\"elementor-column elementor-col-100 elementor-top-column elementor-element elementor-element-ead93ca\" data-id=\"ead93ca\" data-element_type=\"column\" data-e-type=\"column\">\n\t\t\t<div class=\"elementor-widget-wrap elementor-element-populated\">\n\t\t\t\t\t\t<div class=\"elementor-element elementor-element-bc5db39 elementor-widget elementor-widget-text-editor\" data-id=\"bc5db39\" data-element_type=\"widget\" data-e-type=\"widget\" id=\"arhive-section\" data-widget_type=\"text-editor.default\">\n\t\t\t\t<div class=\"elementor-widget-container\">\n\t\t\t\t\t\t\t\t\t<div style=\"letter-spacing: normal; margin: 0px; padding: 0px; border: 0px; outline: 0px; font-size: 12px; vertical-align: baseline; font-family: Arial, Helvetica, Garuda, sans-serif; font-variant-ligatures: normal; orphans: 2; widows: 2; text-decoration-thickness: initial;\"><ul style=\"margin-right: 0px; margin-bottom: 0px; margin-left: 0px; padding-left: 0px; border: 0px; outline: 0px; vertical-align: baseline; list-style: none;\"><li><h2>Archives<\/h2><\/li><li>\u00a0<\/li><li style=\"margin: 0px 0px 0px 0.85em; padding: 5px 0px; border: 0px; outline: 0px; vertical-align: baseline;\"><a style=\"margin: 4px 8px 8px 0px; padding: 0px; vertical-align: baseline; background-image: none; color: #333333; outline: none 0px; text-decoration: underline; line-height: 12px; display: block; float: left; border: 1px solid #eeeeee;\" title=\"&quot;Adev\u0103rul&quot; newspaper - 21 Oct. 1930\" href=\"http:\/\/v2.irinelnicoara.ro\/aviatie\/adevarul-21-oct-1930-ref-3314\/\"><img loading=\"lazy\" decoding=\"async\" style=\"margin: 0px; padding: 0px; border: 1px solid #ffffff; outline: 0px; vertical-align: baseline; display: block; height: 65px; width: 65px;\" title=\"&quot;Adev\u0103rul&quot; newspaper - 21 Oct. 1930\" src=\"http:\/\/v2.irinelnicoara.ro\/aviatie\/wp-content\/uploads\/2013\/01\/IMG_33141-150x150.jpg\" alt=\"Ziarul \u201eAdev\u0103rul\u201d \u2013 21 oct. 1930\" width=\"65\" height=\"65\" \/><\/a><div style=\"margin: 0px; padding: 0px; border: 0px; outline: 0px; vertical-align: baseline; overflow: hidden;\"><a style=\"margin: 0px; padding: 0px; vertical-align: baseline; background-image: none; color: #666666; outline: none 0px; line-height: 20px;\" title=\"&quot;Adev\u0103rul&quot; newspaper - 21 Oct. 1930\" href=\"http:\/\/v2.irinelnicoara.ro\/aviatie\/adevarul-21-oct-1930-ref-3314\/\" rel=\"bookmark\">\"Adev\u0103rul\" newspaper - 21 Oct. 1930<\/a><p style=\"margin-bottom: 0px; padding: 0px; border: 0px; outline: 0px; vertical-align: baseline;\">\u00a0<\/p><p style=\"margin-bottom: 0px; padding: 0px; border: 0px; outline: 0px; vertical-align: baseline;\">Ziarul \u201eAdev\u0103rul\u201d \u2013 21 oct. 1930 Voievodul Mihai a \u00eenm\u00e2nat brevetele\u2026<\/p><\/div><div style=\"margin: 0px; padding: 0px; border: 0px; outline: 0px; font-size: 0px; vertical-align: baseline; clear: both; height: 0px; line-height: 0; width: 587.805px; overflow: hidden;\">\u00a0<\/div><\/li><li style=\"margin: 0px 0px 0px 0.85em; padding: 5px 0px; border: 0px; outline: 0px; vertical-align: baseline;\"><a style=\"margin: 4px 8px 8px 0px; padding: 0px; vertical-align: baseline; background-image: none; color: #666666; outline: none 0px; line-height: 12px; display: block; float: left; border: 1px solid #eeeeee;\" title=\"The French newspaper &quot;Le moment&quot; - June 28. 1936\" href=\"http:\/\/v2.irinelnicoara.ro\/aviatie\/le-moment-28-iunie-1936-ref-4136\/\"><img loading=\"lazy\" decoding=\"async\" style=\"margin: 0px; padding: 0px; border: 1px solid #ffffff; outline: 0px; vertical-align: baseline; display: block; height: 65px; width: 65px;\" title=\"The French newspaper &quot;Le moment&quot; - June 28. 1936\" src=\"http:\/\/v2.irinelnicoara.ro\/aviatie\/wp-content\/uploads\/2013\/01\/IMG_41361-150x150.jpg\" alt=\"Ziarul fran\u0163uzesc \u201eLe moment\u201d \u2013 28 iun. 1936\" width=\"65\" height=\"65\" \/><\/a><div style=\"margin: 0px; padding: 0px; border: 0px; outline: 0px; vertical-align: baseline; overflow: hidden;\"><a style=\"margin: 0px; padding: 0px; vertical-align: baseline; background-image: none; color: #666666; outline: none 0px; line-height: 20px;\" title=\"The French newspaper &quot;Le moment&quot; - June 28. 1936\" href=\"http:\/\/v2.irinelnicoara.ro\/aviatie\/le-moment-28-iunie-1936-ref-4136\/\" rel=\"bookmark\">The French newspaper \"Le moment\" - June 28. 1936<\/a><p style=\"margin-bottom: 0px; padding: 0px; border: 0px; outline: 0px; vertical-align: baseline;\">\u00a0<\/p><p style=\"margin-bottom: 0px; padding: 0px; border: 0px; outline: 0px; vertical-align: baseline;\">Ziarul fran\u0163uzesc \u201eLe moment\u201d \u2013 28 iun. 1936 \u00cen memoria unui erou al aerul\u2026<\/p><\/div><div style=\"margin: 0px; padding: 0px; border: 0px; outline: 0px; font-size: 0px; vertical-align: baseline; clear: both; height: 0px; line-height: 0; width: 587.805px; overflow: hidden;\">\u00a0<\/div><\/li><\/ul><br \/><ul style=\"margin-right: 0px; margin-bottom: 0px; margin-left: 0px; padding-left: 0px; border: 0px; outline: 0px; vertical-align: baseline; list-style: none;\"><li style=\"margin: 0px 0px 0px 0.85em; padding: 5px 0px; border: 0px; outline: 0px; vertical-align: baseline;\"><a style=\"margin: 4px 8px 8px 0px; padding: 0px; vertical-align: baseline; background-image: none; color: #666666; outline: none 0px; line-height: 12px; display: block; float: left; border: 1px solid #eeeeee;\" title=\"&quot;Gazeta&quot; March 30, 1937 - Ref 4421\" href=\"http:\/\/v2.irinelnicoara.ro\/aviatie\/gazeta-30-martie-1937-ref-4421\/\"><img loading=\"lazy\" decoding=\"async\" style=\"margin: 0px; padding: 0px; border: 1px solid #ffffff; outline: 0px; vertical-align: baseline; display: block; height: 65px; width: 65px;\" title=\"&quot;Gazeta&quot; March 30, 1937 - Ref 4421\" src=\"http:\/\/v2.irinelnicoara.ro\/aviatie\/wp-content\/uploads\/2013\/01\/IMG_4421-150x150.jpg\" alt=\"\u201eGazeta\u201d 30 martie 1937 \u2013 Ref 4421\" width=\"65\" height=\"65\" \/><\/a><div style=\"margin: 0px; padding: 0px; border: 0px; outline: 0px; vertical-align: baseline; overflow: hidden;\"><a style=\"margin: 0px; padding: 0px; vertical-align: baseline; background-image: none; color: #666666; outline: none 0px; line-height: 20px;\" title=\"&quot;Gazeta&quot; March 30, 1937 - Ref 4421\" href=\"http:\/\/v2.irinelnicoara.ro\/aviatie\/gazeta-30-martie-1937-ref-4421\/\" rel=\"bookmark\">\"Gazeta\" March 30, 1937 - Ref 4421<\/a><p style=\"margin-bottom: 0px; padding: 0px; border: 0px; outline: 0px; vertical-align: baseline;\">\u00a0<\/p><p style=\"margin-bottom: 0px; padding: 0px; border: 0px; outline: 0px; vertical-align: baseline;\">\u00a0\u201eGazeta\u201d 30 martie 1937 Rom\u00e2nce \u00een carling\u0103 Sunt men\u021bionate Marina\u2026<\/p><\/div><\/li><\/ul><\/div>\t\t\t\t\t\t\t\t<\/div>\n\t\t\t\t<\/div>\n\t\t\t\t\t<\/div>\n\t\t<\/div>\n\t\t\t\t\t<\/div>\n\t\t<\/section>\n\t\t\t\t<\/div>","protected":false},"excerpt":{"rendered":"<p>Profil Galerie Avioane Arhive Ionel Ghica Data na\u015fterii: 1904Data decesului: 30 mai 1932Locul na\u0219terii: Bucuresti \u201eDin cercul t\u00e2n\u0103r \u015fi entuziast de amatori, se scria \u00een revista \u201eAripi\u201d, anul II, nr.26 din 15 martie 1932, str\u00e2n\u015fi \u00een jurul regretatului Mircea Cantacuzino, f\u0103r\u0103 \u00eendoial\u0103 c\u0103 domnul Ionel Ghica practic\u0103 turismul aerian \u00een adev\u0103rata accep\u0163ie a cuv\u00e2ntului\u2026\u201d. De\u015fi [&hellip;]<\/p>","protected":false},"author":5,"featured_media":0,"parent":0,"menu_order":0,"comment_status":"closed","ping_status":"closed","template":"","meta":{"footnotes":""},"class_list":["post-7994","page","type-page","status-publish","hentry"],"_links":{"self":[{"href":"https:\/\/aviatie-mircea-cantacuzino.ro\/en\/wp-json\/wp\/v2\/pages\/7994","targetHints":{"allow":["GET"]}}],"collection":[{"href":"https:\/\/aviatie-mircea-cantacuzino.ro\/en\/wp-json\/wp\/v2\/pages"}],"about":[{"href":"https:\/\/aviatie-mircea-cantacuzino.ro\/en\/wp-json\/wp\/v2\/types\/page"}],"author":[{"embeddable":true,"href":"https:\/\/aviatie-mircea-cantacuzino.ro\/en\/wp-json\/wp\/v2\/users\/5"}],"replies":[{"embeddable":true,"href":"https:\/\/aviatie-mircea-cantacuzino.ro\/en\/wp-json\/wp\/v2\/comments?post=7994"}],"version-history":[{"count":0,"href":"https:\/\/aviatie-mircea-cantacuzino.ro\/en\/wp-json\/wp\/v2\/pages\/7994\/revisions"}],"wp:attachment":[{"href":"https:\/\/aviatie-mircea-cantacuzino.ro\/en\/wp-json\/wp\/v2\/media?parent=7994"}],"curies":[{"name":"wp","href":"https:\/\/api.w.org\/{rel}","templated":true}]}}