{"id":789,"date":"2012-12-06T13:47:29","date_gmt":"2012-12-06T13:47:29","guid":{"rendered":"http:\/\/v2.irinelnicoara.ro\/aviatie\/?page_id=789"},"modified":"2023-09-30T09:38:52","modified_gmt":"2023-09-30T07:38:52","slug":"dare-de-seama-1933","status":"publish","type":"page","link":"https:\/\/aviatie-mircea-cantacuzino.ro\/en\/scoala-de-aviatie\/documentele-scolii\/dare-de-seama\/dare-de-seama-1933\/","title":{"rendered":"Notice 1933"},"content":{"rendered":"<p><a title=\"_MG_6072\" href=\"https:\/\/aviatie-mircea-cantacuzino.ro\/wp-content\/uploads\/2012\/12\/MG_6072.jpg\" rel=\"prettyPhoto-img\"><img fetchpriority=\"high\" decoding=\"async\" class=\"alignleft size-medium wp-image-790\" title=\"_MG_6072\" src=\"https:\/\/aviatie-mircea-cantacuzino.ro\/wp-content\/uploads\/2012\/12\/MG_6072-300x200.jpg\" alt=\"\" width=\"300\" height=\"200\" srcset=\"https:\/\/aviatie-mircea-cantacuzino.ro\/wp-content\/uploads\/2012\/12\/MG_6072-300x200.jpg 300w, https:\/\/aviatie-mircea-cantacuzino.ro\/wp-content\/uploads\/2012\/12\/MG_6072-768x512.jpg 768w, https:\/\/aviatie-mircea-cantacuzino.ro\/wp-content\/uploads\/2012\/12\/MG_6072-18x12.jpg 18w, https:\/\/aviatie-mircea-cantacuzino.ro\/wp-content\/uploads\/2012\/12\/MG_6072-600x400.jpg 600w, https:\/\/aviatie-mircea-cantacuzino.ro\/wp-content\/uploads\/2012\/12\/MG_6072-560x374.jpg 560w, https:\/\/aviatie-mircea-cantacuzino.ro\/wp-content\/uploads\/2012\/12\/MG_6072.jpg 1024w\" sizes=\"(max-width: 300px) 100vw, 300px\" \/><\/a><\/p>\n<p align=\"CENTER\">Asocia<span style=\"font-family: Arial,sans-serif;\">\u0163<\/span>ia Pentru Prop<span style=\"font-family: Arial,sans-serif;\">\u0103\u015f<\/span>irea Turismului Aerian<\/p>\n<p align=\"CENTER\">&#8222;MIRCEA CANTACUZINO&#8221;<\/p>\n<p style=\"text-align: center;\"><strong>Dare de Seam<span style=\"font-family: Arial,sans-serif;\">\u0103<\/span><\/strong><\/p>\n<p align=\"CENTER\"><strong>1933<\/strong><\/p>\n<p>&nbsp;<\/p>\n<p><a title=\"_MG_6073\" href=\"https:\/\/aviatie-mircea-cantacuzino.ro\/wp-content\/uploads\/2012\/12\/MG_6073.jpg\" rel=\"prettyPhoto-img\"><img decoding=\"async\" class=\"alignleft size-medium wp-image-791\" title=\"_MG_6073\" src=\"https:\/\/aviatie-mircea-cantacuzino.ro\/wp-content\/uploads\/2012\/12\/MG_6073-200x300.jpg\" alt=\"\" width=\"200\" height=\"300\" srcset=\"https:\/\/aviatie-mircea-cantacuzino.ro\/wp-content\/uploads\/2012\/12\/MG_6073-200x300.jpg 200w, https:\/\/aviatie-mircea-cantacuzino.ro\/wp-content\/uploads\/2012\/12\/MG_6073-8x12.jpg 8w, https:\/\/aviatie-mircea-cantacuzino.ro\/wp-content\/uploads\/2012\/12\/MG_6073-400x600.jpg 400w, https:\/\/aviatie-mircea-cantacuzino.ro\/wp-content\/uploads\/2012\/12\/MG_6073-374x560.jpg 374w, https:\/\/aviatie-mircea-cantacuzino.ro\/wp-content\/uploads\/2012\/12\/MG_6073.jpg 683w\" sizes=\"(max-width: 200px) 100vw, 200px\" \/><\/a><\/p>\n<p align=\"CENTER\"><em>Doamnelor <span style=\"font-family: Arial,sans-serif;\">\u015f<\/span>i Domnilor,<\/em><\/p>\n<p><span style=\"font-family: Arial,sans-serif;\">\u00cenainte de a prezenta \u00een fa\u0163a Domniilor Voastre Darea de Seam\u0103 asupra activit\u0103\u0163ii Asocia\u0163iei, \u00een cursul anului 1933, s\u0103 \u00eendrept\u0103m primul nostru g\u00e2nd M.S. Regelui, asigur\u00e2ndu-L de \u00eentreaga credin\u0163\u0103 ce-I purt\u0103m, de ad\u00e2ncul devotament \u015fi nestr\u0103mutata noastr\u0103 dragoste c\u0103tre Tron \u015fi \u0162ar\u0103 \u015fi din tot sufletul s\u0103-I ur\u0103m ani mul\u0163i de domnie glorioas\u0103. <\/span><\/p>\n<p><span style=\"font-family: Arial,sans-serif;\">A.S.R. Principele Nicolae al Rom\u00e2niei, Pre\u015fedintele nostru de onoare care a dat zi de zi dovad\u0103 de interesul ce-L poart\u0103 turismului aerian \u015fi avia\u0163iei \u00een genere, \u00cei aducem prinosul recuno\u015ftin\u0163ei noastre pentru sprijinul ce ni L-a acordat. <\/span><\/p>\n<p align=\"LEFT\"><a title=\"_MG_6074\" href=\"https:\/\/aviatie-mircea-cantacuzino.ro\/wp-content\/uploads\/2012\/12\/MG_6074.jpg\" rel=\"prettyPhoto-img\"><img decoding=\"async\" class=\"alignleft size-medium wp-image-792\" title=\"_MG_6074\" src=\"https:\/\/aviatie-mircea-cantacuzino.ro\/wp-content\/uploads\/2012\/12\/MG_6074-200x300.jpg\" alt=\"\" width=\"200\" height=\"300\" srcset=\"https:\/\/aviatie-mircea-cantacuzino.ro\/wp-content\/uploads\/2012\/12\/MG_6074-200x300.jpg 200w, https:\/\/aviatie-mircea-cantacuzino.ro\/wp-content\/uploads\/2012\/12\/MG_6074-8x12.jpg 8w, https:\/\/aviatie-mircea-cantacuzino.ro\/wp-content\/uploads\/2012\/12\/MG_6074-400x600.jpg 400w, https:\/\/aviatie-mircea-cantacuzino.ro\/wp-content\/uploads\/2012\/12\/MG_6074-374x560.jpg 374w, https:\/\/aviatie-mircea-cantacuzino.ro\/wp-content\/uploads\/2012\/12\/MG_6074.jpg 683w\" sizes=\"(max-width: 200px) 100vw, 200px\" \/><\/a><\/p>\n<p align=\"CENTER\"><em>Doamnelor <em>\u015f<\/em>i Domnilor,<\/em><\/p>\n<p><span style=\"font-family: Arial,sans-serif;\">Ca \u015fi \u00een ceilal\u0163i ani dela \u00eenfiin\u0163area Asocia\u0163iei \u015fi \u00een anul acesta trebue s\u0103 exprim fa\u0163\u0103 de Domniile Voastre durerea de a nu ne fi putut \u00eentruni cu to\u0163ii, moartea smulg\u00e2nd dintre noi pe C\u0103pitanul St\u0103nculescu, membru \u015fi fost director al \u015ecoalei noastre de pilotaj. <\/span><\/p>\n<p align=\"CENTER\">Doamnelor <em>\u015f<\/em>i Domnilor,<\/p>\n<p><span style=\"font-family: Arial,sans-serif;\">Cu aceea\u015f n\u0103dejde \u015fi cu acela\u015f entuziasm ca \u015fi \u00een to\u0163i anii am plecat la munc\u0103 neprecupe\u0163ind nimic, pentru ideea pe care Mircea Cantacuzino, cu jertfa vie\u0163ii sale, a \u015ftiut s\u0103 ne-o insufle. Am trecut prin greut\u0103\u0163i \u015fi neajunsuri, care dela an la an cad mai ap\u0103s\u0103toare pe aripile noastre de abia \u00eenjghebate, greut\u0103\u0163i \u00eens\u0103 pe care le-am \u00eenvins gra\u0163ie idealului s\u0103dit pe veci \u00een spiritul \u015ecoalei de avia\u0163ie Mircea Cantacuzino, put\u00e2ndu-ne prezenta ast\u0103zi \u00een fa\u0163a Dv. cu un rezultat str\u0103lucit.<\/span><\/p>\n<p><a title=\"_MG_6075\" href=\"https:\/\/aviatie-mircea-cantacuzino.ro\/wp-content\/uploads\/2012\/12\/MG_6075.jpg\" rel=\"prettyPhoto-img\"><img loading=\"lazy\" decoding=\"async\" title=\"_MG_6075\" src=\"https:\/\/aviatie-mircea-cantacuzino.ro\/wp-content\/uploads\/2012\/12\/MG_6075-200x300.jpg\" alt=\"\" width=\"200\" height=\"300\"><\/a><\/p>\n<p><span style=\"font-family: Arial,sans-serif;\">Tot at\u00e2t de s\u0103raci ca \u015fi \u00een ceilal\u0163i ani \u015fi cu mijloace tot at\u00e2t de reduse \u015fcoala \u00ee\u015fi \u00eencepe activitatea de sbor cu dou\u0103 avionete: un Messerschmitt 100 HP \u015fi un Klemm 40 HP. ca material, iar ca personal av\u00e2nd un director care a \u00eendeplinit \u015fi func\u0163iunea de instructor de sbor, un mecanic \u015fi un furier. <\/span><\/p>\n<p><span style=\"font-family: Arial,sans-serif;\">Se \u00eenscriu \u00een cursul anului 18 elevi dintre care 2 se retrag de la primele sboruri, unul a fost radiat din lipsa de aptitudini, iar restul de 15 elevi \u015fi anume: <\/span><\/p>\n<p align=\"LEFT\">Sami Heinrich &#8211; comerciant<\/p>\n<p align=\"LEFT\">Walter Popa &#8211; inginer<\/p>\n<p align=\"LEFT\">C. Cantacuzino &#8211; proprietar<\/p>\n<p align=\"LEFT\"><span style=\"font-family: Arial,sans-serif;\">\u015e<\/span>erban Baranga &#8211; avocat<\/p>\n<p align=\"LEFT\">Radu Lobey &#8211; avocat<\/p>\n<p align=\"LEFT\">V. Dumitrescu &#8211; avocat<\/p>\n<p align=\"LEFT\">N. Costescu &#8211; avocat<\/p>\n<p align=\"LEFT\">Gh. S<span style=\"font-family: Arial,sans-serif;\">\u00e2<\/span>rbulescu &#8211; medic<\/p>\n<p align=\"LEFT\">D. B\u0103lescu &#8211; inginer<\/p>\n<p align=\"LEFT\">I. Manicatide &#8211; inginer<\/p>\n<p><span style=\"font-family: Arial,sans-serif;\">Comorniki M. &#8211; voluntar pentru a intra \u00een armat\u0103<\/span><\/p>\n<p><span style=\"font-family: Arial,sans-serif;\">Petche\u015f J. &#8211; voluntar pentru a intra \u00een armat\u0103<\/span><\/p>\n<p><span style=\"font-family: Arial,sans-serif;\">Ciobanu V. &#8211; idem<\/span><\/p>\n<p><span style=\"font-family: Arial,sans-serif;\">Ghit\u0103 N. &#8211; idem<\/span><\/p>\n<p><span style=\"font-family: Arial,sans-serif;\">Irina Burnaia &#8211; licen\u0163iat\u0103<\/span><\/p>\n<p><span style=\"font-family: Arial,sans-serif;\">ob\u0163in cu to\u0163ii brevetul de pilot.<\/span><\/p>\n<p><a title=\"_MG_6076\" href=\"https:\/\/aviatie-mircea-cantacuzino.ro\/wp-content\/uploads\/2012\/12\/MG_6076.jpg\" rel=\"prettyPhoto-img\"><img loading=\"lazy\" decoding=\"async\" class=\"alignleft size-medium wp-image-794\" title=\"_MG_6076\" src=\"https:\/\/aviatie-mircea-cantacuzino.ro\/wp-content\/uploads\/2012\/12\/MG_6076-200x300.jpg\" alt=\"\" width=\"200\" height=\"300\" srcset=\"https:\/\/aviatie-mircea-cantacuzino.ro\/wp-content\/uploads\/2012\/12\/MG_6076-200x300.jpg 200w, https:\/\/aviatie-mircea-cantacuzino.ro\/wp-content\/uploads\/2012\/12\/MG_6076-8x12.jpg 8w, https:\/\/aviatie-mircea-cantacuzino.ro\/wp-content\/uploads\/2012\/12\/MG_6076-400x600.jpg 400w, https:\/\/aviatie-mircea-cantacuzino.ro\/wp-content\/uploads\/2012\/12\/MG_6076-374x560.jpg 374w, https:\/\/aviatie-mircea-cantacuzino.ro\/wp-content\/uploads\/2012\/12\/MG_6076.jpg 683w\" sizes=\"(max-width: 200px) 100vw, 200px\" \/><\/a>S&#8217;au executat 628 ore de sbor, repartizate astfel: 337 pentru instruirea noilor elevi, iar restul de 291 ore pentru antrenamentul <span style=\"font-family: Arial,sans-serif;\">pilo\u0163ilor vechi, pentru ob\u0163inerea brevetului Gr. II \u015fi pentru antrenamentul a cinci piloti de rezerv\u0103 func\u0163ionari ai avia\u0163iei civile.<\/span><\/p>\n<p><span style=\"font-family: Arial,sans-serif;\">Pilo\u0163ii vechi ai Asocia\u0163iei au executat pe avioanele \u015fcoalei urm\u0103toarele sboruri: <\/span><\/p>\n<p align=\"LEFT\">C. Sidery 23 ore 53&#8243;<\/p>\n<p align=\"LEFT\">V. Toma 25 ore 27&#8243;<\/p>\n<p align=\"LEFT\">Ioana Cantacuzino 17 ore 40&#8243;<\/p>\n<p align=\"LEFT\">Poulieff 12 ore 49&#8243;<\/p>\n<p align=\"LEFT\">Gh. Bal\u015f 11 __&#8221;<\/p>\n<p align=\"LEFT\">Gh. Ursu 11 ore 12&#8243;<\/p>\n<p align=\"LEFT\">I. Cocia\u015fu 10 ore 25&#8243;<\/p>\n<p align=\"LEFT\">Sbloc. Tresnea Greceanu 9 ore 12&#8243;<\/p>\n<p align=\"LEFT\">Ing. Perliss 8 ore 22&#8243;<\/p>\n<p align=\"LEFT\">Maior Url\u0103\u0163eanu 6 ore 26&#8243;<\/p>\n<p align=\"LEFT\">Ing. Psepilinsky 6 ore 20&#8243;<\/p>\n<p align=\"LEFT\">V. Sl\u0103teanu 6 ore 15&#8243;<\/p>\n<p align=\"LEFT\">I. Hausvater 5 ore 50&#8243;<\/p>\n<p><a title=\"_MG_6077\" href=\"https:\/\/aviatie-mircea-cantacuzino.ro\/wp-content\/uploads\/2012\/12\/MG_6077.jpg\" rel=\"prettyPhoto-img\"><img loading=\"lazy\" decoding=\"async\" class=\"alignleft size-medium wp-image-795\" title=\"_MG_6077\" src=\"https:\/\/aviatie-mircea-cantacuzino.ro\/wp-content\/uploads\/2012\/12\/MG_6077-200x300.jpg\" alt=\"\" width=\"200\" height=\"300\" srcset=\"https:\/\/aviatie-mircea-cantacuzino.ro\/wp-content\/uploads\/2012\/12\/MG_6077-200x300.jpg 200w, https:\/\/aviatie-mircea-cantacuzino.ro\/wp-content\/uploads\/2012\/12\/MG_6077-8x12.jpg 8w, https:\/\/aviatie-mircea-cantacuzino.ro\/wp-content\/uploads\/2012\/12\/MG_6077-400x600.jpg 400w, https:\/\/aviatie-mircea-cantacuzino.ro\/wp-content\/uploads\/2012\/12\/MG_6077-374x560.jpg 374w, https:\/\/aviatie-mircea-cantacuzino.ro\/wp-content\/uploads\/2012\/12\/MG_6077.jpg 683w\" sizes=\"(max-width: 200px) 100vw, 200px\" \/><\/a>Pilo\u0163i de rezerv\u0103 func\u0163ionari ai Avia\u0163iei Civile au executat pe avioanele \u015fcoalei urm\u0103toarele sboruri:<\/p>\n<p align=\"LEFT\">Ioan Simion 16 ore 11&#8243;<\/p>\n<p align=\"LEFT\">Ionescu Desandre 15 ore 35&#8243;<\/p>\n<p align=\"LEFT\">Cpt. Ol\u0103nescu 15 ore 35&#8243;<\/p>\n<p align=\"LEFT\">Cpt. Popa 12 ore 15&#8243;<\/p>\n<p align=\"LEFT\">M\u0103nescu 8 ore 15&#8243;<\/p>\n<p align=\"LEFT\">Eremia 6 ore 25&#8243;<\/p>\n<p align=\"LEFT\">Raidurile executate pe avioanele Asocia\u0163iei:<\/p>\n<p align=\"LEFT\">G.V.Bibescu-Max Manolescu Buc. &#8211; Tg.-Jiu<\/p>\n<p align=\"LEFT\">\u015fi retur,<\/p>\n<p align=\"LEFT\">Ioana Cantacuzino, Buc \u2013 Constan\u0163a retur, Buc. &#8211; Buz\u0103u \u015fi retur.<\/p>\n<p align=\"LEFT\">C Sidery, Buc. &#8211; Constan\u0163a \u015fi retur.<\/p>\n<p align=\"LEFT\">C Cantacuzino, Buc. &#8211; Tecuci \u2013 Tescani \u2013 Buzeu \u2013 Bucure\u015fti, Buc.&#8211;Flore\u015fti \u015fi retur ob\u0163in\u00e2nd \u00een urma acestor raiduri brevetul Gr. II.<\/p>\n<p align=\"LEFT\">S&#8217;au mai executat raiduri \u00een vederea ob\u0163inerei brevetului Gr. II \u00een dubl\u0103 comand\u0103 cu D-nii: Samy Hainrich, Gh. Bal\u015f \u015fi Radu Lobey.<\/p>\n<p><a title=\"_MG_6078\" href=\"https:\/\/aviatie-mircea-cantacuzino.ro\/wp-content\/uploads\/2012\/12\/MG_6078.jpg\" rel=\"prettyPhoto-img\"><img loading=\"lazy\" decoding=\"async\" class=\"alignleft size-medium wp-image-796\" title=\"_MG_6078\" src=\"https:\/\/aviatie-mircea-cantacuzino.ro\/wp-content\/uploads\/2012\/12\/MG_6078-200x300.jpg\" alt=\"\" width=\"200\" height=\"300\" srcset=\"https:\/\/aviatie-mircea-cantacuzino.ro\/wp-content\/uploads\/2012\/12\/MG_6078-200x300.jpg 200w, https:\/\/aviatie-mircea-cantacuzino.ro\/wp-content\/uploads\/2012\/12\/MG_6078-8x12.jpg 8w, https:\/\/aviatie-mircea-cantacuzino.ro\/wp-content\/uploads\/2012\/12\/MG_6078-400x600.jpg 400w, https:\/\/aviatie-mircea-cantacuzino.ro\/wp-content\/uploads\/2012\/12\/MG_6078-374x560.jpg 374w, https:\/\/aviatie-mircea-cantacuzino.ro\/wp-content\/uploads\/2012\/12\/MG_6078.jpg 683w\" sizes=\"(max-width: 200px) 100vw, 200px\" \/><\/a>Fa\u0163\u0103 de materialul \u015fi de mijloacele pe care \u015fcoala noastr\u0103 de pilotaj le-a avut la \u00eendem\u00e2n\u0103 rezultatul acestui an, \u00eentrece toate a\u015ftept\u0103rile \u015fi d\u0103 dreptul Asocia\u0163iei noastra s\u0103-\u015fi poarte cu m\u00e2ndrie titlul de <em>Asocia\u0163ia pentru prop\u0103\u015firea turismului aerian<\/em>&nbsp;\u00een Rom\u00e2nia.<\/p>\n<p align=\"LEFT\">Mul\u0163umit\u0103 acestui rezultat, \u015fcoala \u00eentrec\u00e2nd cu mult prevederile budgetului, \u00ee\u015fi \u00eenjghebeaz\u0103 un mic sediu, loca\u015f imperios necesar unei asocia\u0163iuni ca a noastr\u0103, \u00een care am creat dona\u0163iuni din partea D-nei Ioana Cantacuzino, cump\u0103r\u00e2nd din comer\u0163 \u015fi comand\u00e2nd din str\u0103in\u0103tate o bibliotec\u0103 aeronautic\u0103, care st\u0103 la dispozi\u0163ia tuturor membrilor \u015fi care este foarte apreciat\u0103.<\/p>\n<p align=\"CENTER\"><em>Doamnelor <em>\u015f<\/em>i Domnilor,<\/em><\/p>\n<p align=\"LEFT\">Dup\u0103 cu am ar\u0103tat Asocia\u0163ia noastr\u0103 \u015fi-a realizat scopul pentru care a fost creat\u0103.<\/p>\n<p><a title=\"_MG_6079\" href=\"https:\/\/aviatie-mircea-cantacuzino.ro\/wp-content\/uploads\/2012\/12\/MG_6079.jpg\" rel=\"prettyPhoto-img\"><img loading=\"lazy\" decoding=\"async\" class=\"alignleft size-medium wp-image-797\" title=\"_MG_6079\" src=\"https:\/\/aviatie-mircea-cantacuzino.ro\/wp-content\/uploads\/2012\/12\/MG_6079-200x300.jpg\" alt=\"\" width=\"200\" height=\"300\" srcset=\"https:\/\/aviatie-mircea-cantacuzino.ro\/wp-content\/uploads\/2012\/12\/MG_6079-200x300.jpg 200w, https:\/\/aviatie-mircea-cantacuzino.ro\/wp-content\/uploads\/2012\/12\/MG_6079-8x12.jpg 8w, https:\/\/aviatie-mircea-cantacuzino.ro\/wp-content\/uploads\/2012\/12\/MG_6079-400x600.jpg 400w, https:\/\/aviatie-mircea-cantacuzino.ro\/wp-content\/uploads\/2012\/12\/MG_6079-374x560.jpg 374w, https:\/\/aviatie-mircea-cantacuzino.ro\/wp-content\/uploads\/2012\/12\/MG_6079.jpg 683w\" sizes=\"(max-width: 200px) 100vw, 200px\" \/><\/a>Dragostea de sbor pe care am \u015ftiut s&#8217;o insufl\u0103m elevilor \u015fi pilo\u0163ilor ne pune ast\u0103zi \u00een situa\u0163ia de a nu mai putea face fa\u0163\u0103 cerin\u0163elor.<\/p>\n<p align=\"LEFT\">Pilo\u0163ii vor s\u0103 se des\u0103v\u00e2r\u015fiasc\u0103, noi elevi vin zilnic s\u0103 se \u00eenscrie, iar \u015fcoala noastr\u0103 se afl\u0103 cu materialul obosit \u015fi mult insuficient.<\/p>\n<p align=\"LEFT\">G\u00e2ndul nostru pentru a putea continua aceast\u0103 oper\u0103 de interes na\u0163ional se \u00eendreapt\u0103 c\u0103tre S.S.A.-Avia\u0163ia Civil\u0103-Aero-Clubul Regal al Rom\u00e2niei \u015fi c\u0103tre A.R.P.A. care are \u00een fruntea programului ei de \u00eenf\u0103ptuire o c\u00e2t mai mare desvoltare a turismului aerian \u00een Rom\u00e2nia.<\/p>\n<p align=\"LEFT\">Convin\u015fi fiind c\u0103 aceste patru mari institu\u0163ii pur aviatice, vor \u00een\u0163elege necesitatea existen\u0163ei noastre \u015fi asigur\u00e2ndu-le c\u0103 ajut\u00e2ndu-ne pe noi, ajut\u0103 avia\u0163ia rom\u00e2n\u0103, le aducem mul\u0163umirile noastre pentru tot sprijinul \u015fi concursul ce ni l&#8217;au dat p\u00e2n\u0103 \u00een prezent, rug\u00e2ndu-i s\u0103 nu uite c\u0103 lupt\u0103m pentru un scop comun: desvoltarea avia\u0163iei rom\u00e2ne.<\/p>\n<p><a title=\"_MG_6080\" href=\"https:\/\/aviatie-mircea-cantacuzino.ro\/wp-content\/uploads\/2012\/12\/MG_6080.jpg\" rel=\"prettyPhoto-img\"><img loading=\"lazy\" decoding=\"async\" class=\"alignleft size-medium wp-image-798\" title=\"_MG_6080\" src=\"https:\/\/aviatie-mircea-cantacuzino.ro\/wp-content\/uploads\/2012\/12\/MG_6080-200x300.jpg\" alt=\"\" width=\"200\" height=\"300\" srcset=\"https:\/\/aviatie-mircea-cantacuzino.ro\/wp-content\/uploads\/2012\/12\/MG_6080-200x300.jpg 200w, https:\/\/aviatie-mircea-cantacuzino.ro\/wp-content\/uploads\/2012\/12\/MG_6080-8x12.jpg 8w, https:\/\/aviatie-mircea-cantacuzino.ro\/wp-content\/uploads\/2012\/12\/MG_6080-400x600.jpg 400w, https:\/\/aviatie-mircea-cantacuzino.ro\/wp-content\/uploads\/2012\/12\/MG_6080-374x560.jpg 374w, https:\/\/aviatie-mircea-cantacuzino.ro\/wp-content\/uploads\/2012\/12\/MG_6080.jpg 683w\" sizes=\"(max-width: 200px) 100vw, 200px\" \/><\/a>Aceea\u015f rug\u0103minte o \u00eendrept\u0103m c\u0103tre Domniile-Voastre care a-\u0163i creat aceast\u0103 Asocia\u0163ie, care continue opera aceluia care s&#8217;a sacrificat pentru d\u00e2nsa \u015fi care nu are alte resurse, \u015fi deci nu va putea tr\u0103i dec\u00e2t cu sprijinul moral \u015fi material pe care Domniile Voastre sunte\u0163i chema\u0163i ca s\u0103-l da\u0163i.<\/p>\n<p>&nbsp;<\/p>\n<p>&nbsp;<\/p>\n<p>&nbsp;<\/p>\n<p><a title=\"_MG_6081\" href=\"https:\/\/aviatie-mircea-cantacuzino.ro\/wp-content\/uploads\/2012\/12\/MG_6081.jpg\" rel=\"prettyPhoto-img\"><img loading=\"lazy\" decoding=\"async\" class=\"alignleft size-medium wp-image-799\" title=\"_MG_6081\" src=\"https:\/\/aviatie-mircea-cantacuzino.ro\/wp-content\/uploads\/2012\/12\/MG_6081-200x300.jpg\" alt=\"\" width=\"200\" height=\"300\" srcset=\"https:\/\/aviatie-mircea-cantacuzino.ro\/wp-content\/uploads\/2012\/12\/MG_6081-200x300.jpg 200w, https:\/\/aviatie-mircea-cantacuzino.ro\/wp-content\/uploads\/2012\/12\/MG_6081-8x12.jpg 8w, https:\/\/aviatie-mircea-cantacuzino.ro\/wp-content\/uploads\/2012\/12\/MG_6081-400x600.jpg 400w, https:\/\/aviatie-mircea-cantacuzino.ro\/wp-content\/uploads\/2012\/12\/MG_6081-374x560.jpg 374w, https:\/\/aviatie-mircea-cantacuzino.ro\/wp-content\/uploads\/2012\/12\/MG_6081.jpg 683w\" sizes=\"(max-width: 200px) 100vw, 200px\" \/><\/a><strong>Raportul Cenzorilor<\/strong><\/p>\n<p>Domnilor Membri,<\/p>\n<p align=\"LEFT\">Avem onoarea a aduce la cuno\u015ftin\u0163a Domniilor-Voastre c\u0103 am verificat \u015fi aflat \u00een ordine registrele \u015fi \u00eentreaga gestiune b\u0103neasc\u0103 a Asocia\u0163iei pentru prop\u0103\u015firea turismului aerian &#8222;Mircea Cantacuzino&#8221; pe anul 1933.<\/p>\n<p align=\"LEFT\">Am verificat de asemenea conturile de venituri \u015fi cheltuieli \u015fi bilan\u0163 pe 1933, pe care le anex\u0103m acestui raport, precum \u015fi bugetul pe anul 1934, pe care l-am aflat de asemenea \u00een regul\u0103.<\/p>\n<p align=\"LEFT\">Bucure\u015fti, 2 Aprilie 1934.<\/p>\n<p align=\"LEFT\">Cenzori:<\/p>\n<p align=\"LEFT\">(ss) Gh. Cantacuzino<\/p>\n<p align=\"LEFT\">(ss) Dan N\u0103cescu<\/p>\n<p align=\"LEFT\">(ss) N. Poulieff<\/p>\n<p align=\"LEFT\">\n<img loading=\"lazy\" decoding=\"async\" class=\"alignleft size-medium wp-image-800\" title=\"_MG_6082\" src=\"https:\/\/aviatie-mircea-cantacuzino.ro\/wp-content\/uploads\/2012\/12\/MG_6082-200x300.jpg\" alt=\"\" width=\"200\" height=\"300\" srcset=\"https:\/\/aviatie-mircea-cantacuzino.ro\/wp-content\/uploads\/2012\/12\/MG_6082-200x300.jpg 200w, https:\/\/aviatie-mircea-cantacuzino.ro\/wp-content\/uploads\/2012\/12\/MG_6082-8x12.jpg 8w, https:\/\/aviatie-mircea-cantacuzino.ro\/wp-content\/uploads\/2012\/12\/MG_6082-400x600.jpg 400w, https:\/\/aviatie-mircea-cantacuzino.ro\/wp-content\/uploads\/2012\/12\/MG_6082-374x560.jpg 374w, https:\/\/aviatie-mircea-cantacuzino.ro\/wp-content\/uploads\/2012\/12\/MG_6082.jpg 683w\" sizes=\"(max-width: 200px) 100vw, 200px\" \/><img loading=\"lazy\" decoding=\"async\" class=\"alignleft size-medium wp-image-801\" title=\"_MG_6083\" src=\"https:\/\/aviatie-mircea-cantacuzino.ro\/wp-content\/uploads\/2012\/12\/MG_6083-200x300.jpg\" alt=\"\" width=\"200\" height=\"300\" srcset=\"https:\/\/aviatie-mircea-cantacuzino.ro\/wp-content\/uploads\/2012\/12\/MG_6083-200x300.jpg 200w, https:\/\/aviatie-mircea-cantacuzino.ro\/wp-content\/uploads\/2012\/12\/MG_6083-8x12.jpg 8w, https:\/\/aviatie-mircea-cantacuzino.ro\/wp-content\/uploads\/2012\/12\/MG_6083-400x600.jpg 400w, https:\/\/aviatie-mircea-cantacuzino.ro\/wp-content\/uploads\/2012\/12\/MG_6083-374x560.jpg 374w, https:\/\/aviatie-mircea-cantacuzino.ro\/wp-content\/uploads\/2012\/12\/MG_6083.jpg 683w\" sizes=\"(max-width: 200px) 100vw, 200px\" \/><\/p>\n<p align=\"LEFT\">&nbsp;<\/p>","protected":false},"excerpt":{"rendered":"<p>Asocia\u0163ia Pentru Prop\u0103\u015firea Turismului Aerian &#8222;MIRCEA CANTACUZINO&#8221; Dare de Seam\u0103 1933 &nbsp; Doamnelor \u015fi Domnilor, \u00cenainte de a prezenta \u00een fa\u0163a Domniilor Voastre Darea de Seam\u0103 asupra activit\u0103\u0163ii Asocia\u0163iei, \u00een cursul anului 1933, s\u0103 \u00eendrept\u0103m primul nostru g\u00e2nd M.S. Regelui, asigur\u00e2ndu-L de \u00eentreaga credin\u0163\u0103 ce-I purt\u0103m, de ad\u00e2ncul devotament \u015fi nestr\u0103mutata noastr\u0103 dragoste c\u0103tre Tron [&hellip;]<\/p>","protected":false},"author":2,"featured_media":0,"parent":7472,"menu_order":4,"comment_status":"closed","ping_status":"closed","template":"","meta":{"footnotes":""},"class_list":["post-789","page","type-page","status-publish","hentry"],"_links":{"self":[{"href":"https:\/\/aviatie-mircea-cantacuzino.ro\/en\/wp-json\/wp\/v2\/pages\/789","targetHints":{"allow":["GET"]}}],"collection":[{"href":"https:\/\/aviatie-mircea-cantacuzino.ro\/en\/wp-json\/wp\/v2\/pages"}],"about":[{"href":"https:\/\/aviatie-mircea-cantacuzino.ro\/en\/wp-json\/wp\/v2\/types\/page"}],"author":[{"embeddable":true,"href":"https:\/\/aviatie-mircea-cantacuzino.ro\/en\/wp-json\/wp\/v2\/users\/2"}],"replies":[{"embeddable":true,"href":"https:\/\/aviatie-mircea-cantacuzino.ro\/en\/wp-json\/wp\/v2\/comments?post=789"}],"version-history":[{"count":0,"href":"https:\/\/aviatie-mircea-cantacuzino.ro\/en\/wp-json\/wp\/v2\/pages\/789\/revisions"}],"up":[{"embeddable":true,"href":"https:\/\/aviatie-mircea-cantacuzino.ro\/en\/wp-json\/wp\/v2\/pages\/7472"}],"wp:attachment":[{"href":"https:\/\/aviatie-mircea-cantacuzino.ro\/en\/wp-json\/wp\/v2\/media?parent=789"}],"curies":[{"name":"wp","href":"https:\/\/api.w.org\/{rel}","templated":true}]}}