{"id":7479,"date":"2012-11-07T12:38:23","date_gmt":"2012-11-07T12:38:23","guid":{"rendered":"http:\/\/v2.irinelnicoara.ro\/aviatie\/?page_id=627"},"modified":"2023-09-30T08:50:03","modified_gmt":"2023-09-30T06:50:03","slug":"dare-de-seama-1931","status":"publish","type":"page","link":"https:\/\/aviatie-mircea-cantacuzino.ro\/en\/scoala-de-aviatie\/documentele-scolii\/dare-de-seama\/dare-de-seama-1931\/","title":{"rendered":"Notice 1930"},"content":{"rendered":"<p align=\"CENTER\"><strong>ASOCIA\u021aIA PENTRU PROP\u0102\u0218IREA TURISMULUI AERIAN<\/strong><\/p>\n<p align=\"CENTER\"><strong>&#8222;MIRCEA CANTACUZINO&#8221;<\/strong><\/p>\n<p align=\"CENTER\"><span style=\"font-size: small;\"><strong>DARE DE SEAM\u0102<\/strong><\/span><\/p>\n<p align=\"CENTER\"><span style=\"font-size: small;\"><strong>1930<\/strong><\/span><\/p>\n<p align=\"LEFT\"><span style=\"font-size: small;\"><em>Doamnelor \u0219i Domnilor<\/em><\/span><span style=\"font-size: small;\">,<\/span><\/p>\n<p align=\"LEFT\"><span style=\"font-size: small;\">\u00cenainte de a prezenta <\/span><span style=\"font-size: small;\"><em>Darea de Seam\u0103<\/em><\/span><span style=\"font-size: small;\">&nbsp;asupra&nbsp;activit\u0103\u021bii&nbsp;Asocia\u021biei, s\u0103&nbsp;\u00eendrept\u0103m&nbsp;g\u00e2ndul&nbsp;nostru&nbsp;c\u0103tre&nbsp;<\/span><span style=\"font-size: small;\"><em>M.S. Regele<\/em><\/span><span style=\"font-size: small;\">,&nbsp;exprim\u00e2ndu-i cu ocazia primei noastre&nbsp;Adun\u0103ri&nbsp;Generale, sentimentele noastre de&nbsp;nestr\u0103mutat\u0103&nbsp;credin\u021b\u0103&nbsp;c\u0103 va fi&nbsp;\u00eenf\u0103ptuitorul&nbsp;n\u0103zuin\u021belor&nbsp;poporului s\u0103u, \u0219i s\u0103 adres\u0103m <\/span><span style=\"font-size: small;\"><em>A.S.R. Principele Nicolae<\/em><\/span><span style=\"font-size: small;\">, care din dragoste&nbsp;c\u0103tre&nbsp;avia\u021bia, a primit&nbsp;Pre\u0219edin\u021bia&nbsp;de onoare a acestei&nbsp;grup\u0103ri&nbsp; expresiunea&nbsp;recuno\u0219tin\u021bei&nbsp;\u0219i&nbsp;devotamentului nostru.<\/span><\/p>\n<p align=\"LEFT\"><em><span style=\"font-size: small;\">Doamnelor&nbsp;\u0219i&nbsp;Domnilor,<\/span><\/em><\/p>\n<p align=\"LEFT\"><span style=\"font-size: small;\">Asocia\u021bia&nbsp;pentru&nbsp;prop\u0103\u0219irea&nbsp;turismului aerian, menit\u0103 s\u0103 continue opera&nbsp;\u00eenceput\u0103&nbsp;de regretatul nostru <\/span><span style=\"font-size: small;\"><em>Mircea Cantacuzino<\/em><\/span><span style=\"font-size: small;\">, \u0219i purt\u00e2ndu-i numele, \u00ee\u0219i are drumul dinainte croit de d\u00e2nsul: \u00eempr\u0103\u0219tierea \u00een p\u0103turi c\u00e2t mai largi a dragostei&nbsp;<\/span><span style=\"font-size: small;\">\u0219i priceperei pentru&nbsp;avia\u021bie&nbsp;&nbsp;c\u00e2\u0219tig\u00e2nd \u021b\u0103rei printr-un sport frumos,&nbsp;ap\u0103r\u0103tori&nbsp;destoinici pentru zile grele.<\/span><\/p>\n<p align=\"LEFT\"><span style=\"font-size: small;\"> Pierderea suferita prin&nbsp;dispari\u021bia&nbsp;celui care ne-a&nbsp;\u00eenv\u0103\u021bat&nbsp;s\u0103 iubim sborul, ne-a&nbsp;l\u0103sat&nbsp;lipsi\u021bi&nbsp;de&nbsp;ne\u021b\u0103rmuitul&nbsp;lui entuziasm&nbsp;\u0219i&nbsp;de mijloacele materiale pe care le punea&nbsp;neprecupe\u021bit&nbsp;la&nbsp;dispozi\u021bia&nbsp;cauzei ce o servea.<\/span><\/p>\n<p align=\"LEFT\"><span style=\"font-size: small;\"><em>Mircea Cantacuzino<\/em><\/span><span style=\"font-size: small;\"> ne-a dat&nbsp;\u00eens\u0103&nbsp;pilda&nbsp;tenacit\u0103\u021bii&nbsp;\u0219i&nbsp;credin\u021bei&nbsp;care nu se&nbsp;las\u0103&nbsp;ab\u0103tut\u0103 de nici-o piedic\u0103 ivit\u0103 \u00een cale \u00een cei doi ani de munc\u0103 pentru \u00eenfiin\u021barea avia\u021biei de turism.<\/span><\/p>\n<p align=\"LEFT\"><span style=\"font-size: small;\"> S\u0103 rezum\u0103m activitatea sa, punct de plecare a&nbsp;activit\u0103\u021bii&nbsp;noastre:<\/span><\/p>\n<p align=\"CENTER\"><span style=\"font-size: small;\">* * *<\/span><\/p>\n<p align=\"LEFT\"><span style=\"font-size: small;\"> La 26 Mai 1928, el&nbsp;aterizeaz\u0103&nbsp;la Pipera cu prima avioneta KLEMM de 20 h. p., adus\u0103 cu Locot. <\/span><span style=\"font-size: small;\"><em>Oculeanu<\/em><\/span><span style=\"font-size: small;\">, pe calea aerului din Germania. \u00ce<\/span><span style=\"font-size: small;\">n cursul acestui raid face \u0219i ucenicia de pilot.&nbsp;<\/span><span style=\"font-size: small;\">Cur\u00e2nd sboar\u0103 singur \u0219i dup\u0103 d\u00e2nsul&nbsp;<\/span><span style=\"font-size: small;\">convinge \u0219i pe al\u021bii, pe care i-a cucerit pentru noua&nbsp;\u00eendr\u0103zneal\u0103&nbsp;prin&nbsp;\u00eencrederea&nbsp;dar mai ales prin pilda pe care cu simplicitatea o&nbsp;d\u0103dea&nbsp;zilnic.<\/span><\/p>\n<p><span style=\"font-size: small;\">Acest nucleu a fost \u00eenceputul \u0219coalei, av\u00e2nd ca monitor pe Lt. <\/span><span style=\"font-size: small;\"><em>Oculeanu<\/em><\/span><span style=\"font-size: small;\">.<\/span><\/p>\n<p align=\"LEFT\"><span style=\"font-size: small;\"> Avioneta cu care s-a&nbsp;f\u0103cut&nbsp;primul pas pentru introducerea&nbsp;avia\u021biei&nbsp;de turism&nbsp;\u00een&nbsp;Rom\u00e2nia, n-a avut&nbsp;\u00eens\u0103&nbsp;via\u021b\u0103 lung\u0103. Ea a fost distrus\u0103 \u00eentr-o manifestare extra-\u0219colar\u0103&nbsp;de&nbsp;v\u00e2n\u0103toare&nbsp;aerian\u0103, la 26 August 1928.<\/span><\/p>\n<p align=\"LEFT\"><span style=\"font-size: small;\"><em>Mircea Cantacuzino<\/em><\/span><span style=\"font-size: small;\">,&nbsp;\u00een&nbsp;optimismul lui robust care nu&nbsp;cuno\u0219tea&nbsp;\u00eenfr\u00e2ngerea,&nbsp;cump\u0103r\u0103&nbsp;imediat o nou\u0103 avionet\u0103 cu care se&nbsp;re\u00eencep&nbsp;sborurile la 26 Sept.<\/span><\/p>\n<p align=\"LEFT\"><span style=\"font-size: small;\"> La 13 Noiembrie&nbsp;\u00ee\u0219i&nbsp;vede&nbsp;credin\u021ba&nbsp;\u0219i&nbsp;munca&nbsp;\u00eencununate&nbsp;cu succes,&nbsp;c\u0103ci&nbsp;primii 6&nbsp;pilo\u021bi&nbsp;forma\u021bi&nbsp;\u00een&nbsp;\u0219coala&nbsp;lui, trec brevetul&nbsp;\u00een&nbsp;fa\u021ba comisiunei militare numit\u0103 de Inspectoratul Aeronautic.<\/span><\/p>\n<p align=\"LEFT\"><span style=\"font-size: small;\">\u00cen iarna aceluia\u0219 an,&nbsp;c\u00e2nd&nbsp;orice activitate aviatic\u0103 era&nbsp;\u00eentrerupt\u0103, avioneta continu\u0103 sborurile cu skiuri.<\/span><\/p>\n<p align=\"LEFT\"><span style=\"font-size: small;\">\u00cen anul 1929, activitatea \u0219coalei merge cresc\u00e2nd: 8 noi elevi urmeaz\u0103 cursurile, se fac nenum\u0103rate botezuri \u0219i raiduri prin \u021bar\u0103.<\/span><\/p>\n<p align=\"LEFT\"><span style=\"font-size: small;\">La&nbsp;mo\u0219ia&nbsp;CORNU, <\/span><span style=\"font-size: small;\"><em>Mircea Cantacuzino<\/em><\/span><span style=\"font-size: small;\">&nbsp;\u00ee\u0219i&nbsp;construie\u0219te&nbsp;un hangar,&nbsp;amenaj\u00e2nd&nbsp;un aerodrom pe care noii&nbsp;pilo\u021bi&nbsp;\u00ee\u0219i&nbsp;men\u021bin antrenamentul \u00een timpul verei.<\/span><\/p>\n<p align=\"LEFT\"><span style=\"font-size: small;\">\u00cen Septembrie 1929, <\/span><span style=\"font-size: small;\"><em>Mircea Cantacuzino <\/em><\/span><span style=\"font-size: small;\">pleac\u0103 cu 5 pilo\u021bi din grupul format de d\u00e2nsul s\u0103 aduc\u0103 pe calea aerului 3 noi avionete din Germania. Aceste avionete, urm\u00e2nd itinerariul: Stuttgart, Praga, Lemberg,&nbsp;Cern\u0103u\u021bi,&nbsp;Bucure\u0219ti, pilotate de <\/span><em><span style=\"font-size: small;\">Mircea&nbsp;\u0219i&nbsp;Ioana Cantacuzino, C. Sidery, L. Levy, I. Cocia\u0219u si N. Poulieff<\/span><\/em><span style=\"font-size: small;\">,&nbsp;execut\u00e2nd&nbsp;primul raid&nbsp;\u00een&nbsp;forma\u021bie&nbsp;al&nbsp;avia\u021biei&nbsp;de turism&nbsp;purt\u00e2nd&nbsp;dealungul celor 2300 kilometri tricolorul rom\u00e2nesc. Primirile&nbsp;c\u0103lduroase&nbsp;f\u0103cute&nbsp;echipagiilor pe aerodroamele&nbsp;str\u0103ine&nbsp; au dat acestui raid caracterul unei manifesta\u021biuni a&nbsp;avia\u021biei&nbsp;na\u021bionale.<\/span><\/p>\n<p align=\"LEFT\"><span style=\"font-size: small;\">\u00cen&nbsp;prim\u0103vara&nbsp;anului 1930&nbsp;num\u0103rul&nbsp;elevilor se ridica la 17.&nbsp;\u00centemeietorul&nbsp;primei&nbsp;\u0219coli&nbsp;de turism aerian, vede roadele unei munci&nbsp;f\u0103r\u0103&nbsp;preget, din care nu au lipsit nici&nbsp;am\u0103r\u0103ciunile&nbsp;inerente&nbsp;oric\u0103rei&nbsp;lupte.<\/span><\/p>\n<p align=\"LEFT\">\u00ce<span style=\"font-size: small;\">ncurajat de pu\u021bini, pizmuit poate de mul\u021bi, privit cu uimit\u0103 ne\u00eencredere de mai mul\u021bi \u00eenc\u0103, a luptat cu toate piedicele&nbsp;\u0219i&nbsp;a biruit.<\/span><\/p>\n<p align=\"LEFT\"><span style=\"font-size: small;\"> I-a fost dat&nbsp;\u00eens\u0103&nbsp;s\u0103&nbsp;pecetluiasc\u0103&nbsp;cu&nbsp;s\u00e2ngele&nbsp;lui&nbsp;credin\u021ba&nbsp;cea nou\u0103,<\/span><\/p>\n<p align=\"LEFT\"><span style=\"font-size: small;\"> La 25 Mai 1930, zi de doliu pentru&nbsp;avia\u021bia&nbsp;de turism&nbsp;romaneasc\u0103, <\/span><span style=\"font-size: small;\"><em>Mircea Cantacuzino <\/em><\/span><span style=\"font-size: small;\">dispare dintre noi pe&nbsp;c\u00e2nd&nbsp;\u00ee\u0219i&nbsp;f\u0103cea&nbsp;datoria pe care&nbsp;\u0219i-o alesese, care \u00eei era drag\u0103.<\/span><\/p>\n<p align=\"LEFT\"><span style=\"font-size: small;\"><em>Doamnelor \u0219i Domnilor,<\/em><\/span><\/p>\n<p align=\"LEFT\"><span style=\"font-size: small;\"> Aceasta a fost activitatea&nbsp;\u00eentemeietorului&nbsp;turismului aerian rom\u00e2nesc; este un foarte frumos rezultat,&nbsp;\u0219i&nbsp;unic \u00een analele&nbsp;avia\u021biei&nbsp;pentru o \u0219coal\u0103&nbsp;creat\u0103, condus\u0103 \u0219i&nbsp;finan\u021bat\u0103&nbsp;de un singur om: <\/span><em><span style=\"font-size: small;\">28 de elevi, 15&nbsp;breveta\u021bi&nbsp; 3&nbsp;fo\u0219ti&nbsp;pilo\u021bi&nbsp;militari&nbsp;reantrena\u021bi&nbsp;&nbsp;totaliz\u00e2nd&nbsp;5746 sboruri \u00een 875 de ore&nbsp;efectu\u00e2ndu-se numai&nbsp;\u00een&nbsp;raiduri de 27.712 kilometri.<\/span><\/em><\/p>\n<p><span style=\"font-size: small;\">Constituirea Asocia\u021biei noastre \u00een Iunie 1930 cu ajutorul familiei \u0219i c\u00e2torva prieteni inimo\u0219i este \u00eemplinirea unei pioase datorii fa\u021b\u0103 de Mircea Cantacuzino, fiind realizarea dorin\u021bei lui ca \u0219coala z\u0103mislit\u0103 cu at\u00e2tea sacrificii s\u0103 nu dispar\u0103 odat\u0103 cu el. De aceia activitatea grupului nu s-a \u00eentrerupt nicio clip\u0103, avioanele continu\u00e2ndu-\u0219i sborurile ca omagiul celui dus, &#8211; se formeaz\u0103 o nou\u0103 serie de elevi, \u0219coala av\u00e2nd, dela 20 Mai, ca monitor pe Lucian Levy, \u00een urma dimisiunei Loc. Oculeanu &#8211; Trei din ace\u0219ti elevi \u00ee\u0219i trec probele \u00een cursul verei, av\u00e2nd cinstea ca brevetele s\u0103 fie remise de Maria Sa Mihai Marele Voevod de Alba Iulia.<\/span><\/p>\n<p align=\"LEFT\"><span style=\"font-size: small;\"> Pe&nbsp;t\u0103r\u00e2mul&nbsp;turismului aerian,&nbsp;Asocia\u021bia&nbsp;s-a putut afirma gra\u021bie celor doi&nbsp;proprietari&nbsp;de avioane ce-i&nbsp;num\u0103r\u0103&nbsp;printre membrii sau, D-na Ioana Cantacuzino&nbsp;\u0219i&nbsp;Ionel Cocia\u0219u.&nbsp;<\/span><\/p>\n<p align=\"LEFT\">\u00ce<span style=\"font-size: small;\">n luna Iunie au participat la serb\u0103rile Sokolilor din Belgrad&nbsp;<\/span><span style=\"font-size: small;\">D-l Lucian Levy pe avioneta Dnei Ioana Cantacuzini&nbsp;\u0219i&nbsp;D-l Ion Cocia\u0219u cu avioneta D-sale,&nbsp;bucur\u00e2ndu-se de o primire&nbsp;c\u0103lduroas\u0103. &nbsp;Cu aceasta ocazie au fost&nbsp;f\u0103cu\u021bi \u0219i membri ai Aero-Clubului Yugoslav. La \u00eenapoere au asistat la meetingul din&nbsp;Timi\u0219oara&nbsp;revenind&nbsp;\u00een&nbsp;Bucure\u0219ti&nbsp;prin Bra\u0219ov.<\/span><\/p>\n<p align=\"LEFT\"><span style=\"font-size: small;\"> La 23 Iulie,&nbsp;r\u0103spunz\u00e2nd&nbsp;invita\u021biei&nbsp;primite,&nbsp;Asocia\u021bia&nbsp;hot\u0103r\u0103\u0219te&nbsp;s\u0103 ia parte la meeting-ul din Bra\u0219ov. Condi\u021biunile atmosferice extrem de neprielnice \u00eens\u0103, provoac\u0103 aterizarea&nbsp;for\u021bat\u0103&nbsp;la Predeal a doua dintre cele trei avionete,&nbsp;z\u0103d\u0103rnicind&nbsp;astfel participarea escadrilei de turism la meeting.<\/span><\/p>\n<p align=\"LEFT\"><span style=\"font-size: small;\">\u00cen afara acestor raiduri s-au&nbsp;f\u0103cut&nbsp;nenum\u0103rate&nbsp;pelerinagii la&nbsp;morm\u00e2ntul&nbsp;lui Mircea Cantacuzino la&nbsp;mo\u0219ia&nbsp;Cornu, precum \u0219i numeroase deplas\u0103ri prin \u021bar\u0103.<\/span><\/p>\n<p align=\"LEFT\"><span style=\"font-size: small;\"><em>Doamnelor \u0219i Domnilor<\/em><\/span><span style=\"font-size: small;\">,<\/span><\/p>\n<p align=\"LEFT\"><span style=\"font-size: small;\"> Activitatea&nbsp;Asocia\u021biei&nbsp;\u00eendurerat\u0103&nbsp;de doliul suferit,&nbsp;\u0219i&nbsp;lipsit\u0103 de sprijin, a fost totu\u0219i o afirmare a turismului aerian rom\u00e2nesc.<\/span><\/p>\n<p align=\"LEFT\"><span style=\"font-size: small;\">Anul 1931 deschide&nbsp;\u00eens\u0103&nbsp;noi orizonturi&nbsp;Asocia\u021biei&nbsp; prin&nbsp;recunoa\u0219terea&nbsp;\u0219colalei noastre ca \u0219coala oficial\u0103 de pilotaj a Aero-Clubului Regal al Rom\u00e2niei, \u0219i prin ob\u021binerea dela Ministerul de Industrie, a subven\u021bion\u0103rei \u00een principiu cu c\u00e2te 40% din pre\u021bul fiec\u0103rui avion \u0219i c\u00e2te 20.000 lei de fiecare elev brevetat ceea ce constituie pentru noi un puternic sprijin moral \u0219i material.<\/span><\/p>\n<p align=\"LEFT\"><span style=\"font-size: small;\"> Chez\u0103\u0219ie sigur\u0103 pentru viitorul grup\u0103rei este&nbsp;\u00eens\u0103&nbsp;f\u0103r\u0103&nbsp;\u00eendoial\u0103&nbsp;faptul c\u0103 avem&nbsp;\u00een&nbsp;fruntea&nbsp;noastr\u0103:<\/span><\/p>\n<p align=\"LEFT\"><span style=\"font-size: small;\"> ca Vice-Pre\u0219edinte&nbsp;de onoare pe D-l Bibescu, pionierul&nbsp;avia\u021biei&nbsp;rom\u00e2ne\u0219ti&nbsp;\u00eenc\u0103&nbsp;din timpurile eroice;<\/span><\/p>\n<p align=\"LEFT\"><span style=\"font-size: small;\"> ca&nbsp;Pre\u0219edinte&nbsp;activ, pe D-l General L\u0103z\u0103rescu care cu&nbsp;at\u00e2ta&nbsp;inim\u0103 a&nbsp;\u00eembr\u0103\u021bi\u0219at&nbsp;cauza&nbsp;noastr\u0103, iar <\/span><\/p>\n<p align=\"LEFT\"><span style=\"font-size: small;\"> ca Vice-Pre\u0219edinte&nbsp;activ, pe D-l Loc. Col. Negrescu.<\/span><\/p>\n<p align=\"LEFT\"><span style=\"font-size: small;\">Asocia\u021bia&nbsp;p\u0103\u0219e\u0219te&nbsp;de acum cu&nbsp;hot\u0103r\u00e2re&nbsp;&nbsp;av\u00e2nd&nbsp;\u00eencrederea, c\u0103 va putea nestingherit\u0103 aduce \u021b\u0103rei aportul s\u0103u.<\/span><\/p>\n<p>&nbsp;<strong style=\"font-size: small;\">Raportul Cenzorilor<\/strong><\/p>\n<p align=\"LEFT\">&nbsp;<span style=\"font-size: small;\">Domnilor Membri,<\/span><\/p>\n<p align=\"LEFT\"><span style=\"font-size: small;\"> Avem onoarea a aduce la cuno\u0219tin\u021ba Domniilor-voastre, ca&nbsp;verific\u00e2nd&nbsp;registrele \u0219i&nbsp;\u00eentreaga&nbsp;gestiune a&nbsp;Asocia\u021biei&nbsp;pentru&nbsp;prop\u0103\u0219irea&nbsp;turismului aerian Mircea Cantacuzino pe anul 1930, am constatat:<\/span><\/p>\n<ol>\n<li>\n<p align=\"LEFT\"><span style=\"font-size: small;\">Toate&nbsp;cheltuielile&nbsp;f\u0103cute&nbsp;\u00een&nbsp;cursul&nbsp;exerci\u021biului&nbsp;1930 au fost executate pe baza&nbsp;aprob\u0103rilor&nbsp;legale;<\/span><\/p>\n<\/li>\n<li>\n<p align=\"LEFT\"><span style=\"font-size: small;\">Contul de venituri&nbsp;\u0219i&nbsp;cheltuieli&nbsp;\u0219i&nbsp;Bilan\u021bul&nbsp;1930 sunt cele ce&nbsp;al\u0103tur\u0103m&nbsp;acestui&nbsp;raport.<\/span><\/p>\n<\/li>\n<\/ol>\n<p align=\"LEFT\"><span style=\"font-size: small;\"> 31 Decembrie 1930<\/span><\/p>\n<p align=\"LEFT\"><span style=\"font-size: small;\"> Cenzori:<\/span><\/p>\n<p align=\"LEFT\"><span style=\"font-size: small;\"> (ss) Gh. Cantacuzino<\/span><\/p>\n<p align=\"LEFT\"><span style=\"font-size: small;\"> (ss) G. Bal\u0219<\/span><\/p>\n<p align=\"LEFT\"><span style=\"font-size: small;\"> (ss) Dan N\u0103cescu<\/span><\/p>","protected":false},"excerpt":{"rendered":"<p>ASOCIA\u021aIA PENTRU PROP\u0102\u0218IREA TURISMULUI AERIAN &#8222;MIRCEA CANTACUZINO&#8221; DARE DE SEAM\u0102 1930 Doamnelor \u0219i Domnilor, \u00cenainte de a prezenta Darea de Seam\u0103&nbsp;asupra&nbsp;activit\u0103\u021bii&nbsp;Asocia\u021biei, s\u0103&nbsp;\u00eendrept\u0103m&nbsp;g\u00e2ndul&nbsp;nostru&nbsp;c\u0103tre&nbsp;M.S. Regele,&nbsp;exprim\u00e2ndu-i cu ocazia primei noastre&nbsp;Adun\u0103ri&nbsp;Generale, sentimentele noastre de&nbsp;nestr\u0103mutat\u0103&nbsp;credin\u021b\u0103&nbsp;c\u0103 va fi&nbsp;\u00eenf\u0103ptuitorul&nbsp;n\u0103zuin\u021belor&nbsp;poporului s\u0103u, \u0219i s\u0103 adres\u0103m A.S.R. Principele Nicolae, care din dragoste&nbsp;c\u0103tre&nbsp;avia\u021bia, a primit&nbsp;Pre\u0219edin\u021bia&nbsp;de onoare a acestei&nbsp;grup\u0103ri&nbsp; expresiunea&nbsp;recuno\u0219tin\u021bei&nbsp;\u0219i&nbsp;devotamentului nostru. Doamnelor&nbsp;\u0219i&nbsp;Domnilor, Asocia\u021bia&nbsp;pentru&nbsp;prop\u0103\u0219irea&nbsp;turismului aerian, menit\u0103 s\u0103 continue [&hellip;]<\/p>","protected":false},"author":2,"featured_media":0,"parent":7472,"menu_order":1,"comment_status":"closed","ping_status":"closed","template":"","meta":{"footnotes":""},"class_list":["post-7479","page","type-page","status-publish","hentry"],"_links":{"self":[{"href":"https:\/\/aviatie-mircea-cantacuzino.ro\/en\/wp-json\/wp\/v2\/pages\/7479","targetHints":{"allow":["GET"]}}],"collection":[{"href":"https:\/\/aviatie-mircea-cantacuzino.ro\/en\/wp-json\/wp\/v2\/pages"}],"about":[{"href":"https:\/\/aviatie-mircea-cantacuzino.ro\/en\/wp-json\/wp\/v2\/types\/page"}],"author":[{"embeddable":true,"href":"https:\/\/aviatie-mircea-cantacuzino.ro\/en\/wp-json\/wp\/v2\/users\/2"}],"replies":[{"embeddable":true,"href":"https:\/\/aviatie-mircea-cantacuzino.ro\/en\/wp-json\/wp\/v2\/comments?post=7479"}],"version-history":[{"count":0,"href":"https:\/\/aviatie-mircea-cantacuzino.ro\/en\/wp-json\/wp\/v2\/pages\/7479\/revisions"}],"up":[{"embeddable":true,"href":"https:\/\/aviatie-mircea-cantacuzino.ro\/en\/wp-json\/wp\/v2\/pages\/7472"}],"wp:attachment":[{"href":"https:\/\/aviatie-mircea-cantacuzino.ro\/en\/wp-json\/wp\/v2\/media?parent=7479"}],"curies":[{"name":"wp","href":"https:\/\/api.w.org\/{rel}","templated":true}]}}