{"id":7475,"date":"2012-07-02T09:15:38","date_gmt":"2012-07-02T09:15:38","guid":{"rendered":"http:\/\/v2.irinelnicoara.ro\/aviatie\/?page_id=108"},"modified":"2025-03-10T13:33:01","modified_gmt":"2025-03-10T11:33:01","slug":"familia-cantacuzino","status":"publish","type":"page","link":"https:\/\/aviatie-mircea-cantacuzino.ro\/en\/family-history\/familia-cantacuzino\/","title":{"rendered":"Cantacuzino family"},"content":{"rendered":"<div data-elementor-type=\"wp-page\" data-elementor-id=\"7475\" class=\"elementor elementor-7475\" data-elementor-post-type=\"page\">\n\t\t\t\t\t\t<section class=\"elementor-section elementor-top-section elementor-element elementor-element-4773941 elementor-section-boxed elementor-section-height-default elementor-section-height-default\" data-id=\"4773941\" data-element_type=\"section\" data-e-type=\"section\">\n\t\t\t\t\t\t<div class=\"elementor-container elementor-column-gap-default\">\n\t\t\t\t\t<div class=\"elementor-column elementor-col-100 elementor-top-column elementor-element elementor-element-6a1b86a\" data-id=\"6a1b86a\" data-element_type=\"column\" data-e-type=\"column\">\n\t\t\t<div class=\"elementor-widget-wrap elementor-element-populated\">\n\t\t\t\t\t\t<div class=\"elementor-element elementor-element-ed14118 elementor-widget elementor-widget-image\" data-id=\"ed14118\" data-element_type=\"widget\" data-e-type=\"widget\" data-widget_type=\"image.default\">\n\t\t\t\t<div class=\"elementor-widget-container\">\n\t\t\t\t\t\t\t\t\t\t\t\t\t\t\t<img fetchpriority=\"high\" decoding=\"async\" width=\"1024\" height=\"768\" src=\"https:\/\/aviatie-mircea-cantacuzino.ro\/wp-content\/uploads\/2025\/03\/20250310_122105-scaled-e1741603403389-1024x768.jpg\" class=\"attachment-large size-large wp-image-9102\" alt=\"\" srcset=\"https:\/\/aviatie-mircea-cantacuzino.ro\/wp-content\/uploads\/2025\/03\/20250310_122105-scaled-e1741603403389-1024x768.jpg 1024w, https:\/\/aviatie-mircea-cantacuzino.ro\/wp-content\/uploads\/2025\/03\/20250310_122105-scaled-e1741603403389-300x225.jpg 300w, https:\/\/aviatie-mircea-cantacuzino.ro\/wp-content\/uploads\/2025\/03\/20250310_122105-scaled-e1741603403389-768x576.jpg 768w, https:\/\/aviatie-mircea-cantacuzino.ro\/wp-content\/uploads\/2025\/03\/20250310_122105-scaled-e1741603403389-1536x1152.jpg 1536w, https:\/\/aviatie-mircea-cantacuzino.ro\/wp-content\/uploads\/2025\/03\/20250310_122105-scaled-e1741603403389-2048x1536.jpg 2048w, https:\/\/aviatie-mircea-cantacuzino.ro\/wp-content\/uploads\/2025\/03\/20250310_122105-scaled-e1741603403389-16x12.jpg 16w, https:\/\/aviatie-mircea-cantacuzino.ro\/wp-content\/uploads\/2025\/03\/20250310_122105-scaled-e1741603403389-600x450.jpg 600w, https:\/\/aviatie-mircea-cantacuzino.ro\/wp-content\/uploads\/2025\/03\/20250310_122105-scaled-e1741603403389-560x420.jpg 560w\" sizes=\"(max-width: 1024px) 100vw, 1024px\" \/>\t\t\t\t\t\t\t\t\t\t\t\t\t\t\t<\/div>\n\t\t\t\t<\/div>\n\t\t\t\t\t<\/div>\n\t\t<\/div>\n\t\t\t\t\t<\/div>\n\t\t<\/section>\n\t\t\t\t<section class=\"elementor-section elementor-top-section elementor-element elementor-element-6f3d5087 elementor-section-boxed elementor-section-height-default elementor-section-height-default\" data-id=\"6f3d5087\" data-element_type=\"section\" data-e-type=\"section\">\n\t\t\t\t\t\t<div class=\"elementor-container elementor-column-gap-default\">\n\t\t\t\t\t<div class=\"elementor-column elementor-col-100 elementor-top-column elementor-element elementor-element-29cf3bb4\" data-id=\"29cf3bb4\" data-element_type=\"column\" data-e-type=\"column\">\n\t\t\t<div class=\"elementor-widget-wrap elementor-element-populated\">\n\t\t\t\t\t\t<div class=\"elementor-element elementor-element-5da94aa2 elementor-widget elementor-widget-text-editor\" data-id=\"5da94aa2\" data-element_type=\"widget\" data-e-type=\"widget\" data-widget_type=\"text-editor.default\">\n\t\t\t\t<div class=\"elementor-widget-container\">\n\t\t\t\t\t\t\t\t\t<p>\u00a0<\/p><p><strong>Short history<\/strong><\/p><div class=\"inner right_sidebar\"><div id=\"main\"><div class=\"content\"><p>The Cantacuzino family is one of the oldest noble families in Romania and in the Balkans, the first mentions of it dating back to the 11th century AD. Over the centuries, the family has given the world great rulers and statesmen, scholars and many other personalities, in various fields of activity.<br \/>This is a very brief review of the most important milestones in the existence of the family, its members being directly involved in the reference moments of the history of the country and the region (for a more comprehensive presentation of the family's history, see Ion Mihai Cantacuzino's book \"One thousand years in the Balkans\", Albatros Publishing House, 1996).<\/p><p><strong>XI - XII centuries<\/strong><\/p><p>In the year 1094, \u201c[\u2026] a Wallachian chief came to the emperor Alexios (Comnen) to inform him about the Cumans who had crossed the Danube. Then he (the emperor) sent Cantacuzino and still other chiefs with the foreign troops to a place called Thermes.\" It is the first mention (in the Alexiad, written by Ana Comnena between 1137 and 1148) of the name Cantacuzino (Kantakouzenos, in Greek).<\/p><p><strong>XIII \u2013 XIV centuries<\/strong><\/p><p>In 1262, Mihail Cantacuzino became the governor of the Byzantine possessions in Morea. Half a century later, Ioan Cantacuzino was named chief domestic of Emperor Andronicus III, so that in 1347 he was crowned emperor under the name of John VI. He abdicated (a rare event in the era) in 1354, after which he retired to the monastery, where he \"wrote the history of his era\".<\/p><p><strong>XV \u2013 XVI centuries<\/strong><\/p><p>In 1519, Theodor Spandunino Cantacuzino published in Paris \"Genealogy of the Sultan of the Turks, currently reigning\".<br \/>Towards the end of the 16th century, Mihai Cantacuzino (nicknamed Seitanoglu by the Turks, meaning \"son of the Devil\") becomes such an important figure at the sultan's court that he names his brothers-in-law (Alexandru and Petre \u0218chiopul) sultans of Wallachia and, respectively , Moldova, or deposes and replaces the Patriarch of Constantinople; he was, however, killed by order of the new sultan Murad III, in 1578. In 1593, his son, Andronic, contributed to the appointment as voivode of Wallachia of ban Mihai - better known as Mihai the Brave.<\/p><p><strong>XVI \u2013 XVIII centuries<\/strong><\/p><p>\u0218erban Cantacuzino, ruler of Wallachia (1679 \u2013 1688), builds the Cotrocen monastery (demolished in the 80s, on the instructions of Elena Ceau\u0219escu), the \u0218erban-Vod\u0103 inn, reopens the Mitropoliia printing house, orders the Greceanu brothers to print the first Bible in Romanian.<br \/>Mihai Cantacuzino builds the Sinaia monastery (inaugurated in 1695), and in 1704, he inaugurates the Col\u021bea Hospital next to the monastery of the same name, also erected by him.<br \/>P\u00e2rvu Cantacuzino finished the Horezu monastery in 1694.<br \/>In 1700, Constantin Cantacuzino prints the first map of Wallachia and he also begins a history of Wallachia.<br \/>Prince Grigore Cantacuzino fights, in the Russian army, against Napoleon Bonaparte. He is wounded at Austerlitz and will be killed at Borodino. Gheorghe Cantacuzino is also wounded at Friedland.<\/p><p><strong>XIX century<\/strong><\/p><p>After the revolution of 1848, Constantin Cantacuzino was named, for less than a year, caimacam of the Romanian Land.<br \/>During the War of Independence in 1877, the cavalry officer Pavel Cantacuzino stood out in the Russian army, and in the Romanian army the engineer officer Iancu and nurse Maria Cantacuzino.<br \/>Starting in 1880, Ioana A. Cantacuzino translates and popularizes Schopenhauer's works into French.<br \/>In the new kingdom of Romania, Gheorghe Cantacuzino (Nababul) becomes head of the Conservative Party, President of the Senate, and twice head of the Government.<br \/>In 1875, Jean Basile Cantacuzino designs, and Iancu Cantacuzino completes, the Ploiesti-Sinaia-Predeal railway, then the National section in 1882. The first director of the newly established Romanian Railways is Gogu Cantacuzino.<br \/>In 1899, George Matei Cantacuzino, who would become a famous architect, painter and writer, was born in Vienna.<\/p><p><strong>XX century<\/strong><\/p><p>During the First World War, ten members of the Cantacuzino family fight on the side of the Russians and, starting in 1916, another five are enlisted in the Romanian army.<br \/>The Treaty of Trianon is signed, on the Romanian side, by Dr. Ion Cantacuzino and Nicolae Titulescu.<br \/>During the Second World War, the painter Andronic Cantacuzino is killed in the battle of the Danube Bend, and Raymund Cantacuzino is taken prisoner in Stalingrad and will return to Munich after ten years of captivity. More fortunate, Alexander Cantacuzino, a prisoner of the British, was released in 1946.<br \/>In 1948, Captain Constantin (B\u00e2zu) Cantacuzino, the ace of Romanian aviation during the Second World War, fled the country and settled in Spain.<br \/>Magistrate Adolf Cantacuzino dies, at the age of 67, in the camp at the Danube-Black Sea Canal. Other family members such as Ion Gheorghe, Constantin, Dan and Marie-Ioana manage to escape alive from the communist camps.<br \/>Currently, members of the Cantacuzino family live in France, USA, Switzerland, Great Britain, Sweden and Romania.<\/p><div id=\"ngg-gallery-16a2d9f87f998727e1f42ec4b2124e1c-1\" class=\"ngg-galleryoverview ngg-ajax-pagination-none\"><div id=\"ngg-image-0\" class=\"ngg-gallery-thumbnail-box\"><div class=\"ngg-gallery-thumbnail\">\u00a0<\/div><\/div><\/div><\/div><\/div><\/div>\t\t\t\t\t\t\t\t<\/div>\n\t\t\t\t<\/div>\n\t\t\t\t\t<\/div>\n\t\t<\/div>\n\t\t\t\t\t<\/div>\n\t\t<\/section>\n\t\t\t\t<section class=\"elementor-section elementor-top-section elementor-element elementor-element-a199369 elementor-section-boxed elementor-section-height-default elementor-section-height-default\" data-id=\"a199369\" data-element_type=\"section\" data-e-type=\"section\">\n\t\t\t\t\t\t<div class=\"elementor-container elementor-column-gap-default\">\n\t\t\t\t\t<div class=\"elementor-column elementor-col-100 elementor-top-column elementor-element elementor-element-b9b39ab\" data-id=\"b9b39ab\" data-element_type=\"column\" data-e-type=\"column\">\n\t\t\t<div class=\"elementor-widget-wrap elementor-element-populated\">\n\t\t\t\t\t\t<div class=\"elementor-element elementor-element-916a0c0 elementor-widget elementor-widget-gallery\" data-id=\"916a0c0\" data-element_type=\"widget\" data-e-type=\"widget\" data-settings=\"{&quot;lazyload&quot;:&quot;yes&quot;,&quot;gallery_layout&quot;:&quot;grid&quot;,&quot;columns&quot;:4,&quot;columns_tablet&quot;:2,&quot;columns_mobile&quot;:1,&quot;gap&quot;:{&quot;unit&quot;:&quot;px&quot;,&quot;size&quot;:10,&quot;sizes&quot;:[]},&quot;gap_tablet&quot;:{&quot;unit&quot;:&quot;px&quot;,&quot;size&quot;:10,&quot;sizes&quot;:[]},&quot;gap_mobile&quot;:{&quot;unit&quot;:&quot;px&quot;,&quot;size&quot;:10,&quot;sizes&quot;:[]},&quot;link_to&quot;:&quot;file&quot;,&quot;aspect_ratio&quot;:&quot;3:2&quot;,&quot;overlay_background&quot;:&quot;yes&quot;,&quot;content_hover_animation&quot;:&quot;fade-in&quot;}\" data-widget_type=\"gallery.default\">\n\t\t\t\t<div class=\"elementor-widget-container\">\n\t\t\t\t\t\t\t<div class=\"elementor-gallery__container\">\n\t\t\t\t\t\t\t<a class=\"e-gallery-item elementor-gallery-item elementor-animated-content\" href=\"https:\/\/aviatie-mircea-cantacuzino.ro\/wp-content\/uploads\/2025\/03\/20250310_130337-scaled.jpg\" data-elementor-open-lightbox=\"yes\" data-elementor-lightbox-slideshow=\"916a0c0\" data-elementor-lightbox-title=\"20250310_130337\" data-e-action-hash=\"#elementor-action%3Aaction%3Dlightbox%26settings%3DeyJpZCI6OTExMSwidXJsIjoiaHR0cHM6XC9cL2F2aWF0aWUtbWlyY2VhLWNhbnRhY3V6aW5vLnJvXC93cC1jb250ZW50XC91cGxvYWRzXC8yMDI1XC8wM1wvMjAyNTAzMTBfMTMwMzM3LXNjYWxlZC5qcGciLCJzbGlkZXNob3ciOiI5MTZhMGMwIn0%3D\">\n\t\t\t\t\t<div class=\"e-gallery-image elementor-gallery-item__image\" data-thumbnail=\"https:\/\/aviatie-mircea-cantacuzino.ro\/wp-content\/uploads\/2025\/03\/20250310_130337-225x300.jpg\" data-width=\"225\" data-height=\"300\" aria-label=\"\" role=\"img\" ><\/div>\n\t\t\t\t\t\t\t\t\t\t\t<div class=\"elementor-gallery-item__overlay\"><\/div>\n\t\t\t\t\t\t\t\t\t\t\t\t\t\t<\/a>\n\t\t\t\t\t\t\t<a class=\"e-gallery-item elementor-gallery-item elementor-animated-content\" href=\"https:\/\/aviatie-mircea-cantacuzino.ro\/wp-content\/uploads\/2025\/03\/20250310_122159-scaled-e1741603481249.jpg\" data-elementor-open-lightbox=\"yes\" data-elementor-lightbox-slideshow=\"916a0c0\" data-elementor-lightbox-title=\"20250310_122159\" data-e-action-hash=\"#elementor-action%3Aaction%3Dlightbox%26settings%3DeyJpZCI6OTEwNSwidXJsIjoiaHR0cHM6XC9cL2F2aWF0aWUtbWlyY2VhLWNhbnRhY3V6aW5vLnJvXC93cC1jb250ZW50XC91cGxvYWRzXC8yMDI1XC8wM1wvMjAyNTAzMTBfMTIyMTU5LXNjYWxlZC1lMTc0MTYwMzQ4MTI0OS5qcGciLCJzbGlkZXNob3ciOiI5MTZhMGMwIn0%3D\">\n\t\t\t\t\t<div class=\"e-gallery-image elementor-gallery-item__image\" data-thumbnail=\"https:\/\/aviatie-mircea-cantacuzino.ro\/wp-content\/uploads\/2025\/03\/20250310_122159-scaled-e1741603481249-300x225.jpg\" data-width=\"300\" data-height=\"225\" aria-label=\"\" role=\"img\" ><\/div>\n\t\t\t\t\t\t\t\t\t\t\t<div class=\"elementor-gallery-item__overlay\"><\/div>\n\t\t\t\t\t\t\t\t\t\t\t\t\t\t<\/a>\n\t\t\t\t\t\t\t<a class=\"e-gallery-item elementor-gallery-item elementor-animated-content\" href=\"https:\/\/aviatie-mircea-cantacuzino.ro\/wp-content\/uploads\/2025\/03\/20250310_122246-scaled-e1741603728204.jpg\" data-elementor-open-lightbox=\"yes\" data-elementor-lightbox-slideshow=\"916a0c0\" data-elementor-lightbox-title=\"20250310_122246\" data-e-action-hash=\"#elementor-action%3Aaction%3Dlightbox%26settings%3DeyJpZCI6OTEwNywidXJsIjoiaHR0cHM6XC9cL2F2aWF0aWUtbWlyY2VhLWNhbnRhY3V6aW5vLnJvXC93cC1jb250ZW50XC91cGxvYWRzXC8yMDI1XC8wM1wvMjAyNTAzMTBfMTIyMjQ2LXNjYWxlZC1lMTc0MTYwMzcyODIwNC5qcGciLCJzbGlkZXNob3ciOiI5MTZhMGMwIn0%3D\">\n\t\t\t\t\t<div class=\"e-gallery-image elementor-gallery-item__image\" data-thumbnail=\"https:\/\/aviatie-mircea-cantacuzino.ro\/wp-content\/uploads\/2025\/03\/20250310_122246-scaled-e1741603728204-225x300.jpg\" data-width=\"225\" data-height=\"300\" aria-label=\"\" role=\"img\" ><\/div>\n\t\t\t\t\t\t\t\t\t\t\t<div class=\"elementor-gallery-item__overlay\"><\/div>\n\t\t\t\t\t\t\t\t\t\t\t\t\t\t<\/a>\n\t\t\t\t\t\t\t<a class=\"e-gallery-item elementor-gallery-item elementor-animated-content\" href=\"https:\/\/aviatie-mircea-cantacuzino.ro\/wp-content\/uploads\/2025\/03\/20250310_122310-scaled-e1741603695594.jpg\" data-elementor-open-lightbox=\"yes\" data-elementor-lightbox-slideshow=\"916a0c0\" data-elementor-lightbox-title=\"20250310_122310\" data-e-action-hash=\"#elementor-action%3Aaction%3Dlightbox%26settings%3DeyJpZCI6OTEwOCwidXJsIjoiaHR0cHM6XC9cL2F2aWF0aWUtbWlyY2VhLWNhbnRhY3V6aW5vLnJvXC93cC1jb250ZW50XC91cGxvYWRzXC8yMDI1XC8wM1wvMjAyNTAzMTBfMTIyMzEwLXNjYWxlZC1lMTc0MTYwMzY5NTU5NC5qcGciLCJzbGlkZXNob3ciOiI5MTZhMGMwIn0%3D\">\n\t\t\t\t\t<div class=\"e-gallery-image elementor-gallery-item__image\" data-thumbnail=\"https:\/\/aviatie-mircea-cantacuzino.ro\/wp-content\/uploads\/2025\/03\/20250310_122310-scaled-e1741603695594-225x300.jpg\" data-width=\"225\" data-height=\"300\" aria-label=\"\" role=\"img\" ><\/div>\n\t\t\t\t\t\t\t\t\t\t\t<div class=\"elementor-gallery-item__overlay\"><\/div>\n\t\t\t\t\t\t\t\t\t\t\t\t\t\t<\/a>\n\t\t\t\t\t\t\t<a class=\"e-gallery-item elementor-gallery-item elementor-animated-content\" href=\"https:\/\/aviatie-mircea-cantacuzino.ro\/wp-content\/uploads\/2025\/03\/20250310_130542-scaled.jpg\" data-elementor-open-lightbox=\"yes\" data-elementor-lightbox-slideshow=\"916a0c0\" data-elementor-lightbox-title=\"20250310_130542\" data-e-action-hash=\"#elementor-action%3Aaction%3Dlightbox%26settings%3DeyJpZCI6OTExMywidXJsIjoiaHR0cHM6XC9cL2F2aWF0aWUtbWlyY2VhLWNhbnRhY3V6aW5vLnJvXC93cC1jb250ZW50XC91cGxvYWRzXC8yMDI1XC8wM1wvMjAyNTAzMTBfMTMwNTQyLXNjYWxlZC5qcGciLCJzbGlkZXNob3ciOiI5MTZhMGMwIn0%3D\">\n\t\t\t\t\t<div class=\"e-gallery-image elementor-gallery-item__image\" data-thumbnail=\"https:\/\/aviatie-mircea-cantacuzino.ro\/wp-content\/uploads\/2025\/03\/20250310_130542-300x225.jpg\" data-width=\"300\" data-height=\"225\" aria-label=\"\" role=\"img\" ><\/div>\n\t\t\t\t\t\t\t\t\t\t\t<div class=\"elementor-gallery-item__overlay\"><\/div>\n\t\t\t\t\t\t\t\t\t\t\t\t\t\t<\/a>\n\t\t\t\t\t\t\t<a class=\"e-gallery-item elementor-gallery-item elementor-animated-content\" href=\"https:\/\/aviatie-mircea-cantacuzino.ro\/wp-content\/uploads\/2025\/03\/20250310_130804-scaled-e1741606014268.jpg\" data-elementor-open-lightbox=\"yes\" data-elementor-lightbox-slideshow=\"916a0c0\" data-elementor-lightbox-title=\"20250310_130804\" data-e-action-hash=\"#elementor-action%3Aaction%3Dlightbox%26settings%3DeyJpZCI6OTExNCwidXJsIjoiaHR0cHM6XC9cL2F2aWF0aWUtbWlyY2VhLWNhbnRhY3V6aW5vLnJvXC93cC1jb250ZW50XC91cGxvYWRzXC8yMDI1XC8wM1wvMjAyNTAzMTBfMTMwODA0LXNjYWxlZC1lMTc0MTYwNjAxNDI2OC5qcGciLCJzbGlkZXNob3ciOiI5MTZhMGMwIn0%3D\">\n\t\t\t\t\t<div class=\"e-gallery-image elementor-gallery-item__image\" data-thumbnail=\"https:\/\/aviatie-mircea-cantacuzino.ro\/wp-content\/uploads\/2025\/03\/20250310_130804-scaled-e1741606014268-300x225.jpg\" data-width=\"300\" data-height=\"225\" aria-label=\"\" role=\"img\" ><\/div>\n\t\t\t\t\t\t\t\t\t\t\t<div class=\"elementor-gallery-item__overlay\"><\/div>\n\t\t\t\t\t\t\t\t\t\t\t\t\t\t<\/a>\n\t\t\t\t\t\t\t<a class=\"e-gallery-item elementor-gallery-item elementor-animated-content\" href=\"https:\/\/aviatie-mircea-cantacuzino.ro\/wp-content\/uploads\/2025\/03\/20250310_130824-scaled-e1741605997183.jpg\" data-elementor-open-lightbox=\"yes\" data-elementor-lightbox-slideshow=\"916a0c0\" data-elementor-lightbox-title=\"20250310_130824\" data-e-action-hash=\"#elementor-action%3Aaction%3Dlightbox%26settings%3DeyJpZCI6OTExNSwidXJsIjoiaHR0cHM6XC9cL2F2aWF0aWUtbWlyY2VhLWNhbnRhY3V6aW5vLnJvXC93cC1jb250ZW50XC91cGxvYWRzXC8yMDI1XC8wM1wvMjAyNTAzMTBfMTMwODI0LXNjYWxlZC1lMTc0MTYwNTk5NzE4My5qcGciLCJzbGlkZXNob3ciOiI5MTZhMGMwIn0%3D\">\n\t\t\t\t\t<div class=\"e-gallery-image elementor-gallery-item__image\" data-thumbnail=\"https:\/\/aviatie-mircea-cantacuzino.ro\/wp-content\/uploads\/2025\/03\/20250310_130824-scaled-e1741605997183-300x225.jpg\" data-width=\"300\" data-height=\"225\" aria-label=\"\" role=\"img\" ><\/div>\n\t\t\t\t\t\t\t\t\t\t\t<div class=\"elementor-gallery-item__overlay\"><\/div>\n\t\t\t\t\t\t\t\t\t\t\t\t\t\t<\/a>\n\t\t\t\t\t\t\t<a class=\"e-gallery-item elementor-gallery-item elementor-animated-content\" href=\"https:\/\/aviatie-mircea-cantacuzino.ro\/wp-content\/uploads\/2025\/03\/20250310_122348-scaled-e1741603814732.jpg\" data-elementor-open-lightbox=\"yes\" data-elementor-lightbox-slideshow=\"916a0c0\" data-elementor-lightbox-title=\"20250310_122348\" data-e-action-hash=\"#elementor-action%3Aaction%3Dlightbox%26settings%3DeyJpZCI6OTEwOSwidXJsIjoiaHR0cHM6XC9cL2F2aWF0aWUtbWlyY2VhLWNhbnRhY3V6aW5vLnJvXC93cC1jb250ZW50XC91cGxvYWRzXC8yMDI1XC8wM1wvMjAyNTAzMTBfMTIyMzQ4LXNjYWxlZC1lMTc0MTYwMzgxNDczMi5qcGciLCJzbGlkZXNob3ciOiI5MTZhMGMwIn0%3D\">\n\t\t\t\t\t<div class=\"e-gallery-image elementor-gallery-item__image\" data-thumbnail=\"https:\/\/aviatie-mircea-cantacuzino.ro\/wp-content\/uploads\/2025\/03\/20250310_122348-scaled-e1741603814732-225x300.jpg\" data-width=\"225\" data-height=\"300\" aria-label=\"\" role=\"img\" ><\/div>\n\t\t\t\t\t\t\t\t\t\t\t<div class=\"elementor-gallery-item__overlay\"><\/div>\n\t\t\t\t\t\t\t\t\t\t\t\t\t\t<\/a>\n\t\t\t\t\t<\/div>\n\t\t\t\t\t<\/div>\n\t\t\t\t<\/div>\n\t\t\t\t\t<\/div>\n\t\t<\/div>\n\t\t\t\t\t<\/div>\n\t\t<\/section>\n\t\t\t\t<\/div>","protected":false},"excerpt":{"rendered":"<p>\u00a0 Scurt istoric Familia Cantacuzino este una dintre cele mai vechi familii nobiliare din Rom\u00e2nia \u0219i din zona Balcanilor, primele men\u021biuni dat\u00e2nd \u00eenc\u0103 din secolul al XI-lea d.Hr. De-a lungul secolelor, familia a dat lumii mari domnitori \u0219i oameni de stat, c\u0103rturari \u0219i multe alte personalit\u0103\u021bi, \u00een diverse domenii de activitate.Aceasta este o foarte scurt\u0103 [&hellip;]<\/p>","protected":false},"author":2,"featured_media":0,"parent":7474,"menu_order":1,"comment_status":"closed","ping_status":"closed","template":"","meta":{"footnotes":""},"class_list":["post-7475","page","type-page","status-publish","hentry"],"_links":{"self":[{"href":"https:\/\/aviatie-mircea-cantacuzino.ro\/en\/wp-json\/wp\/v2\/pages\/7475","targetHints":{"allow":["GET"]}}],"collection":[{"href":"https:\/\/aviatie-mircea-cantacuzino.ro\/en\/wp-json\/wp\/v2\/pages"}],"about":[{"href":"https:\/\/aviatie-mircea-cantacuzino.ro\/en\/wp-json\/wp\/v2\/types\/page"}],"author":[{"embeddable":true,"href":"https:\/\/aviatie-mircea-cantacuzino.ro\/en\/wp-json\/wp\/v2\/users\/2"}],"replies":[{"embeddable":true,"href":"https:\/\/aviatie-mircea-cantacuzino.ro\/en\/wp-json\/wp\/v2\/comments?post=7475"}],"version-history":[{"count":0,"href":"https:\/\/aviatie-mircea-cantacuzino.ro\/en\/wp-json\/wp\/v2\/pages\/7475\/revisions"}],"up":[{"embeddable":true,"href":"https:\/\/aviatie-mircea-cantacuzino.ro\/en\/wp-json\/wp\/v2\/pages\/7474"}],"wp:attachment":[{"href":"https:\/\/aviatie-mircea-cantacuzino.ro\/en\/wp-json\/wp\/v2\/media?parent=7475"}],"curies":[{"name":"wp","href":"https:\/\/api.w.org\/{rel}","templated":true}]}}