{"id":7472,"date":"2012-06-22T12:23:08","date_gmt":"2012-06-22T12:23:08","guid":{"rendered":"http:\/\/v2.irinelnicoara.ro\/aviatie\/?page_id=56"},"modified":"2025-03-17T15:20:48","modified_gmt":"2025-03-17T13:20:48","slug":"dare-de-seama","status":"publish","type":"page","link":"https:\/\/aviatie-mircea-cantacuzino.ro\/en\/scoala-de-aviatie\/documentele-scolii\/dare-de-seama\/","title":{"rendered":"Notice"},"content":{"rendered":"<div data-elementor-type=\"wp-page\" data-elementor-id=\"7472\" class=\"elementor elementor-7472\" data-elementor-post-type=\"page\">\n\t\t\t\t\t\t<section class=\"elementor-section elementor-top-section elementor-element elementor-element-d62c23b elementor-section-boxed elementor-section-height-default elementor-section-height-default\" data-id=\"d62c23b\" data-element_type=\"section\" data-e-type=\"section\">\n\t\t\t\t\t\t<div class=\"elementor-container elementor-column-gap-default\">\n\t\t\t\t\t<div class=\"elementor-column elementor-col-100 elementor-top-column elementor-element elementor-element-929ceef\" data-id=\"929ceef\" data-element_type=\"column\" data-e-type=\"column\">\n\t\t\t<div class=\"elementor-widget-wrap elementor-element-populated\">\n\t\t\t\t\t\t<div class=\"elementor-element elementor-element-7bada74 elementor-widget elementor-widget-text-editor\" data-id=\"7bada74\" data-element_type=\"widget\" data-e-type=\"widget\" data-widget_type=\"text-editor.default\">\n\t\t\t\t<div class=\"elementor-widget-container\">\n\t\t\t\t\t\t\t\t\t<p>The reports are thought of as a narrative, being captivating introductions to the atmosphere of the time both through the linguistic style and through reporting on the events of that period.<\/p>\t\t\t\t\t\t\t\t<\/div>\n\t\t\t\t<\/div>\n\t\t\t\t\t<\/div>\n\t\t<\/div>\n\t\t\t\t\t<\/div>\n\t\t<\/section>\n\t\t\t\t<section class=\"elementor-section elementor-top-section elementor-element elementor-element-16939abd elementor-section-boxed elementor-section-height-default elementor-section-height-default\" data-id=\"16939abd\" data-element_type=\"section\" data-e-type=\"section\">\n\t\t\t\t\t\t<div class=\"elementor-container elementor-column-gap-default\">\n\t\t\t\t\t<div class=\"elementor-column elementor-col-100 elementor-top-column elementor-element elementor-element-33dbcaf2\" data-id=\"33dbcaf2\" data-element_type=\"column\" data-e-type=\"column\">\n\t\t\t<div class=\"elementor-widget-wrap elementor-element-populated\">\n\t\t\t\t\t\t<section class=\"elementor-section elementor-inner-section elementor-element elementor-element-f44992e elementor-section-boxed elementor-section-height-default elementor-section-height-default\" data-id=\"f44992e\" data-element_type=\"section\" data-e-type=\"section\">\n\t\t\t\t\t\t<div class=\"elementor-container elementor-column-gap-default\">\n\t\t\t\t\t<div class=\"elementor-column elementor-col-50 elementor-inner-column elementor-element elementor-element-321bed5\" data-id=\"321bed5\" data-element_type=\"column\" data-e-type=\"column\">\n\t\t\t<div class=\"elementor-widget-wrap elementor-element-populated\">\n\t\t\t\t\t\t<div class=\"elementor-element elementor-element-35430ce elementor-widget elementor-widget-text-editor\" data-id=\"35430ce\" data-element_type=\"widget\" data-e-type=\"widget\" data-widget_type=\"text-editor.default\">\n\t\t\t\t<div class=\"elementor-widget-container\">\n\t\t\t\t\t\t\t\t\t<p><a title=\"Notice 1930\" href=\"http:\/\/aviatie-mircea-cantacuzino.ro\/en\/scoala-de-aviatie\/documentele-scolii\/dare-de-seama\/dare-de-seama-1931\/\">Notice 1930<br \/><\/a><\/p><p>\u00a0 \u00a0 \u00a0<a href=\"http:\/\/aviatie-mircea-cantacuzino.ro\/en\/scoala-de-aviatie\/documentele-scolii\/dare-de-seama\/dare-de-seama-1931\/\"><img fetchpriority=\"high\" decoding=\"async\" class=\"aligncenter\" src=\"https:\/\/aviatie-mircea-cantacuzino.ro\/wp-content\/uploads\/2012\/06\/1930-cover-150x150.jpg\" alt=\"1930 cover\" width=\"225\" height=\"225\" \/><\/a><\/p>\t\t\t\t\t\t\t\t<\/div>\n\t\t\t\t<\/div>\n\t\t\t\t\t<\/div>\n\t\t<\/div>\n\t\t\t\t<div class=\"elementor-column elementor-col-50 elementor-inner-column elementor-element elementor-element-61a826b\" data-id=\"61a826b\" data-element_type=\"column\" data-e-type=\"column\">\n\t\t\t<div class=\"elementor-widget-wrap elementor-element-populated\">\n\t\t\t\t\t\t<div class=\"elementor-element elementor-element-f812c3c elementor-widget elementor-widget-text-editor\" data-id=\"f812c3c\" data-element_type=\"widget\" data-e-type=\"widget\" data-widget_type=\"text-editor.default\">\n\t\t\t\t<div class=\"elementor-widget-container\">\n\t\t\t\t\t\t\t\t\t<p>\u00a0 \u00a0<a title=\"Notice 1931\" href=\"http:\/\/aviatie-mircea-cantacuzino.ro\/en\/scoala-de-aviatie\/documentele-scolii\/dare-de-seama\/dare-de-seama-1931-2\/\">Notice 1931<br \/><\/a><\/p><p>\u00a0 \u00a0 \u00a0 \u00a0 \u00a0 <a href=\"http:\/\/aviatie-mircea-cantacuzino.ro\/en\/scoala-de-aviatie\/documentele-scolii\/dare-de-seama\/dare-de-seama-1931-2\/\"><img decoding=\"async\" class=\"wp-image-4285 aligncenter\" src=\"https:\/\/aviatie-mircea-cantacuzino.ro\/wp-content\/uploads\/2012\/06\/1931-cover-150x150.jpg\" alt=\"1931 cover\" width=\"231\" height=\"231\" \/><\/a><\/p>\t\t\t\t\t\t\t\t<\/div>\n\t\t\t\t<\/div>\n\t\t\t\t\t<\/div>\n\t\t<\/div>\n\t\t\t\t\t<\/div>\n\t\t<\/section>\n\t\t\t\t\t<\/div>\n\t\t<\/div>\n\t\t\t\t\t<\/div>\n\t\t<\/section>\n\t\t\t\t<section class=\"elementor-section elementor-top-section elementor-element elementor-element-8019b35 elementor-section-boxed elementor-section-height-default elementor-section-height-default\" data-id=\"8019b35\" data-element_type=\"section\" data-e-type=\"section\">\n\t\t\t\t\t\t<div class=\"elementor-container elementor-column-gap-default\">\n\t\t\t\t\t<div class=\"elementor-column elementor-col-100 elementor-top-column elementor-element elementor-element-8526df5\" data-id=\"8526df5\" data-element_type=\"column\" data-e-type=\"column\">\n\t\t\t<div class=\"elementor-widget-wrap elementor-element-populated\">\n\t\t\t\t\t\t<section class=\"elementor-section elementor-inner-section elementor-element elementor-element-a23e5b3 elementor-section-boxed elementor-section-height-default elementor-section-height-default\" data-id=\"a23e5b3\" data-element_type=\"section\" data-e-type=\"section\">\n\t\t\t\t\t\t<div class=\"elementor-container elementor-column-gap-default\">\n\t\t\t\t\t<div class=\"elementor-column elementor-col-50 elementor-inner-column elementor-element elementor-element-9472af4\" data-id=\"9472af4\" data-element_type=\"column\" data-e-type=\"column\">\n\t\t\t<div class=\"elementor-widget-wrap elementor-element-populated\">\n\t\t\t\t\t\t<div class=\"elementor-element elementor-element-3f9c505 elementor-widget elementor-widget-text-editor\" data-id=\"3f9c505\" data-element_type=\"widget\" data-e-type=\"widget\" data-widget_type=\"text-editor.default\">\n\t\t\t\t<div class=\"elementor-widget-container\">\n\t\t\t\t\t\t\t\t\t<p><a title=\"Notice 1932\" href=\"http:\/\/aviatie-mircea-cantacuzino.ro\/en\/scoala-de-aviatie\/documentele-scolii\/dare-de-seama\/dare-de-seama-1932\/\">Notice 1932<br \/><\/a><\/p><p><a href=\"http:\/\/aviatie-mircea-cantacuzino.ro\/en\/scoala-de-aviatie\/documentele-scolii\/dare-de-seama\/dare-de-seama-1932\/\"><img decoding=\"async\" class=\"wp-image-4300 alignnone\" src=\"https:\/\/aviatie-mircea-cantacuzino.ro\/wp-content\/uploads\/2012\/06\/1932-cover-150x150.jpg\" alt=\"1932 cover\" width=\"227\" height=\"227\" \/><\/a><\/p>\t\t\t\t\t\t\t\t<\/div>\n\t\t\t\t<\/div>\n\t\t\t\t\t<\/div>\n\t\t<\/div>\n\t\t\t\t<div class=\"elementor-column elementor-col-50 elementor-inner-column elementor-element elementor-element-ff39c9f\" data-id=\"ff39c9f\" data-element_type=\"column\" data-e-type=\"column\">\n\t\t\t<div class=\"elementor-widget-wrap elementor-element-populated\">\n\t\t\t\t\t\t<div class=\"elementor-element elementor-element-d50a0ac elementor-widget elementor-widget-text-editor\" data-id=\"d50a0ac\" data-element_type=\"widget\" data-e-type=\"widget\" data-widget_type=\"text-editor.default\">\n\t\t\t\t<div class=\"elementor-widget-container\">\n\t\t\t\t\t\t\t\t\t<p>\u00a0<a title=\"Notice 1933\" href=\"http:\/\/aviatie-mircea-cantacuzino.ro\/en\/scoala-de-aviatie\/documentele-scolii\/dare-de-seama\/dare-de-seama-1933\/\">Notice 1933<br \/><\/a><\/p><p>\u00a0 \u00a0 \u00a0 \u00a0 \u00a0 <a href=\"http:\/\/aviatie-mircea-cantacuzino.ro\/en\/scoala-de-aviatie\/documentele-scolii\/dare-de-seama\/dare-de-seama-1933\/\"><img loading=\"lazy\" decoding=\"async\" class=\"wp-image-4303 alignnone\" src=\"https:\/\/aviatie-mircea-cantacuzino.ro\/wp-content\/uploads\/2012\/06\/1933-cover-150x150.jpg\" alt=\"1933 cover\" width=\"226\" height=\"226\" \/><\/a><\/p>\t\t\t\t\t\t\t\t<\/div>\n\t\t\t\t<\/div>\n\t\t\t\t\t<\/div>\n\t\t<\/div>\n\t\t\t\t\t<\/div>\n\t\t<\/section>\n\t\t\t\t<section class=\"elementor-section elementor-inner-section elementor-element elementor-element-39e8b5b elementor-section-boxed elementor-section-height-default elementor-section-height-default\" data-id=\"39e8b5b\" data-element_type=\"section\" data-e-type=\"section\">\n\t\t\t\t\t\t<div class=\"elementor-container elementor-column-gap-default\">\n\t\t\t\t\t<div class=\"elementor-column elementor-col-50 elementor-inner-column elementor-element elementor-element-83afa7b\" data-id=\"83afa7b\" data-element_type=\"column\" data-e-type=\"column\">\n\t\t\t<div class=\"elementor-widget-wrap elementor-element-populated\">\n\t\t\t\t\t\t<div class=\"elementor-element elementor-element-05d4a1d elementor-widget elementor-widget-text-editor\" data-id=\"05d4a1d\" data-element_type=\"widget\" data-e-type=\"widget\" data-widget_type=\"text-editor.default\">\n\t\t\t\t<div class=\"elementor-widget-container\">\n\t\t\t\t\t\t\t\t\t<p><a title=\"Dare de Seam\u0103 1934 \u2013 1935\" href=\"http:\/\/aviatie-mircea-cantacuzino.ro\/en\/scoala-de-aviatie\/documentele-scolii\/dare-de-seama\/dare-de-seama-1934-1935\/\">Notice \u201934 \u2013 \u201935<br \/><\/a><\/p><p><a href=\"http:\/\/aviatie-mircea-cantacuzino.ro\/en\/scoala-de-aviatie\/documentele-scolii\/dare-de-seama\/dare-de-seama-1934-1935\/\"><img loading=\"lazy\" decoding=\"async\" class=\"wp-image-4307 alignnone\" src=\"https:\/\/aviatie-mircea-cantacuzino.ro\/wp-content\/uploads\/2012\/06\/1934-1935-cover-150x150.jpg\" alt=\"1934-1935 cover\" width=\"257\" height=\"257\" \/><\/a><\/p>\t\t\t\t\t\t\t\t<\/div>\n\t\t\t\t<\/div>\n\t\t\t\t\t<\/div>\n\t\t<\/div>\n\t\t\t\t<div class=\"elementor-column elementor-col-50 elementor-inner-column elementor-element elementor-element-0142948\" data-id=\"0142948\" data-element_type=\"column\" data-e-type=\"column\">\n\t\t\t<div class=\"elementor-widget-wrap elementor-element-populated\">\n\t\t\t\t\t\t<div class=\"elementor-element elementor-element-026e22b elementor-widget elementor-widget-text-editor\" data-id=\"026e22b\" data-element_type=\"widget\" data-e-type=\"widget\" data-widget_type=\"text-editor.default\">\n\t\t\t\t<div class=\"elementor-widget-container\">\n\t\t\t\t\t\t\t\t\t<p><a title=\"Notice 1936\" href=\"http:\/\/aviatie-mircea-cantacuzino.ro\/en\/scoala-de-aviatie\/documentele-scolii\/dare-de-seama\/dare-de-seama-1936\/\">Notice 1936<br \/><\/a><\/p><p>\u00a0 \u00a0 \u00a0 \u00a0 \u00a0<a href=\"http:\/\/aviatie-mircea-cantacuzino.ro\/en\/scoala-de-aviatie\/documentele-scolii\/dare-de-seama\/dare-de-seama-1936\/\"><img loading=\"lazy\" decoding=\"async\" class=\"wp-image-4310 alignnone\" src=\"https:\/\/aviatie-mircea-cantacuzino.ro\/wp-content\/uploads\/2012\/06\/1936-cover-150x150.jpg\" alt=\"1936 cover\" width=\"221\" height=\"221\" \/><\/a><\/p>\t\t\t\t\t\t\t\t<\/div>\n\t\t\t\t<\/div>\n\t\t\t\t\t<\/div>\n\t\t<\/div>\n\t\t\t\t\t<\/div>\n\t\t<\/section>\n\t\t\t\t\t<\/div>\n\t\t<\/div>\n\t\t\t\t\t<\/div>\n\t\t<\/section>\n\t\t\t\t<\/div>","protected":false},"excerpt":{"rendered":"<p>Rapoartele sunt g\u00e2ndite ca o nara\u021biune, fiind captivante introduceri \u00een atmosfera vremii at\u00e2t prin stilul lingvistic, c\u00e2t \u0219i prin raport\u0103rile la evenimentele din cea perioad\u0103. Dare de Seam\u0103 1930 \u00a0 \u00a0 \u00a0 \u00a0 \u00a0Dare de Seam\u0103 1931 \u00a0 \u00a0 \u00a0 \u00a0 \u00a0 Dare de Seam\u0103 1932 \u00a0Dare de Seam\u0103 1933 \u00a0 \u00a0 \u00a0 \u00a0 \u00a0 [&hellip;]<\/p>","protected":false},"author":2,"featured_media":0,"parent":4262,"menu_order":6,"comment_status":"closed","ping_status":"closed","template":"","meta":{"footnotes":""},"class_list":["post-7472","page","type-page","status-publish","hentry"],"_links":{"self":[{"href":"https:\/\/aviatie-mircea-cantacuzino.ro\/en\/wp-json\/wp\/v2\/pages\/7472","targetHints":{"allow":["GET"]}}],"collection":[{"href":"https:\/\/aviatie-mircea-cantacuzino.ro\/en\/wp-json\/wp\/v2\/pages"}],"about":[{"href":"https:\/\/aviatie-mircea-cantacuzino.ro\/en\/wp-json\/wp\/v2\/types\/page"}],"author":[{"embeddable":true,"href":"https:\/\/aviatie-mircea-cantacuzino.ro\/en\/wp-json\/wp\/v2\/users\/2"}],"replies":[{"embeddable":true,"href":"https:\/\/aviatie-mircea-cantacuzino.ro\/en\/wp-json\/wp\/v2\/comments?post=7472"}],"version-history":[{"count":0,"href":"https:\/\/aviatie-mircea-cantacuzino.ro\/en\/wp-json\/wp\/v2\/pages\/7472\/revisions"}],"up":[{"embeddable":true,"href":"https:\/\/aviatie-mircea-cantacuzino.ro\/en\/wp-json\/wp\/v2\/pages\/4262"}],"wp:attachment":[{"href":"https:\/\/aviatie-mircea-cantacuzino.ro\/en\/wp-json\/wp\/v2\/media?parent=7472"}],"curies":[{"name":"wp","href":"https:\/\/api.w.org\/{rel}","templated":true}]}}