{"id":7471,"date":"2012-06-22T12:18:45","date_gmt":"2012-06-22T12:18:45","guid":{"rendered":"http:\/\/v2.irinelnicoara.ro\/aviatie\/?page_id=51"},"modified":"2023-12-06T11:02:54","modified_gmt":"2023-12-06T09:02:54","slug":"flota","status":"publish","type":"page","link":"https:\/\/aviatie-mircea-cantacuzino.ro\/en\/scoala-de-aviatie\/flota\/","title":{"rendered":"Fleet"},"content":{"rendered":"<div data-elementor-type=\"wp-page\" data-elementor-id=\"7471\" class=\"elementor elementor-7471\" data-elementor-post-type=\"page\">\n\t\t\t\t\t\t<section class=\"elementor-section elementor-top-section elementor-element elementor-element-7919e571 elementor-section-boxed elementor-section-height-default elementor-section-height-default\" data-id=\"7919e571\" data-element_type=\"section\" data-e-type=\"section\">\n\t\t\t\t\t\t<div class=\"elementor-container elementor-column-gap-default\">\n\t\t\t\t\t<div class=\"elementor-column elementor-col-100 elementor-top-column elementor-element elementor-element-4edc8b49\" data-id=\"4edc8b49\" data-element_type=\"column\" data-e-type=\"column\">\n\t\t\t<div class=\"elementor-widget-wrap elementor-element-populated\">\n\t\t\t\t\t\t<div class=\"elementor-element elementor-element-117cbc74 elementor-widget elementor-widget-text-editor\" data-id=\"117cbc74\" data-element_type=\"widget\" data-e-type=\"widget\" data-widget_type=\"text-editor.default\">\n\t\t\t\t<div class=\"elementor-widget-container\">\n\t\t\t\t\t\t\t\t\t<p style=\"text-align: center;\"><img fetchpriority=\"high\" decoding=\"async\" class=\"aligncenter wp-image-2698 size-full\" src=\"https:\/\/aviatie-mircea-cantacuzino.ro\/wp-content\/uploads\/2012\/06\/Ing.-I-Cociasu-si-Mircea-Cantacuzino.jpg\" alt=\"\" width=\"1024\" height=\"679\" srcset=\"https:\/\/aviatie-mircea-cantacuzino.ro\/wp-content\/uploads\/2012\/06\/Ing.-I-Cociasu-si-Mircea-Cantacuzino.jpg 1024w, https:\/\/aviatie-mircea-cantacuzino.ro\/wp-content\/uploads\/2012\/06\/Ing.-I-Cociasu-si-Mircea-Cantacuzino-300x199.jpg 300w, https:\/\/aviatie-mircea-cantacuzino.ro\/wp-content\/uploads\/2012\/06\/Ing.-I-Cociasu-si-Mircea-Cantacuzino-768x509.jpg 768w, https:\/\/aviatie-mircea-cantacuzino.ro\/wp-content\/uploads\/2012\/06\/Ing.-I-Cociasu-si-Mircea-Cantacuzino-18x12.jpg 18w, https:\/\/aviatie-mircea-cantacuzino.ro\/wp-content\/uploads\/2012\/06\/Ing.-I-Cociasu-si-Mircea-Cantacuzino-600x398.jpg 600w, https:\/\/aviatie-mircea-cantacuzino.ro\/wp-content\/uploads\/2012\/06\/Ing.-I-Cociasu-si-Mircea-Cantacuzino-560x371.jpg 560w\" sizes=\"(max-width: 1024px) 100vw, 1024px\" \/><\/p><p style=\"text-align: left;\">At its debut, in 1928, the \"Mircea Cantacuzino\" Aviation School had only one Klemm airplane, purchased by Mircea Cantacuzino. In 1929, four more airplanes, also Klemm brand, are purchased.<\/p><p>After the Mircea 's death in a plane accident, the school was left with only one plane, a situation that was preserved in 1931 \u2013 an apparatus made available by Ioana Cantacuzino. In 1932, the school operates with its own plane and Ioana's, as well as with two machines donated by the Romanian Aviation Propaganda Association (A.R.P.A.). In 1933, the school had two of its own planes, so that in 1934-1935 it was left with only one plane again.<\/p><p>The year 1936 is the most prolific in the history of the association and the school, owning two Universal ICARs, made available by the State Air Secretariat (S.S.A.), along with three Messerschmitts, the property of the school.<\/p><p>In 1937 the school ordered a de Havilland Mot plane, three German Klemm planes and three Czech Zlin XII planes.<\/p><p>Throughout the existence of the school, however, the number of private aircraft owners increases.<\/p><p>The \"Mircea Cantacuzino\" aviation school is connected to the latest news in the field of aeronautics, both through the airplanes it purchases (Romanian or foreign), through the raids it organizes in the country or internationally, as well as through the entrepreneurial actions it develops: leisure flights over Bucharest, aerial advertising services or planing.<\/p><p>We invite you to a journey into a fascinating world of airplane history whose story is linked to the \"Mircea Cantacuzino\" Aviation School.<\/p>\t\t\t\t\t\t\t\t<\/div>\n\t\t\t\t<\/div>\n\t\t\t\t<div class=\"elementor-element elementor-element-f25d8ac elementor-grid-4 elementor-grid-tablet-2 elementor-grid-mobile-1 elementor-posts--thumbnail-top elementor-card-shadow-yes elementor-posts__hover-gradient load-more-align-center elementor-widget elementor-widget-posts\" data-id=\"f25d8ac\" data-element_type=\"widget\" data-e-type=\"widget\" data-settings=\"{&quot;cards_columns&quot;:&quot;4&quot;,&quot;pagination_type&quot;:&quot;load_more_on_click&quot;,&quot;cards_columns_tablet&quot;:&quot;2&quot;,&quot;cards_columns_mobile&quot;:&quot;1&quot;,&quot;cards_row_gap&quot;:{&quot;unit&quot;:&quot;px&quot;,&quot;size&quot;:35,&quot;sizes&quot;:[]},&quot;cards_row_gap_tablet&quot;:{&quot;unit&quot;:&quot;px&quot;,&quot;size&quot;:&quot;&quot;,&quot;sizes&quot;:[]},&quot;cards_row_gap_mobile&quot;:{&quot;unit&quot;:&quot;px&quot;,&quot;size&quot;:&quot;&quot;,&quot;sizes&quot;:[]},&quot;load_more_spinner&quot;:{&quot;value&quot;:&quot;fas fa-spinner&quot;,&quot;library&quot;:&quot;fa-solid&quot;}}\" data-widget_type=\"posts.cards\">\n\t\t\t\t<div class=\"elementor-widget-container\">\n\t\t\t\t\t\t\t<div class=\"elementor-posts-container elementor-posts elementor-posts--skin-cards elementor-grid\" role=\"list\">\n\t\t\t\t<article class=\"elementor-post elementor-grid-item post-543 post type-post status-publish format-standard has-post-thumbnail hentry category-flota category-ionel-ghika category-octav-oculeanu\" role=\"listitem\">\n\t\t\t<div class=\"elementor-post__card\">\n\t\t\t\t<a class=\"elementor-post__thumbnail__link\" href=\"https:\/\/aviatie-mircea-cantacuzino.ro\/en\/set-3-set-31\/\" tabindex=\"-1\" ><div class=\"elementor-post__thumbnail\"><img decoding=\"async\" width=\"300\" height=\"240\" src=\"https:\/\/aviatie-mircea-cantacuzino.ro\/wp-content\/uploads\/2012\/08\/239243566-4174-500_500-300x240.jpg\" class=\"attachment-medium size-medium wp-image-1652\" alt=\"\" srcset=\"https:\/\/aviatie-mircea-cantacuzino.ro\/wp-content\/uploads\/2012\/08\/239243566-4174-500_500-300x240.jpg 300w, https:\/\/aviatie-mircea-cantacuzino.ro\/wp-content\/uploads\/2012\/08\/239243566-4174-500_500-15x12.jpg 15w, https:\/\/aviatie-mircea-cantacuzino.ro\/wp-content\/uploads\/2012\/08\/239243566-4174-500_500.jpg 500w\" sizes=\"(max-width: 300px) 100vw, 300px\" \/><\/div><\/a>\n\t\t\t\t<div class=\"elementor-post__text\">\n\t\t\t\t<h5 class=\"elementor-post__title\">\n\t\t\t<a href=\"https:\/\/aviatie-mircea-cantacuzino.ro\/en\/set-3-set-31\/\" >\n\t\t\t\tSET 3 (SET 31)\t\t\t<\/a>\n\t\t<\/h5>\n\t\t\t\t<div class=\"elementor-post__excerpt\">\n\t\t\t<p>Fabricant:\u00a0SETProiectant:\u00a0Grigore ZamfirescuPrimul zbor:\u00a01928 Specifica\u021bii (SET 31) Caracteristici generale Echipaj:\u00a0Doi, pilot si instructor Lungime:\u00a07.20 m (23<\/p>\n\t\t<\/div>\n\t\t\n\t\t<a class=\"elementor-post__read-more\" href=\"https:\/\/aviatie-mircea-cantacuzino.ro\/en\/set-3-set-31\/\" aria-label=\"Read more about SET 3 (SET 31)\" tabindex=\"-1\" >\n\t\t\tRead More \u00bb\t\t<\/a>\n\n\t\t\t\t<\/div>\n\t\t\t\t\t<\/div>\n\t\t<\/article>\n\t\t\t\t<article class=\"elementor-post elementor-grid-item post-540 post type-post status-publish format-standard has-post-thumbnail hentry category-flota category-nadia-russo category-virginia-dutescu\" role=\"listitem\">\n\t\t\t<div class=\"elementor-post__card\">\n\t\t\t\t<a class=\"elementor-post__thumbnail__link\" href=\"https:\/\/aviatie-mircea-cantacuzino.ro\/en\/rwd-13\/\" tabindex=\"-1\" ><div class=\"elementor-post__thumbnail\"><img decoding=\"async\" width=\"300\" height=\"208\" src=\"https:\/\/aviatie-mircea-cantacuzino.ro\/wp-content\/uploads\/2012\/08\/air_dropping_supplies_to_yehiam_1948-300x208.jpg\" class=\"attachment-medium size-medium wp-image-1654\" alt=\"\" srcset=\"https:\/\/aviatie-mircea-cantacuzino.ro\/wp-content\/uploads\/2012\/08\/air_dropping_supplies_to_yehiam_1948-300x208.jpg 300w, https:\/\/aviatie-mircea-cantacuzino.ro\/wp-content\/uploads\/2012\/08\/air_dropping_supplies_to_yehiam_1948-18x12.jpg 18w, https:\/\/aviatie-mircea-cantacuzino.ro\/wp-content\/uploads\/2012\/08\/air_dropping_supplies_to_yehiam_1948-600x416.jpg 600w, https:\/\/aviatie-mircea-cantacuzino.ro\/wp-content\/uploads\/2012\/08\/air_dropping_supplies_to_yehiam_1948-560x389.jpg 560w, https:\/\/aviatie-mircea-cantacuzino.ro\/wp-content\/uploads\/2012\/08\/air_dropping_supplies_to_yehiam_1948.jpg 640w\" sizes=\"(max-width: 300px) 100vw, 300px\" \/><\/div><\/a>\n\t\t\t\t<div class=\"elementor-post__text\">\n\t\t\t\t<h5 class=\"elementor-post__title\">\n\t\t\t<a href=\"https:\/\/aviatie-mircea-cantacuzino.ro\/en\/rwd-13\/\" >\n\t\t\t\tRWD-13\t\t\t<\/a>\n\t\t<\/h5>\n\t\t\t\t<div class=\"elementor-post__excerpt\">\n\t\t\t<p>RWD-13A fost un avion de distan\u021b\u0103 scurt\u0103 din 1935, trei locuri, arip\u0103 mare, monoplan, proiectat<\/p>\n\t\t<\/div>\n\t\t\n\t\t<a class=\"elementor-post__read-more\" href=\"https:\/\/aviatie-mircea-cantacuzino.ro\/en\/rwd-13\/\" aria-label=\"Read more about RWD-13\" tabindex=\"-1\" >\n\t\t\tRead More \u00bb\t\t<\/a>\n\n\t\t\t\t<\/div>\n\t\t\t\t\t<\/div>\n\t\t<\/article>\n\t\t\t\t<article class=\"elementor-post elementor-grid-item post-538 post type-post status-publish format-standard has-post-thumbnail hentry category-alexandru-frim category-flota\" role=\"listitem\">\n\t\t\t<div class=\"elementor-post__card\">\n\t\t\t\t<a class=\"elementor-post__thumbnail__link\" href=\"https:\/\/aviatie-mircea-cantacuzino.ro\/en\/pzl-p-24\/\" tabindex=\"-1\" ><div class=\"elementor-post__thumbnail\"><img loading=\"lazy\" decoding=\"async\" width=\"300\" height=\"140\" src=\"https:\/\/aviatie-mircea-cantacuzino.ro\/wp-content\/uploads\/2012\/08\/800px-pzl24_prototyp-300x140.jpg\" class=\"attachment-medium size-medium wp-image-1657\" alt=\"\" srcset=\"https:\/\/aviatie-mircea-cantacuzino.ro\/wp-content\/uploads\/2012\/08\/800px-pzl24_prototyp-300x140.jpg 300w, https:\/\/aviatie-mircea-cantacuzino.ro\/wp-content\/uploads\/2012\/08\/800px-pzl24_prototyp-768x357.jpg 768w, https:\/\/aviatie-mircea-cantacuzino.ro\/wp-content\/uploads\/2012\/08\/800px-pzl24_prototyp-18x8.jpg 18w, https:\/\/aviatie-mircea-cantacuzino.ro\/wp-content\/uploads\/2012\/08\/800px-pzl24_prototyp-600x279.jpg 600w, https:\/\/aviatie-mircea-cantacuzino.ro\/wp-content\/uploads\/2012\/08\/800px-pzl24_prototyp-560x260.jpg 560w, https:\/\/aviatie-mircea-cantacuzino.ro\/wp-content\/uploads\/2012\/08\/800px-pzl24_prototyp.jpg 800w\" sizes=\"(max-width: 300px) 100vw, 300px\" \/><\/div><\/a>\n\t\t\t\t<div class=\"elementor-post__text\">\n\t\t\t\t<h5 class=\"elementor-post__title\">\n\t\t\t<a href=\"https:\/\/aviatie-mircea-cantacuzino.ro\/en\/pzl-p-24\/\" >\n\t\t\t\tPZL P.24\t\t\t<\/a>\n\t\t<\/h5>\n\t\t\t\t<div class=\"elementor-post__excerpt\">\n\t\t\t<p>PZL P.24A fost un avion de lupt\u0103 polonez, proiectat la mijlocul anilor 1930 \u00een fabrica<\/p>\n\t\t<\/div>\n\t\t\n\t\t<a class=\"elementor-post__read-more\" href=\"https:\/\/aviatie-mircea-cantacuzino.ro\/en\/pzl-p-24\/\" aria-label=\"Read more about PZL P.24\" tabindex=\"-1\" >\n\t\t\tRead More \u00bb\t\t<\/a>\n\n\t\t\t\t<\/div>\n\t\t\t\t\t<\/div>\n\t\t<\/article>\n\t\t\t\t<article class=\"elementor-post elementor-grid-item post-7497 post type-post status-publish format-standard has-post-thumbnail hentry category-alexandru-frim category-flota\" role=\"listitem\">\n\t\t\t<div class=\"elementor-post__card\">\n\t\t\t\t<a class=\"elementor-post__thumbnail__link\" href=\"https:\/\/aviatie-mircea-cantacuzino.ro\/en\/pzl-p-11\/\" tabindex=\"-1\" ><div class=\"elementor-post__thumbnail\"><img loading=\"lazy\" decoding=\"async\" width=\"300\" height=\"263\" src=\"https:\/\/aviatie-mircea-cantacuzino.ro\/wp-content\/uploads\/2012\/08\/685px-pzlp11c_current-300x263.jpg\" class=\"attachment-medium size-medium wp-image-1660\" alt=\"\" srcset=\"https:\/\/aviatie-mircea-cantacuzino.ro\/wp-content\/uploads\/2012\/08\/685px-pzlp11c_current-300x263.jpg 300w, https:\/\/aviatie-mircea-cantacuzino.ro\/wp-content\/uploads\/2012\/08\/685px-pzlp11c_current-14x12.jpg 14w, https:\/\/aviatie-mircea-cantacuzino.ro\/wp-content\/uploads\/2012\/08\/685px-pzlp11c_current-600x526.jpg 600w, https:\/\/aviatie-mircea-cantacuzino.ro\/wp-content\/uploads\/2012\/08\/685px-pzlp11c_current-560x491.jpg 560w, https:\/\/aviatie-mircea-cantacuzino.ro\/wp-content\/uploads\/2012\/08\/685px-pzlp11c_current.jpg 685w\" sizes=\"(max-width: 300px) 100vw, 300px\" \/><\/div><\/a>\n\t\t\t\t<div class=\"elementor-post__text\">\n\t\t\t\t<h5 class=\"elementor-post__title\">\n\t\t\t<a href=\"https:\/\/aviatie-mircea-cantacuzino.ro\/en\/pzl-p-11\/\" >\n\t\t\t\tPZL P.11\t\t\t<\/a>\n\t\t<\/h5>\n\t\t\t\t<div class=\"elementor-post__excerpt\">\n\t\t\t<p>PZL P.11A fost un avion polonez pentru lupt\u0103, proiectat la \u00eenceputul anului 1930 de PZL<\/p>\n\t\t<\/div>\n\t\t\n\t\t<a class=\"elementor-post__read-more\" href=\"https:\/\/aviatie-mircea-cantacuzino.ro\/en\/pzl-p-11\/\" aria-label=\"Read more about PZL P.11\" tabindex=\"-1\" >\n\t\t\tRead More \u00bb\t\t<\/a>\n\n\t\t\t\t<\/div>\n\t\t\t\t\t<\/div>\n\t\t<\/article>\n\t\t\t\t<article class=\"elementor-post elementor-grid-item post-7496 post type-post status-publish format-standard has-post-thumbnail hentry category-flota category-marina-stirbei\" role=\"listitem\">\n\t\t\t<div class=\"elementor-post__card\">\n\t\t\t\t<a class=\"elementor-post__thumbnail__link\" href=\"https:\/\/aviatie-mircea-cantacuzino.ro\/en\/potez-56\/\" tabindex=\"-1\" ><div class=\"elementor-post__thumbnail\"><img loading=\"lazy\" decoding=\"async\" width=\"300\" height=\"120\" src=\"https:\/\/aviatie-mircea-cantacuzino.ro\/wp-content\/uploads\/2012\/08\/potez-560-300x120.jpg\" class=\"attachment-medium size-medium wp-image-1663\" alt=\"\" srcset=\"https:\/\/aviatie-mircea-cantacuzino.ro\/wp-content\/uploads\/2012\/08\/potez-560-300x120.jpg 300w, https:\/\/aviatie-mircea-cantacuzino.ro\/wp-content\/uploads\/2012\/08\/potez-560-18x7.jpg 18w, https:\/\/aviatie-mircea-cantacuzino.ro\/wp-content\/uploads\/2012\/08\/potez-560.jpg 422w\" sizes=\"(max-width: 300px) 100vw, 300px\" \/><\/div><\/a>\n\t\t\t\t<div class=\"elementor-post__text\">\n\t\t\t\t<h5 class=\"elementor-post__title\">\n\t\t\t<a href=\"https:\/\/aviatie-mircea-cantacuzino.ro\/en\/potez-56\/\" >\n\t\t\t\tPotez 56\t\t\t<\/a>\n\t\t<\/h5>\n\t\t\t\t<div class=\"elementor-post__excerpt\">\n\t\t\t<p>A fost un monoplan francez de transport oficial din 1930, construit de\u00a0Potez\u00a0\u0219i mai t\u00e2rziu folosit<\/p>\n\t\t<\/div>\n\t\t\n\t\t<a class=\"elementor-post__read-more\" href=\"https:\/\/aviatie-mircea-cantacuzino.ro\/en\/potez-56\/\" aria-label=\"Read more about Potez 56\" tabindex=\"-1\" >\n\t\t\tRead More \u00bb\t\t<\/a>\n\n\t\t\t\t<\/div>\n\t\t\t\t\t<\/div>\n\t\t<\/article>\n\t\t\t\t<article class=\"elementor-post elementor-grid-item post-7495 post type-post status-publish format-standard has-post-thumbnail hentry category-flota\" role=\"listitem\">\n\t\t\t<div class=\"elementor-post__card\">\n\t\t\t\t<a class=\"elementor-post__thumbnail__link\" href=\"https:\/\/aviatie-mircea-cantacuzino.ro\/en\/potez-25\/\" tabindex=\"-1\" ><div class=\"elementor-post__thumbnail\"><img loading=\"lazy\" decoding=\"async\" width=\"300\" height=\"205\" src=\"https:\/\/aviatie-mircea-cantacuzino.ro\/wp-content\/uploads\/2012\/08\/potez25-300x205.jpg\" class=\"attachment-medium size-medium wp-image-1665\" alt=\"\" srcset=\"https:\/\/aviatie-mircea-cantacuzino.ro\/wp-content\/uploads\/2012\/08\/potez25-300x205.jpg 300w, https:\/\/aviatie-mircea-cantacuzino.ro\/wp-content\/uploads\/2012\/08\/potez25-18x12.jpg 18w, https:\/\/aviatie-mircea-cantacuzino.ro\/wp-content\/uploads\/2012\/08\/potez25.jpg 342w\" sizes=\"(max-width: 300px) 100vw, 300px\" \/><\/div><\/a>\n\t\t\t\t<div class=\"elementor-post__text\">\n\t\t\t\t<h5 class=\"elementor-post__title\">\n\t\t\t<a href=\"https:\/\/aviatie-mircea-cantacuzino.ro\/en\/potez-25\/\" >\n\t\t\t\tPotez 25\t\t\t<\/a>\n\t\t<\/h5>\n\t\t\t\t<div class=\"elementor-post__excerpt\">\n\t\t\t<p>Potez 25 A fost o aeronav\u0103 Francez\u0103 cu dou\u0103 locuri, un singur motor biplan, proictat<\/p>\n\t\t<\/div>\n\t\t\n\t\t<a class=\"elementor-post__read-more\" href=\"https:\/\/aviatie-mircea-cantacuzino.ro\/en\/potez-25\/\" aria-label=\"Read more about Potez 25\" tabindex=\"-1\" >\n\t\t\tRead More \u00bb\t\t<\/a>\n\n\t\t\t\t<\/div>\n\t\t\t\t\t<\/div>\n\t\t<\/article>\n\t\t\t\t<article class=\"elementor-post elementor-grid-item post-7494 post type-post status-publish format-standard has-post-thumbnail hentry category-alexandru-frim category-flota category-marina-stirbei category-radu-manicatide\" role=\"listitem\">\n\t\t\t<div class=\"elementor-post__card\">\n\t\t\t\t<a class=\"elementor-post__thumbnail__link\" href=\"https:\/\/aviatie-mircea-cantacuzino.ro\/en\/nardi-fn-305\/\" tabindex=\"-1\" ><div class=\"elementor-post__thumbnail\"><img loading=\"lazy\" decoding=\"async\" width=\"300\" height=\"194\" src=\"https:\/\/aviatie-mircea-cantacuzino.ro\/wp-content\/uploads\/2012\/08\/nardi-fn-305-300x194.jpg\" class=\"attachment-medium size-medium wp-image-1668\" alt=\"\" srcset=\"https:\/\/aviatie-mircea-cantacuzino.ro\/wp-content\/uploads\/2012\/08\/nardi-fn-305-300x194.jpg 300w, https:\/\/aviatie-mircea-cantacuzino.ro\/wp-content\/uploads\/2012\/08\/nardi-fn-305-18x12.jpg 18w, https:\/\/aviatie-mircea-cantacuzino.ro\/wp-content\/uploads\/2012\/08\/nardi-fn-305.jpg 315w\" sizes=\"(max-width: 300px) 100vw, 300px\" \/><\/div><\/a>\n\t\t\t\t<div class=\"elementor-post__text\">\n\t\t\t\t<h5 class=\"elementor-post__title\">\n\t\t\t<a href=\"https:\/\/aviatie-mircea-cantacuzino.ro\/en\/nardi-fn-305\/\" >\n\t\t\t\tNardi FN.305\t\t\t<\/a>\n\t\t<\/h5>\n\t\t\t\t<div class=\"elementor-post__excerpt\">\n\t\t\t<p>Nardi FN.305 A fost conceput ca avion pentru antrenament \u0219i de leg\u0103tur\u0103, primul prototip a<\/p>\n\t\t<\/div>\n\t\t\n\t\t<a class=\"elementor-post__read-more\" href=\"https:\/\/aviatie-mircea-cantacuzino.ro\/en\/nardi-fn-305\/\" aria-label=\"Read more about Nardi FN.305\" tabindex=\"-1\" >\n\t\t\tRead More \u00bb\t\t<\/a>\n\n\t\t\t\t<\/div>\n\t\t\t\t\t<\/div>\n\t\t<\/article>\n\t\t\t\t<article class=\"elementor-post elementor-grid-item post-511 post type-post status-publish format-standard has-post-thumbnail hentry category-bazu-cantacuzino category-flota\" role=\"listitem\">\n\t\t\t<div class=\"elementor-post__card\">\n\t\t\t\t<a class=\"elementor-post__thumbnail__link\" href=\"https:\/\/aviatie-mircea-cantacuzino.ro\/en\/north-american-p-51-mustang\/\" tabindex=\"-1\" ><div class=\"elementor-post__thumbnail\"><img loading=\"lazy\" decoding=\"async\" width=\"300\" height=\"229\" src=\"https:\/\/aviatie-mircea-cantacuzino.ro\/wp-content\/uploads\/2012\/08\/785px-bott4-300x229.jpg\" class=\"attachment-medium size-medium wp-image-1671\" alt=\"\" srcset=\"https:\/\/aviatie-mircea-cantacuzino.ro\/wp-content\/uploads\/2012\/08\/785px-bott4-300x229.jpg 300w, https:\/\/aviatie-mircea-cantacuzino.ro\/wp-content\/uploads\/2012\/08\/785px-bott4-768x587.jpg 768w, https:\/\/aviatie-mircea-cantacuzino.ro\/wp-content\/uploads\/2012\/08\/785px-bott4-16x12.jpg 16w, https:\/\/aviatie-mircea-cantacuzino.ro\/wp-content\/uploads\/2012\/08\/785px-bott4-600x459.jpg 600w, https:\/\/aviatie-mircea-cantacuzino.ro\/wp-content\/uploads\/2012\/08\/785px-bott4-560x428.jpg 560w, https:\/\/aviatie-mircea-cantacuzino.ro\/wp-content\/uploads\/2012\/08\/785px-bott4.jpg 785w\" sizes=\"(max-width: 300px) 100vw, 300px\" \/><\/div><\/a>\n\t\t\t\t<div class=\"elementor-post__text\">\n\t\t\t\t<h5 class=\"elementor-post__title\">\n\t\t\t<a href=\"https:\/\/aviatie-mircea-cantacuzino.ro\/en\/north-american-p-51-mustang\/\" >\n\t\t\t\tNorth American P-51 Mustang\t\t\t<\/a>\n\t\t<\/h5>\n\t\t\t\t<div class=\"elementor-post__excerpt\">\n\t\t\t<p>North American P-51 Mustang A fost un monopost de lupt\u0103 \u0219i un bombardier folosit \u00een<\/p>\n\t\t<\/div>\n\t\t\n\t\t<a class=\"elementor-post__read-more\" href=\"https:\/\/aviatie-mircea-cantacuzino.ro\/en\/north-american-p-51-mustang\/\" aria-label=\"Read more about North American P-51 Mustang\" tabindex=\"-1\" >\n\t\t\tRead More \u00bb\t\t<\/a>\n\n\t\t\t\t<\/div>\n\t\t\t\t\t<\/div>\n\t\t<\/article>\n\t\t\t\t<\/div>\n\t\t\t\t\t<span class=\"e-load-more-spinner\">\n\t\t\t\t<i aria-hidden=\"true\" class=\"fas fa-spinner\"><\/i>\t\t\t<\/span>\n\t\t\n\t\t\t\t<div class=\"e-load-more-anchor\" data-page=\"1\" data-max-page=\"5\" data-next-page=\"https:\/\/aviatie-mircea-cantacuzino.ro\/en\/wp-json\/wp\/v2\/pages\/7471\/page\/2\/\"><\/div>\n\t\t\t\t<div class=\"elementor-button-wrapper\">\n\t\t\t<a class=\"elementor-button elementor-size-sm\" role=\"button\">\n\t\t\t\t\t\t<span class=\"elementor-button-content-wrapper\">\n\t\t\t\t\t\t\t\t\t<span class=\"elementor-button-text\">Load More<\/span>\n\t\t\t\t\t<\/span>\n\t\t\t\t\t<\/a>\n\t\t<\/div>\n\t\t\t\t<div class=\"e-load-more-message\"><\/div>\n\t\t\t\t\t\t<\/div>\n\t\t\t\t<\/div>\n\t\t\t\t\t<\/div>\n\t\t<\/div>\n\t\t\t\t\t<\/div>\n\t\t<\/section>\n\t\t\t\t<\/div>","protected":false},"excerpt":{"rendered":"<p>La debutul s\u0103u, \u00een 1928, \u0218coala de avia\u021bie \u201eMircea Cantacuzino\u201d avea \u00een dotare o singur\u0103 avionet\u0103 Klemm, achizi\u021bionat\u0103 de Mircea Cantacuzino. \u00cen 1929 sunt achizi\u021bionate alte patru avionete, tot marca Klemm. Dup\u0103 moartea lui Mircea \u00eentr-un accident aviatic, \u0219coala r\u0103m\u00e2ne cu un singur avion, situa\u021bie care se p\u0103streaz\u0103 \u0219i \u00een 1931 \u2013 un aparat pus [&hellip;]<\/p>","protected":false},"author":2,"featured_media":0,"parent":7470,"menu_order":3,"comment_status":"closed","ping_status":"closed","template":"","meta":{"footnotes":""},"class_list":["post-7471","page","type-page","status-publish","hentry"],"_links":{"self":[{"href":"https:\/\/aviatie-mircea-cantacuzino.ro\/en\/wp-json\/wp\/v2\/pages\/7471","targetHints":{"allow":["GET"]}}],"collection":[{"href":"https:\/\/aviatie-mircea-cantacuzino.ro\/en\/wp-json\/wp\/v2\/pages"}],"about":[{"href":"https:\/\/aviatie-mircea-cantacuzino.ro\/en\/wp-json\/wp\/v2\/types\/page"}],"author":[{"embeddable":true,"href":"https:\/\/aviatie-mircea-cantacuzino.ro\/en\/wp-json\/wp\/v2\/users\/2"}],"replies":[{"embeddable":true,"href":"https:\/\/aviatie-mircea-cantacuzino.ro\/en\/wp-json\/wp\/v2\/comments?post=7471"}],"version-history":[{"count":0,"href":"https:\/\/aviatie-mircea-cantacuzino.ro\/en\/wp-json\/wp\/v2\/pages\/7471\/revisions"}],"up":[{"embeddable":true,"href":"https:\/\/aviatie-mircea-cantacuzino.ro\/en\/wp-json\/wp\/v2\/pages\/7470"}],"wp:attachment":[{"href":"https:\/\/aviatie-mircea-cantacuzino.ro\/en\/wp-json\/wp\/v2\/media?parent=7471"}],"curies":[{"name":"wp","href":"https:\/\/api.w.org\/{rel}","templated":true}]}}