{"id":5714,"date":"2014-10-22T11:52:46","date_gmt":"2014-10-22T08:52:46","guid":{"rendered":"http:\/\/v2.irinelnicoara.ro\/aviatie\/store-2\/"},"modified":"2014-10-22T11:52:46","modified_gmt":"2014-10-22T08:52:46","slug":"store-2","status":"publish","type":"page","link":"https:\/\/aviatie-mircea-cantacuzino.ro\/en\/store-2\/","title":{"rendered":"Store"},"content":{"rendered":"<div data-elementor-type=\"wp-page\" data-elementor-id=\"5714\" class=\"elementor elementor-5714\" data-elementor-post-type=\"page\">\n\t\t\t\t\t\t<section class=\"elementor-section elementor-top-section elementor-element elementor-element-7d7bd4c elementor-section-full_width elementor-section-height-default elementor-section-height-default\" data-id=\"7d7bd4c\" data-element_type=\"section\" data-e-type=\"section\" data-settings=\"{&quot;background_background&quot;:&quot;classic&quot;}\">\n\t\t\t\t\t\t<div class=\"elementor-container elementor-column-gap-default\">\n\t\t\t\t\t<div class=\"elementor-column elementor-col-50 elementor-top-column elementor-element elementor-element-49b68b1b\" data-id=\"49b68b1b\" data-element_type=\"column\" data-e-type=\"column\">\n\t\t\t<div class=\"elementor-widget-wrap elementor-element-populated\">\n\t\t\t\t\t\t<div class=\"elementor-element elementor-element-5698289 elementor-widget elementor-widget-image\" data-id=\"5698289\" data-element_type=\"widget\" data-e-type=\"widget\" data-widget_type=\"image.default\">\n\t\t\t\t<div class=\"elementor-widget-container\">\n\t\t\t\t\t\t\t\t\t\t\t\t\t\t\t<img decoding=\"async\" width=\"300\" height=\"155\" src=\"https:\/\/aviatie-mircea-cantacuzino.ro\/wp-content\/uploads\/2023\/02\/thumb4.jpg\" class=\"attachment-egovt_portfolio_thumb size-egovt_portfolio_thumb wp-image-5711\" alt=\"\" \/>\t\t\t\t\t\t\t\t\t\t\t\t\t\t\t<\/div>\n\t\t\t\t<\/div>\n\t\t\t\t<div class=\"elementor-element elementor-element-4275135a elementor-widget elementor-widget-heading\" data-id=\"4275135a\" data-element_type=\"widget\" data-e-type=\"widget\" data-widget_type=\"heading.default\">\n\t\t\t\t<div class=\"elementor-widget-container\">\n\t\t\t\t\t<h2 class=\"elementor-heading-title elementor-size-default\">istoric<\/h2>\t\t\t\t<\/div>\n\t\t\t\t<\/div>\n\t\t\t\t\t<\/div>\n\t\t<\/div>\n\t\t\t\t<div class=\"elementor-column elementor-col-50 elementor-top-column elementor-element elementor-element-2eefbb97\" data-id=\"2eefbb97\" data-element_type=\"column\" data-e-type=\"column\">\n\t\t\t<div class=\"elementor-widget-wrap elementor-element-populated\">\n\t\t\t\t\t\t<div class=\"elementor-element elementor-element-2ece2a05 elementor-drop-cap-yes elementor-drop-cap-view-default elementor-widget elementor-widget-text-editor\" data-id=\"2ece2a05\" data-element_type=\"widget\" data-e-type=\"widget\" data-settings=\"{&quot;drop_cap&quot;:&quot;yes&quot;}\" data-widget_type=\"text-editor.default\">\n\t\t\t\t<div class=\"elementor-widget-container\">\n\t\t\t\t\t\t\t\t\t<p>Familia Cantacuzino este una dintre cele mai vechi familii nobiliare din Rom\u00e2nia \u0219i din zona Balcanilor, primele men\u021biuni dat\u00e2nd \u00eenc\u0103 din secolul al IX-le d.Hr.<\/p><p>Mircea Cantacuzino, unul din cei patru copii ai lui\u00a0Ion G. Cantacuzino (supranumit \u201dInginerul\u201d), urmeaz\u0103 cursurile de inginerie de la Colegiul Tehnic Charlottenburg, \u00een Germania, iar Ioana, fata cea mare, urmeaz\u0103 \u0219coala la C\u0103lim\u0103ne\u0219ti \u0219i apoi, studiile universitare \u00een Fran\u021ba.<br \/>Cei doi fra\u021bi \u00eentemeiaz\u0103 \u015fcoala de avia\u0163ie cu ajutorul lui Octavian Oculeanu, sprijini\u021bi de familie \u015fi de prieteni. Folosindu-\u015fi domeniul din Cornu, comuna Dr\u0103g\u0103ne\u015fti jude\u0163ul Prahova, Mircea a \u00eenfiin\u0163at un hangar \u015fi un punct de \u00eent\u00e2lnire pentru \u015fcoal\u0103 \u015fi pentru aviatori, \u00een afar\u0103 de cel din B\u0103neasa.<\/p><p>\u0218coala de avia\u021bie Mircea Cantacuzino a fost prima \u0219coal\u0103 de avia\u021bie civil\u0103 din Rom\u00e2nia (1928-1939). Activitatea sa a \u00eenceput pe 26 Mai 1928, odat\u0103 cu achizi\u021bionarea primului avion u\u0219or, marca Klemm. Aici a fost locul unde, p\u00e2n\u0103 \u00een 1939, s-a instruit mare parte din elita avia\u021biei rom\u00e2ne de la acea vreme. Mul\u021bi dintre pilo\u021bii \u0219colii au devenit renumi\u021bi, c\u00e2\u0219tig\u00e2ndu-\u0219i prestigiul prin \u00eenregistrarea numeroaselor recorduri aviatice, al\u021bii dedic\u00e2ndu-\u0219i via\u021ba pentru transmiterea valorilor \u0219i a numelui \u0219colii, peste genera\u021bii \u00eentregi de pilo\u021bi.<\/p><p>Dan \u201eZinel\u201d Cantacuzino, n\u0103scut \u00een anul 1924 \u00een Bucure\u0219ti, fiul lui Mircea Cantacuzino si al Stefanei (nascuta Golescu), si-a petrecut copilaria fie la proprietatea tatalui sau din Cornu de Jos, judetul Prahova cat si la proprietatea familiei mamei lui in Golesti, judetul Arges.<\/p><p>Intre 1931 si 1935 urmeaza cursurile scolii primare din Bucuresti iar intre 1935 si 1938 cursurile liceului Militar Manastirea Dealul din Targoviste. Timp de un an, intre 1939 si 1940, este nevoit sa stea acasa din cauza unei boli dupa care urmeaza cursurile unui liceu in Bucuresti pana in anul 1944.<\/p><p>In anul 1954 absolva Facultatea de Medicina si reuseste sa obtina o slujba la Academia RPR, Institutul de Fiziologie Normala si Patologica. Referintele facute de doctorii Academiei (Dr. Prof D. Danielopolu, Prof. Dr. Brukner, Dr. Benetato), afirmau ca \u201erezultatele lui Dan Cantacuzino dovedesc ca acesta este bine pregatit profesional, avand asemenea rezultate excelente si in atributiile sale, fiind vazut ca un doctor cu un viitor extraordinar.\u201d<\/p><p>In anul 1962 a parasit Romania impreuna cu mama sa Stefana spre Franta ca mai tarziu sa ajung in Statele Unite ale Americii cu ajutorul surorii mamei sale care deja locuia acolo. Cu daruire si-a propus sa isi perfectioneze Engleza citind editorialele ziarului New York Times dupa care asculta aceleasi editoriale fiind citite la un post de radio local QXR. A lucrat ca intern pana si-a obtinut diplomele americane echivalente dupa promovarea tuturor examenelor. Dupa ce si-a terminat studiile profesionale a lucrat la NYU, Spitalul Bellevue, Centrul Medical Kingsbrook. La Centrul Medical Kingsbrook a infiintat centrul de dializa (la care era director), a construit centrul de terapie coronariana (pe care a condus-o) dupa care a devenit seful sectiei de terapie intensiva.<br \/>In aceasta perioada, in anul 1969, s-a casatorit cu Barbara Nordhoff de cetatenie germana, care lucra in domeniul relatiilor publice pentru Wolkswaven, sucursala din America.<\/p><p>In Romania a publicat un total de 11 lucrari in nume propriu sau in colaborare cu reviste de specialitate, cum ar fi RPR.<\/p><p>In Statele Unite ale Americii, Dr. Dan Cantacuzino a scris, impreuna cu alti doctori, lucrarea intitulata \u201ePleurita Uremica \u2013 O entitate clinicopatologica\u201d aceasta fiind publicata in Jurnalul de Medicina New England la 31 iulie 1969.<br \/>Dan Cantacuzino a decedat in Statele Unite ale Americii in iulie 2001, iar conform dorintelor acestuia, cenusa sa a fost mai tarziu mutata de vaduva sa, Barbara, in cripta Cantacuzino (Ramura Serban Voda) din cimitirul Bellu in Bucuresti, alaturi de tatal sau.<\/p><p>Funda\u0163ia Memorial\u0103 Rom\u00e2n\u0103 Mircea \u015fi Dan Cantacuzino este \u00eentemeiat\u0103 de urma\u015fii familiei Cantacuzino care, conform tradi\u0163iei neamului, \u00ee\u015fi doresc s\u0103 sus\u0163ina \u015fi s\u0103 se implice \u00een men\u0163inerea valorilor \u015fi culturii rom\u00e2ne\u015fti, prin sponsorizarea proiectelor ce \u00ee\u015fi propun acest lucru.<\/p>\t\t\t\t\t\t\t\t<\/div>\n\t\t\t\t<\/div>\n\t\t\t\t\t<\/div>\n\t\t<\/div>\n\t\t\t\t\t<\/div>\n\t\t<\/section>\n\t\t\t\t<section class=\"elementor-section elementor-top-section elementor-element elementor-element-6468b17b elementor-section-full_width elementor-section-height-default elementor-section-height-default\" data-id=\"6468b17b\" data-element_type=\"section\" data-e-type=\"section\" data-settings=\"{&quot;background_background&quot;:&quot;classic&quot;}\">\n\t\t\t\t\t\t\t<div class=\"elementor-background-overlay\"><\/div>\n\t\t\t\t\t\t\t<div class=\"elementor-container elementor-column-gap-no\">\n\t\t\t\t\t<div class=\"elementor-column elementor-col-100 elementor-top-column elementor-element elementor-element-7a125e6d\" data-id=\"7a125e6d\" data-element_type=\"column\" data-e-type=\"column\">\n\t\t\t<div class=\"elementor-widget-wrap elementor-element-populated\">\n\t\t\t\t\t\t<div class=\"elementor-element elementor-element-558240d6 elementor-widget elementor-widget-image\" data-id=\"558240d6\" data-element_type=\"widget\" data-e-type=\"widget\" data-widget_type=\"image.default\">\n\t\t\t\t<div class=\"elementor-widget-container\">\n\t\t\t\t\t\t\t\t\t\t\t\t\t\t\t<img fetchpriority=\"high\" decoding=\"async\" width=\"1024\" height=\"160\" src=\"https:\/\/aviatie-mircea-cantacuzino.ro\/wp-content\/uploads\/2020\/07\/portofoliu-header-1024x160.jpg\" class=\"attachment-large size-large wp-image-5602\" alt=\"\" srcset=\"https:\/\/aviatie-mircea-cantacuzino.ro\/wp-content\/uploads\/2020\/07\/portofoliu-header-1024x160.jpg 1024w, https:\/\/aviatie-mircea-cantacuzino.ro\/wp-content\/uploads\/2020\/07\/portofoliu-header-300x47.jpg 300w, https:\/\/aviatie-mircea-cantacuzino.ro\/wp-content\/uploads\/2020\/07\/portofoliu-header-768x120.jpg 768w, https:\/\/aviatie-mircea-cantacuzino.ro\/wp-content\/uploads\/2020\/07\/portofoliu-header-1536x240.jpg 1536w, https:\/\/aviatie-mircea-cantacuzino.ro\/wp-content\/uploads\/2020\/07\/portofoliu-header-600x94.jpg 600w, https:\/\/aviatie-mircea-cantacuzino.ro\/wp-content\/uploads\/2020\/07\/portofoliu-header-560x88.jpg 560w, https:\/\/aviatie-mircea-cantacuzino.ro\/wp-content\/uploads\/2020\/07\/portofoliu-header.jpg 1920w\" sizes=\"(max-width: 1024px) 100vw, 1024px\" \/>\t\t\t\t\t\t\t\t\t\t\t\t\t\t\t<\/div>\n\t\t\t\t<\/div>\n\t\t\t\t\t<\/div>\n\t\t<\/div>\n\t\t\t\t\t<\/div>\n\t\t<\/section>\n\t\t\t\t<section class=\"elementor-section elementor-top-section elementor-element elementor-element-7e6e34f elementor-section-boxed elementor-section-height-default elementor-section-height-default\" data-id=\"7e6e34f\" data-element_type=\"section\" data-e-type=\"section\">\n\t\t\t\t\t\t<div class=\"elementor-container elementor-column-gap-default\">\n\t\t\t\t\t<div class=\"elementor-column elementor-col-33 elementor-top-column elementor-element elementor-element-3e5ff4b\" data-id=\"3e5ff4b\" data-element_type=\"column\" data-e-type=\"column\">\n\t\t\t<div class=\"elementor-widget-wrap elementor-element-populated\">\n\t\t\t\t\t\t<div class=\"elementor-element elementor-element-cef978e elementor-invisible elementor-widget elementor-widget-ova_box_feature_2\" data-id=\"cef978e\" data-element_type=\"widget\" data-e-type=\"widget\" data-settings=\"{&quot;_animation&quot;:&quot;fadeInUp&quot;,&quot;_animation_delay&quot;:100,&quot;_animation_mobile&quot;:&quot;none&quot;}\" data-widget_type=\"ova_box_feature_2.default\">\n\t\t\t\t<div class=\"elementor-widget-container\">\n\t\t\t\t\t\t\t\n\t\t<div class=\"ova_box_feature_2\">\n\t\t\t\n\t\t\t\t\t\t\t<img decoding=\"async\" src=\"https:\/\/aviatie-mircea-cantacuzino.ro\/wp-content\/uploads\/2023\/02\/thumb5.jpg\" alt=\"\">\n\t\t\t\n\t\t\t\t\t\t\t<h3 class=\"title\">\n\t\t\t\t\tValori\t\t\t\t<\/h3>\n\t\t\t\n\t\t\t\t\t\t\t<p class=\"excerpt\">\n\t\t\t\t\tInspira\u021bi de tradi\u021bie, credem \u00een integritate \u0219i ne dorim s\u0103 cre\u0103m o comunitate ce p\u0103streaz\u0103 \u0219i \u00een acela\u0219i timp scoate la lumin\u0103 tradi\u021bia rom\u00e2neasc\u0103. Valorile noastre sunt valori pur rom\u00e2ne\u0219ti: respectul pentru tradi\u021bii, responsabilitatea pentru propriile ac\u021biuni, dragostea pentru natur\u0103, respectul pentru sinteza dintre genera\u021bia urban\u0103 \u0219i prezervarea mo\u0219tenirii rurale. Credem c\u0103 astfel de valori \u00eenc\u0103 exist\u0103 \u0219i merit\u0103 tot suportul nostru.\t\t\t\t<\/p>\n\t\t\t\n\t\t\t\t\t\t\t<div class=\"readmore\">\n\t\t\t\t\t<a class=\"second_font\" href=\"\"><\/a>\n\t\t\t\t<\/div>\n\t\t\t\n\t\t<\/div>\n\n\t\t\t\t\t\t<\/div>\n\t\t\t\t<\/div>\n\t\t\t\t\t<\/div>\n\t\t<\/div>\n\t\t\t\t<div class=\"elementor-column elementor-col-33 elementor-top-column elementor-element elementor-element-5bc6ec7\" data-id=\"5bc6ec7\" data-element_type=\"column\" data-e-type=\"column\">\n\t\t\t<div class=\"elementor-widget-wrap elementor-element-populated\">\n\t\t\t\t\t\t<div class=\"elementor-element elementor-element-da353eb elementor-invisible elementor-widget elementor-widget-ova_box_feature_2\" data-id=\"da353eb\" data-element_type=\"widget\" data-e-type=\"widget\" data-settings=\"{&quot;_animation&quot;:&quot;fadeInUp&quot;,&quot;_animation_delay&quot;:100,&quot;_animation_mobile&quot;:&quot;none&quot;}\" data-widget_type=\"ova_box_feature_2.default\">\n\t\t\t\t<div class=\"elementor-widget-container\">\n\t\t\t\t\t\t\t\n\t\t<div class=\"ova_box_feature_2\">\n\t\t\t\n\t\t\t\t\t\t\t<img decoding=\"async\" src=\"https:\/\/aviatie-mircea-cantacuzino.ro\/wp-content\/uploads\/2023\/02\/thumb6.jpg\" alt=\"\">\n\t\t\t\n\t\t\t\t\t\t\t<h3 class=\"title\">\n\t\t\t\t\tViziune\t\t\t\t<\/h3>\n\t\t\t\n\t\t\t\t\t\t\t<p class=\"excerpt\">\n\t\t\t\t\tDorim s\u0103 amintim oamenilor aspecte din istoria lor, s\u0103 le retrezim \u00een minte pasiunea pentru industria aviatic\u0103, aprecierea pentru preg\u0103tirea profesional\u0103 \u0219i dedicarea celor care au activat \u00een domeniul medicinei. Prin mo\u0219tenirea l\u0103sat\u0103 de Mircea \u0219i Dan Cantacuzino ne dorim sa sus\u021binem proiecte ce p\u0103streaz\u0103, revitalizeaz\u0103 \u0219i promoveaz\u0103 cultura \u0219i valorile rom\u00e2ne\u0219ti. Sper\u0103m ca \u0219i dumneavoastr\u0103 s\u0103 o prelua\u021bi \u0219i s\u0103 o transmite\u021bi mai departe astfel \u00eenc\u00e2t fiecare dintre noi s\u0103 devenim custode al adev\u0103ratei istorii rom\u00e2ne\u0219ti. Aceast\u0103 funda\u021bie \u00ee\u0219i propune s\u0103 promoveze at\u00e2t pe plan na\u021bional c\u00e2t \u0219i interna\u021bional, respectul pentru valorile adev\u0103rate din vremurile c\u00e2nd m\u00e2ndria na\u021bional\u0103 era \u00eencununat\u0103 de numeroasele realiz\u0103ri ale rom\u00e2nilor, pe toate planurile.\n\t\t\t\t<\/p>\n\t\t\t\n\t\t\t\t\t\t\t<div class=\"readmore\">\n\t\t\t\t\t<a class=\"second_font\" href=\"\"><\/a>\n\t\t\t\t<\/div>\n\t\t\t\n\t\t<\/div>\n\n\t\t\t\t\t\t<\/div>\n\t\t\t\t<\/div>\n\t\t\t\t\t<\/div>\n\t\t<\/div>\n\t\t\t\t<div class=\"elementor-column elementor-col-33 elementor-top-column elementor-element elementor-element-3b56d4e\" data-id=\"3b56d4e\" data-element_type=\"column\" data-e-type=\"column\">\n\t\t\t<div class=\"elementor-widget-wrap elementor-element-populated\">\n\t\t\t\t\t\t<div class=\"elementor-element elementor-element-7755aea elementor-invisible elementor-widget elementor-widget-ova_box_feature_2\" data-id=\"7755aea\" data-element_type=\"widget\" data-e-type=\"widget\" data-settings=\"{&quot;_animation&quot;:&quot;fadeInUp&quot;,&quot;_animation_delay&quot;:100,&quot;_animation_mobile&quot;:&quot;none&quot;}\" data-widget_type=\"ova_box_feature_2.default\">\n\t\t\t\t<div class=\"elementor-widget-container\">\n\t\t\t\t\t\t\t\n\t\t<div class=\"ova_box_feature_2\">\n\t\t\t\n\t\t\t\t\t\t\t<img decoding=\"async\" src=\"https:\/\/aviatie-mircea-cantacuzino.ro\/wp-content\/uploads\/2023\/02\/thumb7.jpg\" alt=\"\">\n\t\t\t\n\t\t\t\t\t\t\t<h3 class=\"title\">\n\t\t\t\t\tMisiune\t\t\t\t<\/h3>\n\t\t\t\n\t\t\t\t\t\t\t<p class=\"excerpt\">\n\t\t\t\t\tMisiunea noastr\u0103 este s\u0103-i sprijinim \u0219i \u00eencuraj\u0103m pe cei care ini\u021biaz\u0103 \u0219i sus\u021bin proiecte culturale rom\u00e2ne\u0219ti \u0219i s\u0103 amintim tuturor c\u0103 avem o mo\u0219tenire ce trebuie perpetuat\u0103 peste genera\u021bii. Oferim finan\u021bare at\u00e2t institu\u021biilor c\u00e2t \u0219i persoanelor care ini\u021biaz\u0103 proiecte dedicate p\u0103str\u0103rii \u0219i promov\u0103rii culturii rom\u00e2ne\u0219ti, cu prec\u0103dere \u00een domeniul aviatic \u0219i al medicinei. Ceea ce facem \u00een acest moment reprezint\u0103 misiunea noastr\u0103. Ne dorim s\u0103 p\u0103str\u0103m \u0219i s\u0103 aducem \u00een lumin\u0103 c\u00e2t mai mult din trecutul rom\u00e2nilor, dar \u00een acela\u0219i timp s\u0103 cl\u0103dim viitorul ca o sintez\u0103 \u00eentre trecut \u0219i prezent, \u00eentre tradi\u021bie \u0219i contemporan.\n\t\t\t\t<\/p>\n\t\t\t\n\t\t\t\t\t\t\t<div class=\"readmore\">\n\t\t\t\t\t<a class=\"second_font\" href=\"\"><\/a>\n\t\t\t\t<\/div>\n\t\t\t\n\t\t<\/div>\n\n\t\t\t\t\t\t<\/div>\n\t\t\t\t<\/div>\n\t\t\t\t\t<\/div>\n\t\t<\/div>\n\t\t\t\t\t<\/div>\n\t\t<\/section>\n\t\t\t\t<section class=\"elementor-section elementor-top-section elementor-element elementor-element-0ca8435 elementor-section-boxed elementor-section-height-default elementor-section-height-default\" data-id=\"0ca8435\" data-element_type=\"section\" data-e-type=\"section\" data-settings=\"{&quot;background_background&quot;:&quot;classic&quot;}\">\n\t\t\t\t\t\t<div class=\"elementor-container elementor-column-gap-default\">\n\t\t\t\t\t<div class=\"elementor-column elementor-col-100 elementor-top-column elementor-element elementor-element-35a3032\" data-id=\"35a3032\" data-element_type=\"column\" data-e-type=\"column\">\n\t\t\t<div class=\"elementor-widget-wrap elementor-element-populated\">\n\t\t\t\t\t\t<div class=\"elementor-element elementor-element-6a80a13 elementor-widget elementor-widget-heading\" data-id=\"6a80a13\" data-element_type=\"widget\" data-e-type=\"widget\" data-widget_type=\"heading.default\">\n\t\t\t\t<div class=\"elementor-widget-container\">\n\t\t\t\t\t<h2 class=\"elementor-heading-title elementor-size-default\">Comisia de evaluare\n<\/h2>\t\t\t\t<\/div>\n\t\t\t\t<\/div>\n\t\t\t\t\t<\/div>\n\t\t<\/div>\n\t\t\t\t\t<\/div>\n\t\t<\/section>\n\t\t\t\t<\/div>","protected":false},"excerpt":{"rendered":"<p>[two_fifth] [one_third][\/one_third] [one_third][\/one_third] [one_third_last][\/one_third_last] Terms of delivery: After submitting your order, you will be contacted by one of our representatives for your confirmation of the order and arrange payment and delivery details. The order can be delivered by courier or by post, and transport costs will be borne by you Thank you! [\/two_fifth][three_fifth_last] The &#8222;Mircea [&hellip;]<\/p>","protected":false},"author":2,"featured_media":5651,"parent":0,"menu_order":0,"comment_status":"closed","ping_status":"closed","template":"elementor_header_footer","meta":{"footnotes":""},"class_list":["post-5714","page","type-page","status-publish","has-post-thumbnail","hentry"],"_links":{"self":[{"href":"https:\/\/aviatie-mircea-cantacuzino.ro\/en\/wp-json\/wp\/v2\/pages\/5714","targetHints":{"allow":["GET"]}}],"collection":[{"href":"https:\/\/aviatie-mircea-cantacuzino.ro\/en\/wp-json\/wp\/v2\/pages"}],"about":[{"href":"https:\/\/aviatie-mircea-cantacuzino.ro\/en\/wp-json\/wp\/v2\/types\/page"}],"author":[{"embeddable":true,"href":"https:\/\/aviatie-mircea-cantacuzino.ro\/en\/wp-json\/wp\/v2\/users\/2"}],"replies":[{"embeddable":true,"href":"https:\/\/aviatie-mircea-cantacuzino.ro\/en\/wp-json\/wp\/v2\/comments?post=5714"}],"version-history":[{"count":0,"href":"https:\/\/aviatie-mircea-cantacuzino.ro\/en\/wp-json\/wp\/v2\/pages\/5714\/revisions"}],"wp:featuredmedia":[{"embeddable":true,"href":"https:\/\/aviatie-mircea-cantacuzino.ro\/en\/wp-json\/wp\/v2\/media\/5651"}],"wp:attachment":[{"href":"https:\/\/aviatie-mircea-cantacuzino.ro\/en\/wp-json\/wp\/v2\/media?parent=5714"}],"curies":[{"name":"wp","href":"https:\/\/api.w.org\/{rel}","templated":true}]}}