{"id":1518,"date":"2013-04-01T13:13:57","date_gmt":"2013-04-01T13:13:57","guid":{"rendered":"http:\/\/v2.irinelnicoara.ro\/aviatie\/?page_id=1518"},"modified":"2023-09-25T07:28:13","modified_gmt":"2023-09-25T05:28:13","slug":"the-foundation","status":"publish","type":"page","link":"https:\/\/aviatie-mircea-cantacuzino.ro\/en\/the-foundation\/","title":{"rendered":"Foundation"},"content":{"rendered":"<h1>Funda\u0163ia Memorial\u0103 Rom\u00e2n\u0103 Mircea \u015fi Dan Cantacuzino<\/h1>\n<p>Pagina de internet, Scoala de aviatie&nbsp;\u201eMircea Cantacuzino&#8221;,&nbsp;este un proiect finan\u0163at de&nbsp;Funda\u0163ia Memorial\u0103 Rom\u00e2n\u0103 Mircea \u015fi Dan Cantacuzino<\/p>\n<p>&nbsp;<\/p>\n<div id=\"attachment_3506\" style=\"width: 460px\" class=\"wp-caption alignleft\"><a title=\"Ing. Mircea Cantacuzino\" href=\"https:\/\/aviatie-mircea-cantacuzino.ro\/wp-content\/uploads\/2014\/10\/MirceCantacuzino.jpg\"><img fetchpriority=\"high\" decoding=\"async\" aria-describedby=\"caption-attachment-3506\" class=\"wp-image-3506\" title=\"Ing. Mircea Cantacuzino\" src=\"https:\/\/aviatie-mircea-cantacuzino.ro\/wp-content\/uploads\/2014\/10\/MirceCantacuzino.jpg\" alt=\"mircea-cantacuzino\" width=\"450\" height=\"300\"><\/a><p id=\"caption-attachment-3506\" class=\"wp-caption-text\">Eng. Mircea Cantacuzino<\/p><\/div>\n<p>&nbsp;<\/p>\n<p>&nbsp;<\/p>\n<p>&nbsp;<\/p>\n<p>&nbsp;<\/p>\n<p>&nbsp;<\/p>\n<p>&nbsp;<\/p>\n<p>&nbsp;<\/p>\n<p>Funda\u0163ia Memorial\u0103 Rom\u00e2n\u0103 Mircea \u015fi Dan Cantacuzino desf\u0103\u015foar\u0103 o activitate social\u0103 in scopul sus\u0163inerii memoriei lui Mircea \u015fi Dan Cantacuzino prin promovarea de proiecte \u015fi acordarea de dona\u0163ii institu\u0163iilor \u015fi persoanelor ce vor ini\u0163ia programe \u015fi proiecte dedicate ocrotirii culturii istorice rom\u00e2ne\u015fti, in special, dar f\u0103r\u0103 a se limita la, domeniile medicinei \u015fi avia\u0163iei din Romania in beneficiul rom\u00e2nilor \u015fi cet\u0103\u0163enilor str\u0103ini deopotriv\u0103.<\/p>\n<p>Fundatia are o serie de proiecte finalizate si altele in desfasurare despre care puteti afla mai multe accesand pagina de internet: <a title=\"www.fundatiemdcantacuzino.ro\" href=\"http:\/\/www.fundatiemdcantacuzino.ro\">www.fundatiemdcantacuzino.ro<\/a><\/p>","protected":false},"excerpt":{"rendered":"<p>Funda\u0163ia Memorial\u0103 Rom\u00e2n\u0103 Mircea \u015fi Dan Cantacuzino Pagina de internet, Scoala de aviatie&nbsp;\u201eMircea Cantacuzino&#8221;,&nbsp;este un proiect finan\u0163at de&nbsp;Funda\u0163ia Memorial\u0103 Rom\u00e2n\u0103 Mircea \u015fi Dan Cantacuzino &nbsp; &nbsp; &nbsp; &nbsp; &nbsp; &nbsp; &nbsp; &nbsp; Funda\u0163ia Memorial\u0103 Rom\u00e2n\u0103 Mircea \u015fi Dan Cantacuzino desf\u0103\u015foar\u0103 o activitate social\u0103 in scopul sus\u0163inerii memoriei lui Mircea \u015fi Dan Cantacuzino prin promovarea de [&hellip;]<\/p>","protected":false},"author":2,"featured_media":0,"parent":0,"menu_order":8,"comment_status":"closed","ping_status":"closed","template":"","meta":{"footnotes":""},"class_list":["post-1518","page","type-page","status-publish","hentry"],"_links":{"self":[{"href":"https:\/\/aviatie-mircea-cantacuzino.ro\/en\/wp-json\/wp\/v2\/pages\/1518","targetHints":{"allow":["GET"]}}],"collection":[{"href":"https:\/\/aviatie-mircea-cantacuzino.ro\/en\/wp-json\/wp\/v2\/pages"}],"about":[{"href":"https:\/\/aviatie-mircea-cantacuzino.ro\/en\/wp-json\/wp\/v2\/types\/page"}],"author":[{"embeddable":true,"href":"https:\/\/aviatie-mircea-cantacuzino.ro\/en\/wp-json\/wp\/v2\/users\/2"}],"replies":[{"embeddable":true,"href":"https:\/\/aviatie-mircea-cantacuzino.ro\/en\/wp-json\/wp\/v2\/comments?post=1518"}],"version-history":[{"count":0,"href":"https:\/\/aviatie-mircea-cantacuzino.ro\/en\/wp-json\/wp\/v2\/pages\/1518\/revisions"}],"wp:attachment":[{"href":"https:\/\/aviatie-mircea-cantacuzino.ro\/en\/wp-json\/wp\/v2\/media?parent=1518"}],"curies":[{"name":"wp","href":"https:\/\/api.w.org\/{rel}","templated":true}]}}