{"id":116,"date":"2012-07-02T09:19:22","date_gmt":"2012-07-02T06:19:22","guid":{"rendered":"http:\/\/v2.irinelnicoara.ro\/aviatie\/?page_id=116"},"modified":"2025-04-08T12:24:22","modified_gmt":"2025-04-08T10:24:22","slug":"membri-fondatori","status":"publish","type":"page","link":"https:\/\/aviatie-mircea-cantacuzino.ro\/en\/scoala-de-aviatie\/prominent-members\/membri-fondatori\/","title":{"rendered":"Founding Members"},"content":{"rendered":"<div data-elementor-type=\"wp-page\" data-elementor-id=\"116\" class=\"elementor elementor-116\" data-elementor-post-type=\"page\">\n\t\t\t\t\t\t<section class=\"elementor-section elementor-top-section elementor-element elementor-element-ae7d22c elementor-section-boxed elementor-section-height-default elementor-section-height-default\" data-id=\"ae7d22c\" data-element_type=\"section\" data-e-type=\"section\">\n\t\t\t\t\t\t<div class=\"elementor-container elementor-column-gap-default\">\n\t\t\t\t\t<div class=\"elementor-column elementor-col-100 elementor-top-column elementor-element elementor-element-404ce99a\" data-id=\"404ce99a\" data-element_type=\"column\" data-e-type=\"column\">\n\t\t\t<div class=\"elementor-widget-wrap elementor-element-populated\">\n\t\t\t\t\t\t<div class=\"elementor-element elementor-element-133010a0 elementor-widget elementor-widget-text-editor\" data-id=\"133010a0\" data-element_type=\"widget\" data-e-type=\"widget\" data-widget_type=\"text-editor.default\">\n\t\t\t\t<div class=\"elementor-widget-container\">\n\t\t\t\t\t\t\t\t\t<p>We invite you to find out more details about the founders of the \"Mircea Cantacuzino\" Aviation School and about their outstanding results.<\/p>\t\t\t\t\t\t\t\t<\/div>\n\t\t\t\t<\/div>\n\t\t\t\t\t<\/div>\n\t\t<\/div>\n\t\t\t\t\t<\/div>\n\t\t<\/section>\n\t\t\t\t<section class=\"elementor-section elementor-top-section elementor-element elementor-element-fb67c69 elementor-section-boxed elementor-section-height-default elementor-section-height-default\" data-id=\"fb67c69\" data-element_type=\"section\" data-e-type=\"section\">\n\t\t\t\t\t\t<div class=\"elementor-container elementor-column-gap-default\">\n\t\t\t\t\t<div class=\"elementor-column elementor-col-16 elementor-top-column elementor-element elementor-element-8587285\" data-id=\"8587285\" data-element_type=\"column\" data-e-type=\"column\">\n\t\t\t<div class=\"elementor-widget-wrap elementor-element-populated\">\n\t\t\t\t\t\t<div class=\"elementor-element elementor-element-bba8528 elementor-widget elementor-widget-text-editor\" data-id=\"bba8528\" data-element_type=\"widget\" data-e-type=\"widget\" data-widget_type=\"text-editor.default\">\n\t\t\t\t<div class=\"elementor-widget-container\">\n\t\t\t\t\t\t\t\t\t<p><a class=\"thumbnail\" title=\"Ionel Ghica\" href=\"http:\/\/v2.irinelnicoara.ro\/aviatie\/ionel-ghica\/\">\u00a0<\/a><a class=\"thumbnail\" title=\"Ionel Ghica\" href=\"https:\/\/aviatie-mircea-cantacuzino.ro\/en\/ionel-ghica\/\"><img decoding=\"async\" class=\"attachment-65x65 wp-post-image alignnone\" title=\"Ionel Ghica\" src=\"http:\/\/v2.irinelnicoara.ro\/aviatie\/wp-content\/uploads\/2014\/10\/IonelGhica-ProfilePicture-e1412771135304.jpg\" alt=\"Ionel Ghica\" width=\"65\" height=\"65\" \/><\/a><\/p><div class=\"post_extra_info\"><p><a class=\"post_title\" title=\"Ionel Ghica\" href=\"\/en\/ionel-ghica\/\" rel=\"bookmark\">Ionel Ghica<\/a><\/p><\/div>\t\t\t\t\t\t\t\t<\/div>\n\t\t\t\t<\/div>\n\t\t\t\t\t<\/div>\n\t\t<\/div>\n\t\t\t\t<div class=\"elementor-column elementor-col-16 elementor-top-column elementor-element elementor-element-058d4d2\" data-id=\"058d4d2\" data-element_type=\"column\" data-e-type=\"column\">\n\t\t\t<div class=\"elementor-widget-wrap elementor-element-populated\">\n\t\t\t\t\t\t<div class=\"elementor-element elementor-element-ff59a0e elementor-widget elementor-widget-text-editor\" data-id=\"ff59a0e\" data-element_type=\"widget\" data-e-type=\"widget\" data-widget_type=\"text-editor.default\">\n\t\t\t\t<div class=\"elementor-widget-container\">\n\t\t\t\t\t\t\t\t\t<p><a class=\"thumbnail\" style=\"color: #0056b3; outline: none;\" title=\"Ionel Cocia\u0219u\" href=\"http:\/\/v2.irinelnicoara.ro\/aviatie\/ionel-cociasu\/\">\u00a0<\/a><a class=\"thumbnail\" href=\"https:\/\/aviatie-mircea-cantacuzino.ro\/en\/ionelcociasu\/\"><img decoding=\"async\" class=\"attachment-65x65 wp-post-image alignnone\" title=\"Ionel Cocia\u0219u\" src=\"http:\/\/v2.irinelnicoara.ro\/aviatie\/wp-content\/uploads\/2014\/10\/IonelCociasu-ProfilePicture.jpg\" alt=\"Ionel Cocia\u0219u\" width=\"65\" height=\"65\" \/><\/a><\/p><div class=\"post_extra_info\"><p><a class=\"post_title\" title=\"Ionel Cocia\u0219u\" href=\"https:\/\/aviatie-mircea-cantacuzino.ro\/en\/ionelcociasu\/\" rel=\"bookmark\">Ionel Cocia\u0219u<\/a><\/p><\/div>\t\t\t\t\t\t\t\t<\/div>\n\t\t\t\t<\/div>\n\t\t\t\t\t<\/div>\n\t\t<\/div>\n\t\t\t\t<div class=\"elementor-column elementor-col-16 elementor-top-column elementor-element elementor-element-b7c2b44\" data-id=\"b7c2b44\" data-element_type=\"column\" data-e-type=\"column\">\n\t\t\t<div class=\"elementor-widget-wrap elementor-element-populated\">\n\t\t\t\t\t\t<div class=\"elementor-element elementor-element-b5da576 elementor-widget elementor-widget-text-editor\" data-id=\"b5da576\" data-element_type=\"widget\" data-e-type=\"widget\" data-widget_type=\"text-editor.default\">\n\t\t\t\t<div class=\"elementor-widget-container\">\n\t\t\t\t\t\t\t\t\t<p><a class=\"thumbnail\" title=\"Ioana Cantacuzino\" href=\"https:\/\/aviatie-mircea-cantacuzino.ro\/en\/ioana-cantacuzino\/\"><img decoding=\"async\" class=\"attachment-65x65 wp-post-image alignnone\" title=\"Ioana Cantacuzino\" src=\"http:\/\/v2.irinelnicoara.ro\/aviatie\/wp-content\/uploads\/2014\/10\/IoanaCantacuzino-PictureProfile.jpg\" alt=\"Ioana Cantacuzino\" width=\"65\" height=\"65\" \/><\/a><\/p><div class=\"post_extra_info\"><p><a class=\"post_title\" title=\"Ioana Cantacuzino\" href=\"https:\/\/aviatie-mircea-cantacuzino.ro\/en\/ioana-cantacuzino\/\" rel=\"bookmark\">Ioana Cantacuzino<\/a><\/p><\/div>\t\t\t\t\t\t\t\t<\/div>\n\t\t\t\t<\/div>\n\t\t\t\t\t<\/div>\n\t\t<\/div>\n\t\t\t\t<div class=\"elementor-column elementor-col-16 elementor-top-column elementor-element elementor-element-8c93f77\" data-id=\"8c93f77\" data-element_type=\"column\" data-e-type=\"column\">\n\t\t\t<div class=\"elementor-widget-wrap elementor-element-populated\">\n\t\t\t\t\t\t<div class=\"elementor-element elementor-element-b6d663b elementor-widget elementor-widget-text-editor\" data-id=\"b6d663b\" data-element_type=\"widget\" data-e-type=\"widget\" data-widget_type=\"text-editor.default\">\n\t\t\t\t<div class=\"elementor-widget-container\">\n\t\t\t\t\t\t\t\t\t<p><a class=\"thumbnail\" title=\"Gheorghe (George) Bal\u0219\" href=\"https:\/\/aviatie-mircea-cantacuzino.ro\/en\/gheorghe-george-bals\/\"><img loading=\"lazy\" decoding=\"async\" class=\"attachment-65x65 wp-post-image alignnone\" title=\"Gheorghe (George) Bal\u0219\" src=\"http:\/\/v2.irinelnicoara.ro\/aviatie\/wp-content\/uploads\/2014\/10\/Gheorghe-Bals.jpg\" alt=\"Gheorghe (George) Bal\u0219\" width=\"65\" height=\"65\" \/><\/a><\/p><div class=\"post_extra_info\"><p><a class=\"post_title\" title=\"Gheorghe (George) Bal\u0219\" href=\"https:\/\/aviatie-mircea-cantacuzino.ro\/en\/gheorghe-george-bals\/\" rel=\"bookmark\">Gheorghe (George) Bal\u0219<\/a><\/p><\/div>\t\t\t\t\t\t\t\t<\/div>\n\t\t\t\t<\/div>\n\t\t\t\t\t<\/div>\n\t\t<\/div>\n\t\t\t\t<div class=\"elementor-column elementor-col-16 elementor-top-column elementor-element elementor-element-bcd9c66\" data-id=\"bcd9c66\" data-element_type=\"column\" data-e-type=\"column\">\n\t\t\t<div class=\"elementor-widget-wrap elementor-element-populated\">\n\t\t\t\t\t\t<div class=\"elementor-element elementor-element-bc573c6 elementor-widget elementor-widget-text-editor\" data-id=\"bc573c6\" data-element_type=\"widget\" data-e-type=\"widget\" data-widget_type=\"text-editor.default\">\n\t\t\t\t<div class=\"elementor-widget-container\">\n\t\t\t\t\t\t\t\t\t<p><a class=\"thumbnail\" title=\"Octav Oculeanu\" href=\"https:\/\/aviatie-mircea-cantacuzino.ro\/en\/octav-oculeanu\/\"><img loading=\"lazy\" decoding=\"async\" class=\"attachment-65x65 wp-post-image alignnone\" title=\"Octav Oculeanu\" src=\"http:\/\/v2.irinelnicoara.ro\/aviatie\/wp-content\/uploads\/2014\/10\/OctavOculeanu-ProfilePicture.jpg\" alt=\"Octav Oculeanu\" width=\"65\" height=\"65\" \/><\/a><\/p><div class=\"post_extra_info\"><a class=\"post_title\" title=\"Octav Oculeanu\" href=\"https:\/\/aviatie-mircea-cantacuzino.ro\/en\/octav-oculeanu\/\" rel=\"bookmark\">Octav Oculeanu<\/a><\/div>\t\t\t\t\t\t\t\t<\/div>\n\t\t\t\t<\/div>\n\t\t\t\t\t<\/div>\n\t\t<\/div>\n\t\t\t\t<div class=\"elementor-column elementor-col-16 elementor-top-column elementor-element elementor-element-953fc50\" data-id=\"953fc50\" data-element_type=\"column\" data-e-type=\"column\">\n\t\t\t<div class=\"elementor-widget-wrap elementor-element-populated\">\n\t\t\t\t\t\t<div class=\"elementor-element elementor-element-9c8ce35 elementor-widget elementor-widget-text-editor\" data-id=\"9c8ce35\" data-element_type=\"widget\" data-e-type=\"widget\" data-widget_type=\"text-editor.default\">\n\t\t\t\t<div class=\"elementor-widget-container\">\n\t\t\t\t\t\t\t\t\t<p><img loading=\"lazy\" decoding=\"async\" class=\"alignnone wp-image-7780\" src=\"https:\/\/aviatie-mircea-cantacuzino.ro\/wp-content\/uploads\/2023\/09\/Miki2.jpeg\" alt=\"\" width=\"80\" height=\"32\" \/><br \/><a class=\"post_title\" title=\"Mircea \u201eMiky\u201d Cantacuzino\" href=\"https:\/\/aviatie-mircea-cantacuzino.ro\/en\/mircea-miky-cantacuzino\/\" rel=\"bookmark\">Mircea \u201eMiky\u201d Cantacuzino<\/a><\/p>\t\t\t\t\t\t\t\t<\/div>\n\t\t\t\t<\/div>\n\t\t\t\t\t<\/div>\n\t\t<\/div>\n\t\t\t\t\t<\/div>\n\t\t<\/section>\n\t\t\t\t<\/div>","protected":false},"excerpt":{"rendered":"<p>V\u0103 invit\u0103m s\u0103 afla\u0163i mai multe detalii despre fondatorii \u015ecolii de Avia\u0163ie \u201eMircea Cantacuzino\u201d \u0219i despre rezultatele lor remarcabile. \u00a0 Ionel Ghica \u00a0 Ionel Cocia\u0219u Ioana Cantacuzino Gheorghe (George) Bal\u0219 Octav Oculeanu Mircea \u201eMiky\u201d Cantacuzino<\/p>","protected":false},"author":2,"featured_media":0,"parent":113,"menu_order":3,"comment_status":"closed","ping_status":"closed","template":"","meta":{"footnotes":""},"class_list":["post-116","page","type-page","status-publish","hentry"],"_links":{"self":[{"href":"https:\/\/aviatie-mircea-cantacuzino.ro\/en\/wp-json\/wp\/v2\/pages\/116","targetHints":{"allow":["GET"]}}],"collection":[{"href":"https:\/\/aviatie-mircea-cantacuzino.ro\/en\/wp-json\/wp\/v2\/pages"}],"about":[{"href":"https:\/\/aviatie-mircea-cantacuzino.ro\/en\/wp-json\/wp\/v2\/types\/page"}],"author":[{"embeddable":true,"href":"https:\/\/aviatie-mircea-cantacuzino.ro\/en\/wp-json\/wp\/v2\/users\/2"}],"replies":[{"embeddable":true,"href":"https:\/\/aviatie-mircea-cantacuzino.ro\/en\/wp-json\/wp\/v2\/comments?post=116"}],"version-history":[{"count":0,"href":"https:\/\/aviatie-mircea-cantacuzino.ro\/en\/wp-json\/wp\/v2\/pages\/116\/revisions"}],"up":[{"embeddable":true,"href":"https:\/\/aviatie-mircea-cantacuzino.ro\/en\/wp-json\/wp\/v2\/pages\/113"}],"wp:attachment":[{"href":"https:\/\/aviatie-mircea-cantacuzino.ro\/en\/wp-json\/wp\/v2\/media?parent=116"}],"curies":[{"name":"wp","href":"https:\/\/api.w.org\/{rel}","templated":true}]}}