{"id":113,"date":"2012-07-02T09:18:20","date_gmt":"2012-07-02T06:18:20","guid":{"rendered":"http:\/\/v2.irinelnicoara.ro\/aviatie\/?page_id=113"},"modified":"2023-09-29T09:27:35","modified_gmt":"2023-09-29T07:27:35","slug":"prominent-members","status":"publish","type":"page","link":"https:\/\/aviatie-mircea-cantacuzino.ro\/en\/scoala-de-aviatie\/prominent-members\/","title":{"rendered":"Members and Notable Supporters"},"content":{"rendered":"<div data-elementor-type=\"wp-page\" data-elementor-id=\"113\" class=\"elementor elementor-113\" data-elementor-post-type=\"page\">\n\t\t\t\t\t\t<section class=\"elementor-section elementor-top-section elementor-element elementor-element-5047757 elementor-section-boxed elementor-section-height-default elementor-section-height-default\" data-id=\"5047757\" data-element_type=\"section\" data-e-type=\"section\">\n\t\t\t\t\t\t<div class=\"elementor-container elementor-column-gap-default\">\n\t\t\t\t\t<div class=\"elementor-column elementor-col-100 elementor-top-column elementor-element elementor-element-eb3100c\" data-id=\"eb3100c\" data-element_type=\"column\" data-e-type=\"column\">\n\t\t\t<div class=\"elementor-widget-wrap elementor-element-populated\">\n\t\t\t\t\t\t<div class=\"elementor-element elementor-element-972a95b elementor-widget elementor-widget-text-editor\" data-id=\"972a95b\" data-element_type=\"widget\" data-e-type=\"widget\" data-widget_type=\"text-editor.default\">\n\t\t\t\t<div class=\"elementor-widget-container\">\n\t\t\t\t\t\t\t\t\t<h1 style=\"caret-color: #000000; color: #000000; letter-spacing: normal;\"><a href=\"\/en\/scoala-de-aviatie\/prominent-members\/membri-fondatori\/\">Founding Members<\/a><\/h1><p style=\"caret-color: #000000; color: #000000; letter-spacing: normal;\">We invite you to find out more details about the founders of the \"Mircea Cantacuzino\" Aviation School and about their outstanding results.<\/p>\t\t\t\t\t\t\t\t<\/div>\n\t\t\t\t<\/div>\n\t\t\t\t\t<\/div>\n\t\t<\/div>\n\t\t\t\t\t<\/div>\n\t\t<\/section>\n\t\t\t\t<section class=\"elementor-section elementor-top-section elementor-element elementor-element-86b2d5b elementor-section-boxed elementor-section-height-default elementor-section-height-default\" data-id=\"86b2d5b\" data-element_type=\"section\" data-e-type=\"section\">\n\t\t\t\t\t\t<div class=\"elementor-container elementor-column-gap-default\">\n\t\t\t\t\t<div class=\"elementor-column elementor-col-100 elementor-top-column elementor-element elementor-element-c7ea174\" data-id=\"c7ea174\" data-element_type=\"column\" data-e-type=\"column\">\n\t\t\t<div class=\"elementor-widget-wrap elementor-element-populated\">\n\t\t\t\t\t\t<div class=\"elementor-element elementor-element-e678b8f elementor-widget elementor-widget-text-editor\" data-id=\"e678b8f\" data-element_type=\"widget\" data-e-type=\"widget\" data-widget_type=\"text-editor.default\">\n\t\t\t\t<div class=\"elementor-widget-container\">\n\t\t\t\t\t\t\t\t\t<h1 class=\"page-title\" style=\"letter-spacing: normal;\"><a href=\"\/en\/scoala-de-aviatie\/prominent-members\/piloti-si-ingineri\/\">Pilots and Engineers<\/a><\/h1><p class=\"page-title\" style=\"letter-spacing: normal;\">In this section we invite you to discover the life of the pilots and engineers of the \"Mircea Cantacuzino\" Aviation School.<\/p>\t\t\t\t\t\t\t\t<\/div>\n\t\t\t\t<\/div>\n\t\t\t\t\t<\/div>\n\t\t<\/div>\n\t\t\t\t\t<\/div>\n\t\t<\/section>\n\t\t\t\t<section class=\"elementor-section elementor-top-section elementor-element elementor-element-934e574 elementor-section-boxed elementor-section-height-default elementor-section-height-default\" data-id=\"934e574\" data-element_type=\"section\" data-e-type=\"section\">\n\t\t\t\t\t\t<div class=\"elementor-container elementor-column-gap-default\">\n\t\t\t\t\t<div class=\"elementor-column elementor-col-50 elementor-top-column elementor-element elementor-element-c63e6d8\" data-id=\"c63e6d8\" data-element_type=\"column\" data-e-type=\"column\">\n\t\t\t<div class=\"elementor-widget-wrap\">\n\t\t\t\t\t\t\t<\/div>\n\t\t<\/div>\n\t\t\t\t<div class=\"elementor-column elementor-col-50 elementor-top-column elementor-element elementor-element-062fdca\" data-id=\"062fdca\" data-element_type=\"column\" data-e-type=\"column\">\n\t\t\t<div class=\"elementor-widget-wrap\">\n\t\t\t\t\t\t\t<\/div>\n\t\t<\/div>\n\t\t\t\t\t<\/div>\n\t\t<\/section>\n\t\t\t\t<\/div>","protected":false},"excerpt":{"rendered":"<p>Membrii fondatori V\u0103 invit\u0103m s\u0103 afla\u0163i mai multe detalii despre fondatorii \u015ecolii de avia\u0163ie \u201eMircea Cantacuzino\u201d \u0219i despre rezultatele lor remarcabile. Piloti \u0219i Ingineri \u00cen aceast\u0103 sec\u021biune v\u0103 invit\u0103m sa descoperiti via\u021ba pilo\u021bilor si inginerilor\u00a0\u0218colii de avia\u021bie \u201eMircea Cantacuzino\u201d.<\/p>","protected":false},"author":2,"featured_media":0,"parent":7470,"menu_order":2,"comment_status":"closed","ping_status":"closed","template":"","meta":{"footnotes":""},"class_list":["post-113","page","type-page","status-publish","hentry"],"_links":{"self":[{"href":"https:\/\/aviatie-mircea-cantacuzino.ro\/en\/wp-json\/wp\/v2\/pages\/113","targetHints":{"allow":["GET"]}}],"collection":[{"href":"https:\/\/aviatie-mircea-cantacuzino.ro\/en\/wp-json\/wp\/v2\/pages"}],"about":[{"href":"https:\/\/aviatie-mircea-cantacuzino.ro\/en\/wp-json\/wp\/v2\/types\/page"}],"author":[{"embeddable":true,"href":"https:\/\/aviatie-mircea-cantacuzino.ro\/en\/wp-json\/wp\/v2\/users\/2"}],"replies":[{"embeddable":true,"href":"https:\/\/aviatie-mircea-cantacuzino.ro\/en\/wp-json\/wp\/v2\/comments?post=113"}],"version-history":[{"count":0,"href":"https:\/\/aviatie-mircea-cantacuzino.ro\/en\/wp-json\/wp\/v2\/pages\/113\/revisions"}],"up":[{"embeddable":true,"href":"https:\/\/aviatie-mircea-cantacuzino.ro\/en\/wp-json\/wp\/v2\/pages\/7470"}],"wp:attachment":[{"href":"https:\/\/aviatie-mircea-cantacuzino.ro\/en\/wp-json\/wp\/v2\/media?parent=113"}],"curies":[{"name":"wp","href":"https:\/\/api.w.org\/{rel}","templated":true}]}}